{"id":34030,"date":"2025-07-05T13:50:18","date_gmt":"2025-07-05T11:50:18","guid":{"rendered":"https:\/\/antart.com.pl\/?post_type=product&#038;p=34030"},"modified":"2026-04-01T20:11:32","modified_gmt":"2026-04-01T18:11:32","slug":"vintage-staff-leuchten-single-point-metal-floor-lamp-from-the-1970s","status":"publish","type":"product","link":"https:\/\/antart.com.pl\/en\/produkt\/lampa-podlogowa-jednopunktowa-metalowa-vintage-staff-leuchten-z-lat-70-tych\/","title":{"rendered":"1970s vintage Staff Leuchten single point metal floor lamp"},"content":{"rendered":"<h4 style=\"text-align: center;\"><em><b>1970s vintage Staff Leuchten single point metal floor lamp<\/b><\/em><\/h4>\n<h4 style=\"text-align: center;\"><em>Minimalist single-point floor lamp in black and grey with movable shade.<\/em><\/h4>\n<h4 style=\"text-align: center;\"><em>Manufactured in Germany by Staff Neuchten in the 1970s.<\/em><\/h4>\n<h4 style=\"text-align: center;\"><em>Lamp adjustable up and down.<\/em><\/h4>\n<h4><em><b>Dimensions<\/b><\/em><\/h4>\n<ul>\n<li>\n<h4><em><b>overall height: 151 cm<\/b><\/em><\/h4>\n<\/li>\n<li>\n<h4><em><b>diameter of bases: 27.5 cm<\/b><\/em><\/h4>\n<\/li>\n<li>\n<h4><em><b>diameter of lampshades: 13 cm<\/b><\/em><\/h4>\n<\/li>\n<li>\n<h4><em><b>length of basket: 21 cm<\/b><\/em><\/h4>\n<\/li>\n<\/ul>\n<h4 style=\"text-align: center;\"><em><b>The photos show the actual state before<\/b><\/em><\/h4>\n<h4 style=\"text-align: center;\"><em><b>Additional photos upon request<\/b><\/em><\/h4>\n<h4 style=\"text-align: center;\"><em><b>All our items on display are available in our warehouse<\/b><\/em><\/h4>\n<h4 style=\"text-align: center;\"><em><b>Can be viewed by appointment.<\/b><\/em><\/h4>\n<h4><em>Article no. 3778<\/em><\/h4>","protected":false},"excerpt":{"rendered":"<p>Lampa pod\u0142ogowa jednopunktowa metalowa vintage Staff Leuchten z lat 70-tych Minimalistyczna lampa pod\u0142ogowa jednopunktowa czarno-szara z ruchomym kloszem. Wyprodukowana w Niemczech przez Staffa Neuchtena w latach 70-tych. Lampa regulowana g\u00f3ra-d\u00f3\u0142. Wymiary wysoko\u015b\u0107 ca\u0142kowita: 151 cm \u015brednica podstaw: 27,5 cm \u015brednica kloszy: 13 cm d\u0142ugo\u015b\u0107 kosza: 21 cm Zdj\u0119cia przedstawiaj\u0105 stan faktyczny przed Dodatkowe zdj\u0119cia na [&hellip;]<\/p>\n","protected":false},"featured_media":34044,"template":"","meta":{"_seopress_robots_primary_cat":"","_seopress_titles_title":"","_seopress_titles_desc":"","_seopress_robots_index":"","site-sidebar-layout":"default","site-content-layout":"","ast-site-content-layout":"default","site-content-style":"default","site-sidebar-style":"default","ast-global-header-display":"","ast-banner-title-visibility":"","ast-main-header-display":"","ast-hfb-above-header-display":"","ast-hfb-below-header-display":"","ast-hfb-mobile-header-display":"","site-post-title":"","ast-breadcrumbs-content":"","ast-featured-img":"","footer-sml-layout":"","ast-disable-related-posts":"","theme-transparent-header-meta":"default","adv-header-id-meta":"","stick-header-meta":"default","header-above-stick-meta":"","header-main-stick-meta":"","header-below-stick-meta":"","astra-migrate-meta-layouts":"set","ast-page-background-enabled":"default","ast-page-background-meta":{"desktop":{"background-color":"var(--ast-global-color-4)","background-image":"","background-repeat":"repeat","background-position":"center center","background-size":"auto","background-attachment":"scroll","background-type":"","background-media":"","overlay-type":"","overlay-color":"","overlay-opacity":"","overlay-gradient":""},"tablet":{"background-color":"","background-image":"","background-repeat":"repeat","background-position":"center center","background-size":"auto","background-attachment":"scroll","background-type":"","background-media":"","overlay-type":"","overlay-color":"","overlay-opacity":"","overlay-gradient":""},"mobile":{"background-color":"","background-image":"","background-repeat":"repeat","background-position":"center center","background-size":"auto","background-attachment":"scroll","background-type":"","background-media":"","overlay-type":"","overlay-color":"","overlay-opacity":"","overlay-gradient":""}},"ast-content-background-meta":{"desktop":{"background-color":"var(--ast-global-color-5)","background-image":"","background-repeat":"repeat","background-position":"center center","background-size":"auto","background-attachment":"scroll","background-type":"","background-media":"","overlay-type":"","overlay-color":"","overlay-opacity":"","overlay-gradient":""},"tablet":{"background-color":"var(--ast-global-color-5)","background-image":"","background-repeat":"repeat","background-position":"center center","background-size":"auto","background-attachment":"scroll","background-type":"","background-media":"","overlay-type":"","overlay-color":"","overlay-opacity":"","overlay-gradient":""},"mobile":{"background-color":"var(--ast-global-color-5)","background-image":"","background-repeat":"repeat","background-position":"center center","background-size":"auto","background-attachment":"scroll","background-type":"","background-media":"","overlay-type":"","overlay-color":"","overlay-opacity":"","overlay-gradient":""}}},"product_brand":[],"product_cat":[52,30],"product_tag":[],"class_list":{"0":"post-34030","1":"product","2":"type-product","3":"status-publish","4":"has-post-thumbnail","6":"product_cat-lampy-stojace","7":"product_cat-oswietlenie","8":"product_shipping_class-wysylka-40zl","9":"desktop-align-left","10":"tablet-align-left","11":"mobile-align-left","12":"ast-product-gallery-layout-vertical-slider","13":"ast-product-tabs-layout-horizontal","14":"ast-qv-on-image","16":"first","17":"instock","18":"sale","19":"sold-individually","20":"shipping-taxable","21":"purchasable","22":"product-type-simple"},"_links":{"self":[{"href":"https:\/\/antart.com.pl\/en\/wp-json\/wp\/v2\/product\/34030","targetHints":{"allow":["GET"]}}],"collection":[{"href":"https:\/\/antart.com.pl\/en\/wp-json\/wp\/v2\/product"}],"about":[{"href":"https:\/\/antart.com.pl\/en\/wp-json\/wp\/v2\/types\/product"}],"wp:featuredmedia":[{"embeddable":true,"href":"https:\/\/antart.com.pl\/en\/wp-json\/wp\/v2\/media\/34044"}],"wp:attachment":[{"href":"https:\/\/antart.com.pl\/en\/wp-json\/wp\/v2\/media?parent=34030"}],"wp:term":[{"taxonomy":"product_brand","embeddable":true,"href":"https:\/\/antart.com.pl\/en\/wp-json\/wp\/v2\/product_brand?post=34030"},{"taxonomy":"product_cat","embeddable":true,"href":"https:\/\/antart.com.pl\/en\/wp-json\/wp\/v2\/product_cat?post=34030"},{"taxonomy":"product_tag","embeddable":true,"href":"https:\/\/antart.com.pl\/en\/wp-json\/wp\/v2\/product_tag?post=34030"}],"curies":[{"name":"wp","href":"https:\/\/api.w.org\/{rel}","templated":true}]}}