{"id":34737,"date":"2025-07-10T12:04:02","date_gmt":"2025-07-10T10:04:02","guid":{"rendered":"https:\/\/antart.com.pl\/?post_type=product&#038;p=34737"},"modified":"2026-04-01T20:18:56","modified_gmt":"2026-04-01T18:18:56","slug":"retro-vintage-copper-vase-jug","status":"publish","type":"product","link":"https:\/\/antart.com.pl\/en\/produkt\/dzbanek-wazon-miedziany-w-stylu-retro-vintage\/","title":{"rendered":"Jug, copper vase in retro\/vintage style"},"content":{"rendered":"<h4 style=\"text-align: center;\"><b>A retro\/vintage style jug, vase, made of copper, which gives it an elegant, warm metallic sheen. It has an elongated, slender shape with a flared base and a gently angled spout. The object has a simple metal handle. The jug has scratches.\u00a0<\/b><\/h4>\n<h4><\/h4>\n<h4><b>Dimensions\u00a0<\/b><\/h4>\n<ul>\n<li>\n<h4><b>Height: 26.5cm.\u00a0<\/b><\/h4>\n<\/li>\n<li>\n<h4><b>Filler diameter: 6.5cm.\u00a0<\/b><\/h4>\n<\/li>\n<li>\n<h4><b>Base diameter: 8cm.\u00a0<\/b><\/h4>\n<\/li>\n<\/ul>\n<h4 style=\"text-align: center;\"><b>The photos show the actual state of the object<\/b><\/h4>\n<h4 style=\"text-align: center;\"><b>Additional photos upon request<\/b><\/h4>\n<h4 style=\"text-align: center;\"><b>All our items on display are available in our warehouse.<\/b><\/h4>\n<h4 style=\"text-align: center;\"><b>Can be viewed by appointment.<\/b><\/h4>\n<h4><\/h4>\n<h4><b>No.5096<\/b><\/h4>","protected":false},"excerpt":{"rendered":"<p>Dzbanek, wazon w stylu retro\/vintage, wykonany z miedzi, co nadaje mu elegancki, ciep\u0142y, metaliczny po\u0142ysk. Ma wyd\u0142u\u017cony, smuk\u0142y kszta\u0142t z rozszerzon\u0105 podstaw\u0105 i delikatnie uko\u015bnym wylotem. Przedmiot posiada prosty, metalowy uchwyt. Dzbanek ma zarysowania.\u00a0 Wymiary\u00a0 Wysoko\u015b\u0107: 26,5cm.\u00a0 \u015arednica wlewu: 6,5cm.\u00a0 \u015arednica podstawy: 8cm.\u00a0 Zdj\u0119cia przedstawiaj\u0105 stan faktyczny przedmiotu Dodatkowe zdj\u0119cia na pro\u015bb\u0119 zainteresowanych Wszystkie nasze [&hellip;]<\/p>\n","protected":false},"featured_media":34393,"template":"","meta":{"_seopress_robots_primary_cat":"","_seopress_titles_title":"","_seopress_titles_desc":"","_seopress_robots_index":"","site-sidebar-layout":"default","site-content-layout":"","ast-site-content-layout":"default","site-content-style":"default","site-sidebar-style":"default","ast-global-header-display":"","ast-banner-title-visibility":"","ast-main-header-display":"","ast-hfb-above-header-display":"","ast-hfb-below-header-display":"","ast-hfb-mobile-header-display":"","site-post-title":"","ast-breadcrumbs-content":"","ast-featured-img":"","footer-sml-layout":"","ast-disable-related-posts":"","theme-transparent-header-meta":"default","adv-header-id-meta":"","stick-header-meta":"default","header-above-stick-meta":"","header-main-stick-meta":"","header-below-stick-meta":"","astra-migrate-meta-layouts":"set","ast-page-background-enabled":"default","ast-page-background-meta":{"desktop":{"background-color":"var(--ast-global-color-4)","background-image":"","background-repeat":"repeat","background-position":"center center","background-size":"auto","background-attachment":"scroll","background-type":"","background-media":"","overlay-type":"","overlay-color":"","overlay-opacity":"","overlay-gradient":""},"tablet":{"background-color":"","background-image":"","background-repeat":"repeat","background-position":"center center","background-size":"auto","background-attachment":"scroll","background-type":"","background-media":"","overlay-type":"","overlay-color":"","overlay-opacity":"","overlay-gradient":""},"mobile":{"background-color":"","background-image":"","background-repeat":"repeat","background-position":"center center","background-size":"auto","background-attachment":"scroll","background-type":"","background-media":"","overlay-type":"","overlay-color":"","overlay-opacity":"","overlay-gradient":""}},"ast-content-background-meta":{"desktop":{"background-color":"var(--ast-global-color-5)","background-image":"","background-repeat":"repeat","background-position":"center center","background-size":"auto","background-attachment":"scroll","background-type":"","background-media":"","overlay-type":"","overlay-color":"","overlay-opacity":"","overlay-gradient":""},"tablet":{"background-color":"var(--ast-global-color-5)","background-image":"","background-repeat":"repeat","background-position":"center center","background-size":"auto","background-attachment":"scroll","background-type":"","background-media":"","overlay-type":"","overlay-color":"","overlay-opacity":"","overlay-gradient":""},"mobile":{"background-color":"var(--ast-global-color-5)","background-image":"","background-repeat":"repeat","background-position":"center center","background-size":"auto","background-attachment":"scroll","background-type":"","background-media":"","overlay-type":"","overlay-color":"","overlay-opacity":"","overlay-gradient":""}}},"product_brand":[],"product_cat":[27,70,24,112],"product_tag":[],"class_list":{"0":"post-34737","1":"product","2":"type-product","3":"status-publish","4":"has-post-thumbnail","6":"product_cat-dekoracyjne","7":"product_cat-dzbanki","8":"product_cat-kuchnia","9":"product_cat-miedz","10":"product_shipping_class-wysylka-19zl","11":"desktop-align-left","12":"tablet-align-left","13":"mobile-align-left","14":"ast-product-gallery-layout-vertical-slider","15":"ast-product-tabs-layout-horizontal","16":"ast-qv-on-image","18":"first","19":"instock","20":"sale","21":"sold-individually","22":"shipping-taxable","23":"purchasable","24":"product-type-simple"},"_links":{"self":[{"href":"https:\/\/antart.com.pl\/en\/wp-json\/wp\/v2\/product\/34737","targetHints":{"allow":["GET"]}}],"collection":[{"href":"https:\/\/antart.com.pl\/en\/wp-json\/wp\/v2\/product"}],"about":[{"href":"https:\/\/antart.com.pl\/en\/wp-json\/wp\/v2\/types\/product"}],"wp:featuredmedia":[{"embeddable":true,"href":"https:\/\/antart.com.pl\/en\/wp-json\/wp\/v2\/media\/34393"}],"wp:attachment":[{"href":"https:\/\/antart.com.pl\/en\/wp-json\/wp\/v2\/media?parent=34737"}],"wp:term":[{"taxonomy":"product_brand","embeddable":true,"href":"https:\/\/antart.com.pl\/en\/wp-json\/wp\/v2\/product_brand?post=34737"},{"taxonomy":"product_cat","embeddable":true,"href":"https:\/\/antart.com.pl\/en\/wp-json\/wp\/v2\/product_cat?post=34737"},{"taxonomy":"product_tag","embeddable":true,"href":"https:\/\/antart.com.pl\/en\/wp-json\/wp\/v2\/product_tag?post=34737"}],"curies":[{"name":"wp","href":"https:\/\/api.w.org\/{rel}","templated":true}]}}