{"id":34752,"date":"2025-07-10T13:57:55","date_gmt":"2025-07-10T11:57:55","guid":{"rendered":"https:\/\/antart.com.pl\/?post_type=product&#038;p=34752"},"modified":"2026-04-01T20:18:54","modified_gmt":"2026-04-01T18:18:54","slug":"vase-antique-minton-bicentenary","status":"publish","type":"product","link":"https:\/\/antart.com.pl\/en\/produkt\/wazon-zabytkowy-minton-bicentenary\/","title":{"rendered":"Minton Bicentenary vintage vase"},"content":{"rendered":"<h4 style=\"text-align: center;\"><em><b>Covered vase, vintage , minton bicentenary rose basket twin handled vase made of white porcelain. The vase features rich decoration, including motifs of colourful flowers and decorative elements in shades of turquoise and gold. The vase presents a classic and elegant style.\u00a0<\/b><\/em><\/h4>\n<h4><\/h4>\n<h4><em><b>Dimensions\u00a0<\/b><\/em><\/h4>\n<ul>\n<li>\n<h4><em><b>Height: 38.5cm.\u00a0<\/b><\/em><\/h4>\n<\/li>\n<li>\n<h4><em><b>Belly width: 13.5cm.\u00a0<\/b><\/em><\/h4>\n<\/li>\n<li>\n<h4><em><b>Base diameter: 10cm.\u00a0<\/b><\/em><\/h4>\n<\/li>\n<li>\n<h4><em><b>Top diameter: 7.5cm.\u00a0<\/b><\/em><\/h4>\n<\/li>\n<\/ul>\n<h4 style=\"text-align: center;\"><em><b>The photos show the actual state of the object<\/b><\/em><\/h4>\n<h4 style=\"text-align: center;\"><em><b>Additional photos upon request<\/b><\/em><\/h4>\n<h4 style=\"text-align: center;\"><em><b>All our items on display are available in our warehouse.<\/b><\/em><\/h4>\n<h4 style=\"text-align: center;\"><em><b>Can be viewed by appointment.<\/b><\/em><\/h4>\n<h4><\/h4>\n<h4><em><b>No. 5112<\/b><\/em><\/h4>","protected":false},"excerpt":{"rendered":"<p>Wazon z przykryciem, zabytkowy , minton bicentenary rose basket twin handled vase wykonany z bia\u0142ej porcelany. Wazon charakteryzuje si\u0119 bogatymi zdobieniami, w tym motywami kolorowych kwiat\u00f3w oraz dekoracyjnymi elementami w odcieniach turkusu i z\u0142ota. Wazon prezentuje klasyczny i elegancki styl.\u00a0 Wymiary\u00a0 Wysoko\u015b\u0107: 38,5cm.\u00a0 Szeroko\u015b\u0107 brzu\u015bca: 13,5cm.\u00a0 \u015arednica podstawy: 10cm.\u00a0 \u015arednica g\u00f3rna: 7,5cm.\u00a0 Zdj\u0119cia przedstawiaj\u0105 stan [&hellip;]<\/p>\n","protected":false},"featured_media":34478,"template":"","meta":{"_seopress_robots_primary_cat":"","_seopress_titles_title":"","_seopress_titles_desc":"","_seopress_robots_index":"","site-sidebar-layout":"default","site-content-layout":"","ast-site-content-layout":"default","site-content-style":"default","site-sidebar-style":"default","ast-global-header-display":"","ast-banner-title-visibility":"","ast-main-header-display":"","ast-hfb-above-header-display":"","ast-hfb-below-header-display":"","ast-hfb-mobile-header-display":"","site-post-title":"","ast-breadcrumbs-content":"","ast-featured-img":"","footer-sml-layout":"","ast-disable-related-posts":"","theme-transparent-header-meta":"default","adv-header-id-meta":"","stick-header-meta":"default","header-above-stick-meta":"","header-main-stick-meta":"","header-below-stick-meta":"","astra-migrate-meta-layouts":"set","ast-page-background-enabled":"default","ast-page-background-meta":{"desktop":{"background-color":"var(--ast-global-color-4)","background-image":"","background-repeat":"repeat","background-position":"center center","background-size":"auto","background-attachment":"scroll","background-type":"","background-media":"","overlay-type":"","overlay-color":"","overlay-opacity":"","overlay-gradient":""},"tablet":{"background-color":"","background-image":"","background-repeat":"repeat","background-position":"center center","background-size":"auto","background-attachment":"scroll","background-type":"","background-media":"","overlay-type":"","overlay-color":"","overlay-opacity":"","overlay-gradient":""},"mobile":{"background-color":"","background-image":"","background-repeat":"repeat","background-position":"center center","background-size":"auto","background-attachment":"scroll","background-type":"","background-media":"","overlay-type":"","overlay-color":"","overlay-opacity":"","overlay-gradient":""}},"ast-content-background-meta":{"desktop":{"background-color":"var(--ast-global-color-5)","background-image":"","background-repeat":"repeat","background-position":"center center","background-size":"auto","background-attachment":"scroll","background-type":"","background-media":"","overlay-type":"","overlay-color":"","overlay-opacity":"","overlay-gradient":""},"tablet":{"background-color":"var(--ast-global-color-5)","background-image":"","background-repeat":"repeat","background-position":"center center","background-size":"auto","background-attachment":"scroll","background-type":"","background-media":"","overlay-type":"","overlay-color":"","overlay-opacity":"","overlay-gradient":""},"mobile":{"background-color":"var(--ast-global-color-5)","background-image":"","background-repeat":"repeat","background-position":"center center","background-size":"auto","background-attachment":"scroll","background-type":"","background-media":"","overlay-type":"","overlay-color":"","overlay-opacity":"","overlay-gradient":""}}},"product_brand":[],"product_cat":[27,71],"product_tag":[],"class_list":{"0":"post-34752","1":"product","2":"type-product","3":"status-publish","4":"has-post-thumbnail","6":"product_cat-dekoracyjne","7":"product_cat-wazony","8":"product_shipping_class-wysylka-19zl","9":"desktop-align-left","10":"tablet-align-left","11":"mobile-align-left","12":"ast-product-gallery-layout-vertical-slider","13":"ast-product-tabs-layout-horizontal","14":"ast-qv-on-image","16":"first","17":"instock","18":"sale","19":"sold-individually","20":"shipping-taxable","21":"purchasable","22":"product-type-simple"},"_links":{"self":[{"href":"https:\/\/antart.com.pl\/en\/wp-json\/wp\/v2\/product\/34752","targetHints":{"allow":["GET"]}}],"collection":[{"href":"https:\/\/antart.com.pl\/en\/wp-json\/wp\/v2\/product"}],"about":[{"href":"https:\/\/antart.com.pl\/en\/wp-json\/wp\/v2\/types\/product"}],"wp:featuredmedia":[{"embeddable":true,"href":"https:\/\/antart.com.pl\/en\/wp-json\/wp\/v2\/media\/34478"}],"wp:attachment":[{"href":"https:\/\/antart.com.pl\/en\/wp-json\/wp\/v2\/media?parent=34752"}],"wp:term":[{"taxonomy":"product_brand","embeddable":true,"href":"https:\/\/antart.com.pl\/en\/wp-json\/wp\/v2\/product_brand?post=34752"},{"taxonomy":"product_cat","embeddable":true,"href":"https:\/\/antart.com.pl\/en\/wp-json\/wp\/v2\/product_cat?post=34752"},{"taxonomy":"product_tag","embeddable":true,"href":"https:\/\/antart.com.pl\/en\/wp-json\/wp\/v2\/product_tag?post=34752"}],"curies":[{"name":"wp","href":"https:\/\/api.w.org\/{rel}","templated":true}]}}