{"id":35104,"date":"2025-07-12T20:11:07","date_gmt":"2025-07-12T18:11:07","guid":{"rendered":"https:\/\/antart.com.pl\/?post_type=product&#038;p=35104"},"modified":"2026-04-01T20:34:37","modified_gmt":"2026-04-01T18:34:37","slug":"heilag-wooden-desk-from-the-50s-60s","status":"publish","type":"product","link":"https:\/\/antart.com.pl\/en\/produkt\/stolik-biurko-drewniane-heilag-z-lat-50-60-tych\/","title":{"rendered":"Table, wooden Heilag desk from the 1950s\/60s"},"content":{"rendered":"<h4 style=\"text-align: center;\"><em><b>Table, wooden Heilag desk from the 1950s\/60s<\/b><\/em><\/h4>\n<h4 style=\"text-align: center;\"><em>The desk, a vintage-style table from the 1950s\/60s was found in many children's rooms.<\/em><\/h4>\n<h4 style=\"text-align: center;\"><em>Table by Heilag.<\/em><\/h4>\n<h4 style=\"text-align: center;\"><em>The set shows signs of time.<\/em><\/h4>\n<h4 style=\"text-align: center;\"><\/h4>\n<h4><em><b>Dimensions<\/b><\/em><\/h4>\n<h4><em><b>Desk<\/b><\/em><\/h4>\n<ul>\n<li>\n<h4><em>length: 70.5cm<\/em><\/h4>\n<\/li>\n<li>\n<h4><em>width: 51.5 cm<\/em><\/h4>\n<\/li>\n<li>\n<h4><em>height: 59.5cm<\/em><\/h4>\n<\/li>\n<\/ul>\n<h4><em><b>Drawer<\/b><\/em><\/h4>\n<ul>\n<li>\n<h4><em>length: 41.5cm<\/em><\/h4>\n<\/li>\n<li>\n<h4><em>width: 35.5 cm<\/em><\/h4>\n<\/li>\n<li>\n<h4><em>height: 7cm<\/em><\/h4>\n<\/li>\n<\/ul>\n<h4><em><b>Chair<\/b><\/em><\/h4>\n<ul>\n<li>\n<h4><em>length: 33.5cm<\/em><\/h4>\n<\/li>\n<li>\n<h4><em>width: 33.5 cm<\/em><\/h4>\n<\/li>\n<li>\n<h4><em>height: 64cm<\/em><\/h4>\n<\/li>\n<li>\n<h4><em>height to seat: 38cm<\/em><\/h4>\n<\/li>\n<\/ul>\n<h4><\/h4>\n<h4 style=\"text-align: center;\"><em><b>The photos show the actual state of the object<\/b><\/em><\/h4>\n<h4 style=\"text-align: center;\"><em><b>Additional photos upon request<\/b><\/em><\/h4>\n<h4 style=\"text-align: center;\"><em><b>All our items on display are available in our warehouse.<\/b><\/em><\/h4>\n<h4 style=\"text-align: center;\"><em><b>Can be viewed by appointment.<\/b><\/em><\/h4>\n<h4><em><b>NO. ART 3791<\/b><\/em><\/h4>","protected":false},"excerpt":{"rendered":"<p>Stolik, biurko drewniane Heilag z lat 50\/60-tych Biurko, stolik w stylu vintage z lat 50\/60-tych znajdowa\u0142o si\u0119 w wielu pokojach dziecinnych. Stolik firmy Heilag. Komplet posiada oznaki \u015blady czasu. Wymiary Biurko d\u0142ugo\u015b\u0107: 70,5cm szeroko\u015b\u0107: 51,5 cm wysoko\u015b\u0107: 59,5cm Szuflada d\u0142ugo\u015b\u0107: 41,5cm szeroko\u015b\u0107: 35,5 cm wysoko\u015b\u0107: 7cm Krzes\u0142o d\u0142ugo\u015b\u0107: 33,5cm szeroko\u015b\u0107: 33,5 cm wysoko\u015b\u0107: 64cm wysoko\u015b\u0107 [&hellip;]<\/p>\n","protected":false},"featured_media":34894,"template":"","meta":{"_seopress_robots_primary_cat":"","_seopress_titles_title":"","_seopress_titles_desc":"","_seopress_robots_index":"","site-sidebar-layout":"default","site-content-layout":"","ast-site-content-layout":"default","site-content-style":"default","site-sidebar-style":"default","ast-global-header-display":"","ast-banner-title-visibility":"","ast-main-header-display":"","ast-hfb-above-header-display":"","ast-hfb-below-header-display":"","ast-hfb-mobile-header-display":"","site-post-title":"","ast-breadcrumbs-content":"","ast-featured-img":"","footer-sml-layout":"","ast-disable-related-posts":"","theme-transparent-header-meta":"default","adv-header-id-meta":"","stick-header-meta":"default","header-above-stick-meta":"","header-main-stick-meta":"","header-below-stick-meta":"","astra-migrate-meta-layouts":"set","ast-page-background-enabled":"default","ast-page-background-meta":{"desktop":{"background-color":"var(--ast-global-color-4)","background-image":"","background-repeat":"repeat","background-position":"center center","background-size":"auto","background-attachment":"scroll","background-type":"","background-media":"","overlay-type":"","overlay-color":"","overlay-opacity":"","overlay-gradient":""},"tablet":{"background-color":"","background-image":"","background-repeat":"repeat","background-position":"center center","background-size":"auto","background-attachment":"scroll","background-type":"","background-media":"","overlay-type":"","overlay-color":"","overlay-opacity":"","overlay-gradient":""},"mobile":{"background-color":"","background-image":"","background-repeat":"repeat","background-position":"center center","background-size":"auto","background-attachment":"scroll","background-type":"","background-media":"","overlay-type":"","overlay-color":"","overlay-opacity":"","overlay-gradient":""}},"ast-content-background-meta":{"desktop":{"background-color":"var(--ast-global-color-5)","background-image":"","background-repeat":"repeat","background-position":"center center","background-size":"auto","background-attachment":"scroll","background-type":"","background-media":"","overlay-type":"","overlay-color":"","overlay-opacity":"","overlay-gradient":""},"tablet":{"background-color":"var(--ast-global-color-5)","background-image":"","background-repeat":"repeat","background-position":"center center","background-size":"auto","background-attachment":"scroll","background-type":"","background-media":"","overlay-type":"","overlay-color":"","overlay-opacity":"","overlay-gradient":""},"mobile":{"background-color":"var(--ast-global-color-5)","background-image":"","background-repeat":"repeat","background-position":"center center","background-size":"auto","background-attachment":"scroll","background-type":"","background-media":"","overlay-type":"","overlay-color":"","overlay-opacity":"","overlay-gradient":""}}},"product_brand":[],"product_cat":[55,32,33],"product_tag":[],"class_list":{"0":"post-35104","1":"product","2":"type-product","3":"status-publish","4":"has-post-thumbnail","6":"product_cat-biurka-sekretery","7":"product_cat-meble","8":"product_cat-stoly-stoliki","9":"product_shipping_class-wysylka-40zl","10":"desktop-align-left","11":"tablet-align-left","12":"mobile-align-left","13":"ast-product-gallery-layout-vertical-slider","14":"ast-product-tabs-layout-horizontal","15":"ast-qv-on-image","17":"first","18":"instock","19":"sale","20":"sold-individually","21":"shipping-taxable","22":"purchasable","23":"product-type-simple"},"_links":{"self":[{"href":"https:\/\/antart.com.pl\/en\/wp-json\/wp\/v2\/product\/35104","targetHints":{"allow":["GET"]}}],"collection":[{"href":"https:\/\/antart.com.pl\/en\/wp-json\/wp\/v2\/product"}],"about":[{"href":"https:\/\/antart.com.pl\/en\/wp-json\/wp\/v2\/types\/product"}],"wp:featuredmedia":[{"embeddable":true,"href":"https:\/\/antart.com.pl\/en\/wp-json\/wp\/v2\/media\/34894"}],"wp:attachment":[{"href":"https:\/\/antart.com.pl\/en\/wp-json\/wp\/v2\/media?parent=35104"}],"wp:term":[{"taxonomy":"product_brand","embeddable":true,"href":"https:\/\/antart.com.pl\/en\/wp-json\/wp\/v2\/product_brand?post=35104"},{"taxonomy":"product_cat","embeddable":true,"href":"https:\/\/antart.com.pl\/en\/wp-json\/wp\/v2\/product_cat?post=35104"},{"taxonomy":"product_tag","embeddable":true,"href":"https:\/\/antart.com.pl\/en\/wp-json\/wp\/v2\/product_tag?post=35104"}],"curies":[{"name":"wp","href":"https:\/\/api.w.org\/{rel}","templated":true}]}}