{"id":35767,"date":"2025-07-20T10:36:11","date_gmt":"2025-07-20T08:36:11","guid":{"rendered":"https:\/\/antart.com.pl\/?post_type=product&#038;p=35767"},"modified":"2026-04-01T20:06:51","modified_gmt":"2026-04-01T18:06:51","slug":"stylish-sideboard-in-solid-oak-wood","status":"publish","type":"product","link":"https:\/\/antart.com.pl\/en\/produkt\/stylowa-witryna-kredens-z-litego-drewna-debowego\/","title":{"rendered":"Stylish display cabinet, solid oak sideboard"},"content":{"rendered":"<h4 style=\"text-align: center;\"><em><strong>Stylish display cabinet, solid oak sideboard<\/strong><\/em><\/h4>\n<h4 style=\"text-align: center;\"><em><strong>A sideboard made in the classic style from solid oak wood.<\/strong><\/em><\/h4>\n<p>&nbsp;<\/p>\n<h4><em><strong>The sideboard is very functional:<\/strong><\/em><\/h4>\n<ul>\n<li>\n<h4><em><strong>5 closed shelves<\/strong><\/em><\/h4>\n<\/li>\n<li>\n<h4><em><strong>4 drawers<\/strong><\/em><\/h4>\n<\/li>\n<li>\n<h4><em><strong>glazed middle part<\/strong><\/em><\/h4>\n<\/li>\n<li>\n<h4><em><strong>the open part<\/strong><\/em><\/h4>\n<\/li>\n<\/ul>\n<h4 style=\"text-align: center;\"><em><strong>The sideboard consists of two glazed upper parts and a lower part with a cabinet with drawer.<\/strong><\/em><\/h4>\n<p>&nbsp;<\/p>\n<h4><em><strong>Dimensions:<\/strong><\/em><\/h4>\n<ul>\n<li>\n<h4><em><strong>height: 220 cm<\/strong><\/em><\/h4>\n<\/li>\n<li>\n<h4><em><strong>width: 240cm<\/strong><\/em><\/h4>\n<\/li>\n<li>\n<h4><em><strong>depth: 50 cm<\/strong><\/em><\/h4>\n<\/li>\n<\/ul>\n<h4 style=\"text-align: center;\"><em><strong>The photos show the actual state of the object<\/strong><\/em><\/h4>\n<h4 style=\"text-align: center;\"><em><strong>Additional photos upon request<\/strong><\/em><\/h4>\n<h4 style=\"text-align: center;\"><em><strong>All our items on display are available in our warehouse.<\/strong><\/em><\/h4>\n<h4 style=\"text-align: center;\"><em><strong>Can be viewed by appointment.<\/strong><\/em><\/h4>\n<h4><em><strong>No. 3905<\/strong><\/em><\/h4>","protected":false},"excerpt":{"rendered":"<p>Stylowa witryna, kredens z litego drewna d\u0119bowego Kredens wykonany w stylu klasycznym z litego drewna d\u0119bowego. &nbsp; Kredens bardzo funkcjonalny posiada: 5 p\u00f3\u0142ek zamkni\u0119tych 4 szuflady \u015brodkow\u0105 cze\u015b\u0107 zaszklon\u0105 cz\u0119\u015b\u0107 otwart\u0105 Kredens sk\u0142ada si\u0119 z dw\u00f3ch cz\u0119\u015bci g\u00f3rnej zaszklonej i dolnej z szafk\u0105 z szuflad\u0105. &nbsp; Wymiary: wysoko\u015b\u0107: 220 cm szeroko\u015b\u0107: 240cm g\u0142\u0119boko\u015b\u0107: 50 cm [&hellip;]<\/p>\n","protected":false},"featured_media":35840,"template":"","meta":{"_seopress_robots_primary_cat":"","_seopress_titles_title":"","_seopress_titles_desc":"","_seopress_robots_index":"","site-sidebar-layout":"default","site-content-layout":"","ast-site-content-layout":"default","site-content-style":"default","site-sidebar-style":"default","ast-global-header-display":"","ast-banner-title-visibility":"","ast-main-header-display":"","ast-hfb-above-header-display":"","ast-hfb-below-header-display":"","ast-hfb-mobile-header-display":"","site-post-title":"","ast-breadcrumbs-content":"","ast-featured-img":"","footer-sml-layout":"","ast-disable-related-posts":"","theme-transparent-header-meta":"default","adv-header-id-meta":"","stick-header-meta":"default","header-above-stick-meta":"","header-main-stick-meta":"","header-below-stick-meta":"","astra-migrate-meta-layouts":"set","ast-page-background-enabled":"default","ast-page-background-meta":{"desktop":{"background-color":"var(--ast-global-color-4)","background-image":"","background-repeat":"repeat","background-position":"center center","background-size":"auto","background-attachment":"scroll","background-type":"","background-media":"","overlay-type":"","overlay-color":"","overlay-opacity":"","overlay-gradient":""},"tablet":{"background-color":"","background-image":"","background-repeat":"repeat","background-position":"center center","background-size":"auto","background-attachment":"scroll","background-type":"","background-media":"","overlay-type":"","overlay-color":"","overlay-opacity":"","overlay-gradient":""},"mobile":{"background-color":"","background-image":"","background-repeat":"repeat","background-position":"center center","background-size":"auto","background-attachment":"scroll","background-type":"","background-media":"","overlay-type":"","overlay-color":"","overlay-opacity":"","overlay-gradient":""}},"ast-content-background-meta":{"desktop":{"background-color":"var(--ast-global-color-5)","background-image":"","background-repeat":"repeat","background-position":"center center","background-size":"auto","background-attachment":"scroll","background-type":"","background-media":"","overlay-type":"","overlay-color":"","overlay-opacity":"","overlay-gradient":""},"tablet":{"background-color":"var(--ast-global-color-5)","background-image":"","background-repeat":"repeat","background-position":"center center","background-size":"auto","background-attachment":"scroll","background-type":"","background-media":"","overlay-type":"","overlay-color":"","overlay-opacity":"","overlay-gradient":""},"mobile":{"background-color":"var(--ast-global-color-5)","background-image":"","background-repeat":"repeat","background-position":"center center","background-size":"auto","background-attachment":"scroll","background-type":"","background-media":"","overlay-type":"","overlay-color":"","overlay-opacity":"","overlay-gradient":""}}},"product_brand":[],"product_cat":[32,79],"product_tag":[],"class_list":{"0":"post-35767","1":"product","2":"type-product","3":"status-publish","4":"has-post-thumbnail","6":"product_cat-meble","7":"product_cat-serwantki-witryny","8":"product_shipping_class-osobisty","9":"desktop-align-left","10":"tablet-align-left","11":"mobile-align-left","12":"ast-product-gallery-layout-vertical-slider","13":"ast-product-tabs-layout-horizontal","14":"ast-qv-on-image","16":"first","17":"instock","18":"sale","19":"sold-individually","20":"shipping-taxable","21":"purchasable","22":"product-type-simple"},"_links":{"self":[{"href":"https:\/\/antart.com.pl\/en\/wp-json\/wp\/v2\/product\/35767","targetHints":{"allow":["GET"]}}],"collection":[{"href":"https:\/\/antart.com.pl\/en\/wp-json\/wp\/v2\/product"}],"about":[{"href":"https:\/\/antart.com.pl\/en\/wp-json\/wp\/v2\/types\/product"}],"wp:featuredmedia":[{"embeddable":true,"href":"https:\/\/antart.com.pl\/en\/wp-json\/wp\/v2\/media\/35840"}],"wp:attachment":[{"href":"https:\/\/antart.com.pl\/en\/wp-json\/wp\/v2\/media?parent=35767"}],"wp:term":[{"taxonomy":"product_brand","embeddable":true,"href":"https:\/\/antart.com.pl\/en\/wp-json\/wp\/v2\/product_brand?post=35767"},{"taxonomy":"product_cat","embeddable":true,"href":"https:\/\/antart.com.pl\/en\/wp-json\/wp\/v2\/product_cat?post=35767"},{"taxonomy":"product_tag","embeddable":true,"href":"https:\/\/antart.com.pl\/en\/wp-json\/wp\/v2\/product_tag?post=35767"}],"curies":[{"name":"wp","href":"https:\/\/api.w.org\/{rel}","templated":true}]}}