{"id":35841,"date":"2025-07-20T11:02:55","date_gmt":"2025-07-20T09:02:55","guid":{"rendered":"https:\/\/antart.com.pl\/?post_type=product&#038;p=35841"},"modified":"2026-04-01T20:06:50","modified_gmt":"2026-04-01T18:06:50","slug":"stylish-tv-cabinet-movable-solid-oak-top","status":"publish","type":"product","link":"https:\/\/antart.com.pl\/en\/produkt\/stylowa-szafka-rtv-pod-telewizor-ruchomy-blat-z-litego-drewna-debowego\/","title":{"rendered":"Stylish rtv cabinet, under the TV, movable top in solid oak wood"},"content":{"rendered":"<h4 style=\"text-align: center;\"><em><b>Stylish rtv cabinet, under the TV, movable top in solid oak wood<\/b><\/em><\/h4>\n<h4 style=\"text-align: center;\"><em>A cabinet made in the classic style of solid oak wood.<\/em><\/h4>\n<h4 style=\"text-align: center;\"><em>Carved cabinet on strong spherical legs.<\/em><\/h4>\n<h4 style=\"text-align: center;\"><em>Space in side cabinets for CDs<\/em><\/h4>\n<h4 style=\"text-align: center;\"><em>In the centre section, a cupboard with a shelf.<\/em><\/h4>\n<h4 style=\"text-align: center;\"><em>Cabinet top movable in both directions and the top can be extended forwards.<\/em><\/h4>\n<p>&nbsp;<\/p>\n<h4><em><b>Dimensions:<\/b><\/em><\/h4>\n<ul>\n<li>\n<h4><em>height: 78 cm<\/em><\/h4>\n<\/li>\n<li>\n<h4><em>width: 94cm<\/em><\/h4>\n<\/li>\n<li>\n<h4><em>depth: 50 cm<\/em><\/h4>\n<\/li>\n<\/ul>\n<h4 style=\"text-align: center;\"><em><b>The photos show the actual state of the object<\/b><\/em><\/h4>\n<h4 style=\"text-align: center;\"><em><b>Additional photos upon request<\/b><\/em><\/h4>\n<h4 style=\"text-align: center;\"><em><b>All our items on display are available in our warehouse.<\/b><\/em><\/h4>\n<h4 style=\"text-align: center;\"><em><b>Can be viewed by appointment.<\/b><\/em><\/h4>\n<h4><em><b>No. 3906<\/b><\/em><\/h4>","protected":false},"excerpt":{"rendered":"<p>Stylowa szafka rtv, pod telewizor, ruchomy blat z litego drewna d\u0119bowego Szafka wykonany w stylu klasycznym z litego drewna d\u0119bowego. Szafka rze\u017abiona na mocnych kulistych nogach. W bocznych szafkach miejsce na p\u0142yty CD W cz\u0119\u015bci \u015brodkowej szafka z p\u00f3\u0142k\u0105. Blat szafki ruchomy w obie strony oraz mo\u017cliwo\u015b\u0107 wysuni\u0119cia blatu do przodu. &nbsp; Wymiary: wysoko\u015b\u0107: 78 [&hellip;]<\/p>\n","protected":false},"featured_media":35769,"template":"","meta":{"_seopress_robots_primary_cat":"","_seopress_titles_title":"","_seopress_titles_desc":"","_seopress_robots_index":"","site-sidebar-layout":"default","site-content-layout":"","ast-site-content-layout":"default","site-content-style":"default","site-sidebar-style":"default","ast-global-header-display":"","ast-banner-title-visibility":"","ast-main-header-display":"","ast-hfb-above-header-display":"","ast-hfb-below-header-display":"","ast-hfb-mobile-header-display":"","site-post-title":"","ast-breadcrumbs-content":"","ast-featured-img":"","footer-sml-layout":"","ast-disable-related-posts":"","theme-transparent-header-meta":"default","adv-header-id-meta":"","stick-header-meta":"default","header-above-stick-meta":"","header-main-stick-meta":"","header-below-stick-meta":"","astra-migrate-meta-layouts":"set","ast-page-background-enabled":"default","ast-page-background-meta":{"desktop":{"background-color":"var(--ast-global-color-4)","background-image":"","background-repeat":"repeat","background-position":"center center","background-size":"auto","background-attachment":"scroll","background-type":"","background-media":"","overlay-type":"","overlay-color":"","overlay-opacity":"","overlay-gradient":""},"tablet":{"background-color":"","background-image":"","background-repeat":"repeat","background-position":"center center","background-size":"auto","background-attachment":"scroll","background-type":"","background-media":"","overlay-type":"","overlay-color":"","overlay-opacity":"","overlay-gradient":""},"mobile":{"background-color":"","background-image":"","background-repeat":"repeat","background-position":"center center","background-size":"auto","background-attachment":"scroll","background-type":"","background-media":"","overlay-type":"","overlay-color":"","overlay-opacity":"","overlay-gradient":""}},"ast-content-background-meta":{"desktop":{"background-color":"var(--ast-global-color-5)","background-image":"","background-repeat":"repeat","background-position":"center center","background-size":"auto","background-attachment":"scroll","background-type":"","background-media":"","overlay-type":"","overlay-color":"","overlay-opacity":"","overlay-gradient":""},"tablet":{"background-color":"var(--ast-global-color-5)","background-image":"","background-repeat":"repeat","background-position":"center center","background-size":"auto","background-attachment":"scroll","background-type":"","background-media":"","overlay-type":"","overlay-color":"","overlay-opacity":"","overlay-gradient":""},"mobile":{"background-color":"var(--ast-global-color-5)","background-image":"","background-repeat":"repeat","background-position":"center center","background-size":"auto","background-attachment":"scroll","background-type":"","background-media":"","overlay-type":"","overlay-color":"","overlay-opacity":"","overlay-gradient":""}}},"product_brand":[],"product_cat":[32,38],"product_tag":[],"class_list":{"0":"post-35841","1":"product","2":"type-product","3":"status-publish","4":"has-post-thumbnail","6":"product_cat-meble","7":"product_cat-szafy-szafki","8":"product_shipping_class-wysylka-180zl","9":"desktop-align-left","10":"tablet-align-left","11":"mobile-align-left","12":"ast-product-gallery-layout-vertical-slider","13":"ast-product-tabs-layout-horizontal","14":"ast-qv-on-image","16":"first","17":"instock","18":"sale","19":"sold-individually","20":"shipping-taxable","21":"purchasable","22":"product-type-simple"},"_links":{"self":[{"href":"https:\/\/antart.com.pl\/en\/wp-json\/wp\/v2\/product\/35841","targetHints":{"allow":["GET"]}}],"collection":[{"href":"https:\/\/antart.com.pl\/en\/wp-json\/wp\/v2\/product"}],"about":[{"href":"https:\/\/antart.com.pl\/en\/wp-json\/wp\/v2\/types\/product"}],"wp:featuredmedia":[{"embeddable":true,"href":"https:\/\/antart.com.pl\/en\/wp-json\/wp\/v2\/media\/35769"}],"wp:attachment":[{"href":"https:\/\/antart.com.pl\/en\/wp-json\/wp\/v2\/media?parent=35841"}],"wp:term":[{"taxonomy":"product_brand","embeddable":true,"href":"https:\/\/antart.com.pl\/en\/wp-json\/wp\/v2\/product_brand?post=35841"},{"taxonomy":"product_cat","embeddable":true,"href":"https:\/\/antart.com.pl\/en\/wp-json\/wp\/v2\/product_cat?post=35841"},{"taxonomy":"product_tag","embeddable":true,"href":"https:\/\/antart.com.pl\/en\/wp-json\/wp\/v2\/product_tag?post=35841"}],"curies":[{"name":"wp","href":"https:\/\/api.w.org\/{rel}","templated":true}]}}