{"id":36094,"date":"2025-07-22T11:47:25","date_gmt":"2025-07-22T09:47:25","guid":{"rendered":"https:\/\/antart.com.pl\/?post_type=product&#038;p=36094"},"modified":"2026-01-19T11:28:18","modified_gmt":"2026-01-19T10:28:18","slug":"breakfast-set-collectors-cup-royal-tudor-country-cottage","status":"publish","type":"product","link":"https:\/\/antart.com.pl\/en\/produkt\/zestaw-sniadaniowy-filizanka-kolekcjonerska-royal-tudor-country-cottage\/","title":{"rendered":"Royal Tudor Country Cottage Collector's Breakfast Cup Set"},"content":{"rendered":"<h4 style=\"text-align: center;\"><em><b>A collector's cup in a trio set, by the renowned Royal Tudor Country Cottage label, in high quality English porcelain. The motif on the set depicts a charming Tudor-style country house, surrounded by a beautiful flower garden and trees. One plate has a small loss, and discolouration inside the cup.\u00a0<\/b><\/em><\/h4>\n<h4><\/h4>\n<h4><em><b>I have 9pc of the trio set for sale.\u00a0<\/b><\/em><\/h4>\n<h4><em><b>The price is for 1pc of the trio set.\u00a0<\/b><\/em><\/h4>\n<h4><\/h4>\n<h4><em><b>Dimensions\u00a0<\/b><\/em><\/h4>\n<h4><em><b>Cup\u00a0<\/b><\/em><\/h4>\n<ul>\n<li>\n<h4><em><b>height: 7cm.\u00a0<\/b><\/em><\/h4>\n<\/li>\n<li>\n<h4><em><b>filler diameter: 8.5cm.\u00a0<\/b><\/em><\/h4>\n<\/li>\n<li>\n<h4><em><b>base diameter: 4cm.\u00a0<\/b><\/em><\/h4>\n<\/li>\n<li>\n<h4><em><b>Volume: 200ml.\u00a0<\/b><\/em><\/h4>\n<\/li>\n<\/ul>\n<h4><em><b>Spodek\u00a0<\/b><\/em><\/h4>\n<ul>\n<li>\n<h4><em><b>diameter: 14.5cm.\u00a0<\/b><\/em><\/h4>\n<\/li>\n<li>\n<h4><em><b>height: 2.5cm.\u00a0<\/b><\/em><\/h4>\n<\/li>\n<\/ul>\n<h4><em><b>Dessert plate\u00a0<\/b><\/em><\/h4>\n<ul>\n<li>\n<h4><em><b>diameter: 20cm.\u00a0<\/b><\/em><\/h4>\n<\/li>\n<li>\n<h4><em><b>height: 2cm.\u00a0<\/b><\/em><\/h4>\n<\/li>\n<\/ul>\n<h4 style=\"text-align: center;\"><em><b>The photos show the actual state of the object<\/b><\/em><\/h4>\n<h4 style=\"text-align: center;\"><em><b>Additional photos upon request<\/b><\/em><\/h4>\n<h4 style=\"text-align: center;\"><em><b>All our items on display are available in our warehouse.<\/b><\/em><\/h4>\n<h4 style=\"text-align: center;\"><em><b>Can be viewed by appointment.<\/b><\/em><\/h4>\n<h4><\/h4>\n<h4><em><b>No.5194<\/b><\/em><\/h4>","protected":false},"excerpt":{"rendered":"<p>Fili\u017canka kolekcjonerska w zestawie trio, znanej wytw\u00f3rni Royal Tudor Country Cottage, z wysokiej jako\u015bci porcelany angielskiej. Motyw na zestawie przedstawia urokliwy wiejski domek w stylu Tudor\u00f3w, otoczony pi\u0119knym ogrodem kwiatowym i drzewami. Jeden talerzyk posiada ma\u0142y uszczerbek, oraz przebarwienie wewn\u0105trz fili\u017canki.\u00a0 Posiadam w sprzeda\u017cy 9szt zestawu trio.\u00a0 Cena dotyczy 1szt zestawu trio.\u00a0 Wymiary\u00a0 Fili\u017canka\u00a0 wysoko\u015b\u0107: [&hellip;]<\/p>\n","protected":false},"featured_media":35994,"template":"","meta":{"_seopress_robots_primary_cat":"","_seopress_titles_title":"","_seopress_titles_desc":"","_seopress_robots_index":"","site-sidebar-layout":"default","site-content-layout":"","ast-site-content-layout":"default","site-content-style":"default","site-sidebar-style":"default","ast-global-header-display":"","ast-banner-title-visibility":"","ast-main-header-display":"","ast-hfb-above-header-display":"","ast-hfb-below-header-display":"","ast-hfb-mobile-header-display":"","site-post-title":"","ast-breadcrumbs-content":"","ast-featured-img":"","footer-sml-layout":"","ast-disable-related-posts":"","theme-transparent-header-meta":"default","adv-header-id-meta":"","stick-header-meta":"default","header-above-stick-meta":"","header-main-stick-meta":"","header-below-stick-meta":"","astra-migrate-meta-layouts":"set","ast-page-background-enabled":"default","ast-page-background-meta":{"desktop":{"background-color":"var(--ast-global-color-4)","background-image":"","background-repeat":"repeat","background-position":"center center","background-size":"auto","background-attachment":"scroll","background-type":"","background-media":"","overlay-type":"","overlay-color":"","overlay-opacity":"","overlay-gradient":""},"tablet":{"background-color":"","background-image":"","background-repeat":"repeat","background-position":"center center","background-size":"auto","background-attachment":"scroll","background-type":"","background-media":"","overlay-type":"","overlay-color":"","overlay-opacity":"","overlay-gradient":""},"mobile":{"background-color":"","background-image":"","background-repeat":"repeat","background-position":"center center","background-size":"auto","background-attachment":"scroll","background-type":"","background-media":"","overlay-type":"","overlay-color":"","overlay-opacity":"","overlay-gradient":""}},"ast-content-background-meta":{"desktop":{"background-color":"var(--ast-global-color-5)","background-image":"","background-repeat":"repeat","background-position":"center center","background-size":"auto","background-attachment":"scroll","background-type":"","background-media":"","overlay-type":"","overlay-color":"","overlay-opacity":"","overlay-gradient":""},"tablet":{"background-color":"var(--ast-global-color-5)","background-image":"","background-repeat":"repeat","background-position":"center center","background-size":"auto","background-attachment":"scroll","background-type":"","background-media":"","overlay-type":"","overlay-color":"","overlay-opacity":"","overlay-gradient":""},"mobile":{"background-color":"var(--ast-global-color-5)","background-image":"","background-repeat":"repeat","background-position":"center center","background-size":"auto","background-attachment":"scroll","background-type":"","background-media":"","overlay-type":"","overlay-color":"","overlay-opacity":"","overlay-gradient":""}}},"product_brand":[],"product_cat":[51,24],"product_tag":[],"class_list":{"0":"post-36094","1":"product","2":"type-product","3":"status-publish","4":"has-post-thumbnail","6":"product_cat-filizanki-zastawy-sniadaniowe","7":"product_cat-kuchnia","8":"product_shipping_class-wysylka-19zl","9":"desktop-align-left","10":"tablet-align-left","11":"mobile-align-left","12":"ast-product-gallery-layout-vertical-slider","13":"ast-product-tabs-layout-horizontal","14":"ast-qv-on-image","16":"first","17":"instock","18":"shipping-taxable","19":"purchasable","20":"product-type-simple"},"_links":{"self":[{"href":"https:\/\/antart.com.pl\/en\/wp-json\/wp\/v2\/product\/36094","targetHints":{"allow":["GET"]}}],"collection":[{"href":"https:\/\/antart.com.pl\/en\/wp-json\/wp\/v2\/product"}],"about":[{"href":"https:\/\/antart.com.pl\/en\/wp-json\/wp\/v2\/types\/product"}],"wp:featuredmedia":[{"embeddable":true,"href":"https:\/\/antart.com.pl\/en\/wp-json\/wp\/v2\/media\/35994"}],"wp:attachment":[{"href":"https:\/\/antart.com.pl\/en\/wp-json\/wp\/v2\/media?parent=36094"}],"wp:term":[{"taxonomy":"product_brand","embeddable":true,"href":"https:\/\/antart.com.pl\/en\/wp-json\/wp\/v2\/product_brand?post=36094"},{"taxonomy":"product_cat","embeddable":true,"href":"https:\/\/antart.com.pl\/en\/wp-json\/wp\/v2\/product_cat?post=36094"},{"taxonomy":"product_tag","embeddable":true,"href":"https:\/\/antart.com.pl\/en\/wp-json\/wp\/v2\/product_tag?post=36094"}],"curies":[{"name":"wp","href":"https:\/\/api.w.org\/{rel}","templated":true}]}}