{"id":36671,"date":"2025-07-27T11:26:24","date_gmt":"2025-07-27T09:26:24","guid":{"rendered":"https:\/\/antart.com.pl\/?post_type=product&#038;p=36671"},"modified":"2025-07-27T11:26:25","modified_gmt":"2025-07-27T09:26:25","slug":"ton-chair-with-bent-armrests-20th-century","status":"publish","type":"product","link":"https:\/\/antart.com.pl\/en\/produkt\/krzeslo-ton-z-gietymi-podlokietnikami-xx-wieku\/","title":{"rendered":"Ton chair with bent armrests 20th century"},"content":{"rendered":"<h4 style=\"text-align: center;\"><em><b>Ton chair with bent armrests 20th century<\/b><\/em><\/h4>\n<h4 style=\"text-align: center;\"><em>Chair from the renovated Ton brand.<\/em><\/h4>\n<h4 style=\"text-align: center;\"><em>Made of bent beech wood.<\/em><\/h4>\n<h4 style=\"text-align: center;\"><em>A distinctive feature of the chair is the sophisticated support with a fan pattern and ergonomically shaped armrests.<\/em><\/h4>\n<h4><em>Dimensions:<\/em><\/h4>\n<ul>\n<li>\n<h4><em>height: 77.5cm<\/em><\/h4>\n<\/li>\n<li>\n<h4><em>width of armrests: 55.5 cm<\/em><\/h4>\n<\/li>\n<li>\n<h4><em>seat width: 39cm<\/em><\/h4>\n<\/li>\n<li>\n<h4><em>depth: 40 cm<\/em><\/h4>\n<\/li>\n<li>\n<h4><em>height to seat: 46 cm<\/em><\/h4>\n<\/li>\n<\/ul>\n<h4><em>I own 7 pieces.<\/em><\/h4>\n<h4><em>The price is for 1 piece.<\/em><\/h4>\n<h4><em>Upholstery on all has fabric rubbing.<\/em><\/h4>\n<h4><\/h4>\n<h4 style=\"text-align: center;\"><em><b>The photos show the actual state of the object<\/b><\/em><\/h4>\n<h4 style=\"text-align: center;\"><em><b>Additional photos upon request<\/b><\/em><\/h4>\n<h4 style=\"text-align: center;\"><em><b>All our items on display are available in our warehouse.<\/b><\/em><\/h4>\n<h4 style=\"text-align: center;\"><em><b>Can be viewed by appointment.<\/b><\/em><\/h4>\n<h4><em><b>Order no. 3918<\/b><\/em><\/h4>","protected":false},"excerpt":{"rendered":"<p>Krzes\u0142o Ton z gi\u0119tymi pod\u0142okietnikami XX wieku Krzes\u0142o renowowanej marki Ton. Wykonany z gi\u0119tego drewna bukowego. Charakterystycznym elementem krzes\u0142a jest wyszukane podparcie o wzorze wachlarzowatym i ergonomicznie ukszta\u0142towanych pod\u0142okietnikach. Wymiary: wysoko\u015b\u0107: 77,5cm szeroko\u015b\u0107 pod\u0142okietnik\u00f3w: 55,5 cm szeroko\u015b\u0107 siedziska: 39cm g\u0142\u0119boko\u015b\u0107: 40 cm wysoko\u015b\u0107 do siedziska: 46 cm Posiadam 7 sztuk. Cena dotyczy 1 sztuki. Tapicerka [&hellip;]<\/p>\n","protected":false},"featured_media":36639,"template":"","meta":{"_seopress_robots_primary_cat":"","_seopress_titles_title":"","_seopress_titles_desc":"","_seopress_robots_index":"","site-sidebar-layout":"default","site-content-layout":"","ast-site-content-layout":"default","site-content-style":"default","site-sidebar-style":"default","ast-global-header-display":"","ast-banner-title-visibility":"","ast-main-header-display":"","ast-hfb-above-header-display":"","ast-hfb-below-header-display":"","ast-hfb-mobile-header-display":"","site-post-title":"","ast-breadcrumbs-content":"","ast-featured-img":"","footer-sml-layout":"","ast-disable-related-posts":"","theme-transparent-header-meta":"default","adv-header-id-meta":"","stick-header-meta":"default","header-above-stick-meta":"","header-main-stick-meta":"","header-below-stick-meta":"","astra-migrate-meta-layouts":"set","ast-page-background-enabled":"default","ast-page-background-meta":{"desktop":{"background-color":"var(--ast-global-color-4)","background-image":"","background-repeat":"repeat","background-position":"center center","background-size":"auto","background-attachment":"scroll","background-type":"","background-media":"","overlay-type":"","overlay-color":"","overlay-opacity":"","overlay-gradient":""},"tablet":{"background-color":"","background-image":"","background-repeat":"repeat","background-position":"center center","background-size":"auto","background-attachment":"scroll","background-type":"","background-media":"","overlay-type":"","overlay-color":"","overlay-opacity":"","overlay-gradient":""},"mobile":{"background-color":"","background-image":"","background-repeat":"repeat","background-position":"center center","background-size":"auto","background-attachment":"scroll","background-type":"","background-media":"","overlay-type":"","overlay-color":"","overlay-opacity":"","overlay-gradient":""}},"ast-content-background-meta":{"desktop":{"background-color":"var(--ast-global-color-5)","background-image":"","background-repeat":"repeat","background-position":"center center","background-size":"auto","background-attachment":"scroll","background-type":"","background-media":"","overlay-type":"","overlay-color":"","overlay-opacity":"","overlay-gradient":""},"tablet":{"background-color":"var(--ast-global-color-5)","background-image":"","background-repeat":"repeat","background-position":"center center","background-size":"auto","background-attachment":"scroll","background-type":"","background-media":"","overlay-type":"","overlay-color":"","overlay-opacity":"","overlay-gradient":""},"mobile":{"background-color":"var(--ast-global-color-5)","background-image":"","background-repeat":"repeat","background-position":"center center","background-size":"auto","background-attachment":"scroll","background-type":"","background-media":"","overlay-type":"","overlay-color":"","overlay-opacity":"","overlay-gradient":""}}},"product_brand":[],"product_cat":[36,32],"product_tag":[],"class_list":{"0":"post-36671","1":"product","2":"type-product","3":"status-publish","4":"has-post-thumbnail","6":"product_cat-krzesla-taborety","7":"product_cat-meble","8":"product_shipping_class-wysylka-60zl","9":"desktop-align-left","10":"tablet-align-left","11":"mobile-align-left","12":"ast-product-gallery-layout-vertical-slider","13":"ast-product-tabs-layout-horizontal","14":"ast-qv-on-image","16":"first","17":"instock","18":"shipping-taxable","19":"purchasable","20":"product-type-simple"},"_links":{"self":[{"href":"https:\/\/antart.com.pl\/en\/wp-json\/wp\/v2\/product\/36671","targetHints":{"allow":["GET"]}}],"collection":[{"href":"https:\/\/antart.com.pl\/en\/wp-json\/wp\/v2\/product"}],"about":[{"href":"https:\/\/antart.com.pl\/en\/wp-json\/wp\/v2\/types\/product"}],"wp:featuredmedia":[{"embeddable":true,"href":"https:\/\/antart.com.pl\/en\/wp-json\/wp\/v2\/media\/36639"}],"wp:attachment":[{"href":"https:\/\/antart.com.pl\/en\/wp-json\/wp\/v2\/media?parent=36671"}],"wp:term":[{"taxonomy":"product_brand","embeddable":true,"href":"https:\/\/antart.com.pl\/en\/wp-json\/wp\/v2\/product_brand?post=36671"},{"taxonomy":"product_cat","embeddable":true,"href":"https:\/\/antart.com.pl\/en\/wp-json\/wp\/v2\/product_cat?post=36671"},{"taxonomy":"product_tag","embeddable":true,"href":"https:\/\/antart.com.pl\/en\/wp-json\/wp\/v2\/product_tag?post=36671"}],"curies":[{"name":"wp","href":"https:\/\/api.w.org\/{rel}","templated":true}]}}