{"id":37353,"date":"2025-07-30T12:46:24","date_gmt":"2025-07-30T10:46:24","guid":{"rendered":"https:\/\/antart.com.pl\/?post_type=product&#038;p=37353"},"modified":"2026-04-01T20:24:41","modified_gmt":"2026-04-01T18:24:41","slug":"swiecznik-z-uchwytemz-wloskiej-mojaliki","status":"publish","type":"product","link":"https:\/\/antart.com.pl\/en\/produkt\/swiecznik-z-uchwytemz-wloskiej-mojaliki\/","title":{"rendered":"Candle holder with handle, made of Italian mojalika."},"content":{"rendered":"<h4 style=\"text-align: center;\"><em><b>\u015awiecznik z uchwytem, wykonany z W\u0142oskiej mojaliki, r\u0119cznie robiony i malowany. Charakteryzuje si\u0119 zielonym falistym brzegiem, ozdobnym uchwytem oraz zdobieniami przedawniaj\u0105cymi li\u015bcie i kwiaty w odcieniach, zieleni, pomara\u0144czu i bordowego. Przedmiot s\u0142u\u017cy do umieszczenia \u015bwiecy, pe\u0142ni\u0105c r\u00f3wnie\u017c rol\u0119 u\u017cytkow\u0105 jak i dekoracyjn\u0105. \u015awiecznik posiada delikatne odpryski i p\u0119kni\u0119cie.<\/b><\/em><\/h4>\n<h4><\/h4>\n<h4><em><b>Dimensions<\/b><\/em><\/h4>\n<ul>\n<li>\n<h4><em><b>Height: 11cm.<\/b><\/em><\/h4>\n<\/li>\n<li>\n<h4><em><b>Top diameter: 13.5cm.<\/b><\/em><\/h4>\n<\/li>\n<li>\n<h4><em><b>\u015arednica \u015bwiecy: 3cm.<\/b><\/em><\/h4>\n<\/li>\n<li>\n<h4><em><b>Base diameter: 7.5cm.<\/b><\/em><\/h4>\n<\/li>\n<\/ul>\n<h4 style=\"text-align: center;\"><em><b>The photos show the actual state of the object<\/b><\/em><\/h4>\n<h4 style=\"text-align: center;\"><em><b>Additional photos upon request<\/b><\/em><\/h4>\n<h4 style=\"text-align: center;\"><em><b>All our items on display are available in our warehouse.<\/b><\/em><\/h4>\n<h4 style=\"text-align: center;\"><em><b>Can be viewed by appointment.<\/b><\/em><\/h4>\n<h4><\/h4>\n<h4><em><b>Nr.5263<\/b><\/em><\/h4>","protected":false},"excerpt":{"rendered":"<p>\u015awiecznik z uchwytem, wykonany z W\u0142oskiej mojaliki, r\u0119cznie robiony i malowany. Charakteryzuje si\u0119 zielonym falistym brzegiem, ozdobnym uchwytem oraz zdobieniami przedawniaj\u0105cymi li\u015bcie i kwiaty w odcieniach, zieleni, pomara\u0144czu i bordowego. Przedmiot s\u0142u\u017cy do umieszczenia \u015bwiecy, pe\u0142ni\u0105c r\u00f3wnie\u017c rol\u0119 u\u017cytkow\u0105 jak i dekoracyjn\u0105. \u015awiecznik posiada delikatne odpryski i p\u0119kni\u0119cie. Wymiary Wysoko\u015b\u0107: 11cm. \u015arednica g\u00f3rna: 13,5cm. \u015arednica [&hellip;]<\/p>\n","protected":false},"featured_media":37147,"template":"","meta":{"_seopress_robots_primary_cat":"","_seopress_titles_title":"","_seopress_titles_desc":"","_seopress_robots_index":"","site-sidebar-layout":"default","site-content-layout":"","ast-site-content-layout":"default","site-content-style":"default","site-sidebar-style":"default","ast-global-header-display":"","ast-banner-title-visibility":"","ast-main-header-display":"","ast-hfb-above-header-display":"","ast-hfb-below-header-display":"","ast-hfb-mobile-header-display":"","site-post-title":"","ast-breadcrumbs-content":"","ast-featured-img":"","footer-sml-layout":"","ast-disable-related-posts":"","theme-transparent-header-meta":"default","adv-header-id-meta":"","stick-header-meta":"default","header-above-stick-meta":"","header-main-stick-meta":"","header-below-stick-meta":"","astra-migrate-meta-layouts":"set","ast-page-background-enabled":"default","ast-page-background-meta":{"desktop":{"background-color":"var(--ast-global-color-4)","background-image":"","background-repeat":"repeat","background-position":"center center","background-size":"auto","background-attachment":"scroll","background-type":"","background-media":"","overlay-type":"","overlay-color":"","overlay-opacity":"","overlay-gradient":""},"tablet":{"background-color":"","background-image":"","background-repeat":"repeat","background-position":"center center","background-size":"auto","background-attachment":"scroll","background-type":"","background-media":"","overlay-type":"","overlay-color":"","overlay-opacity":"","overlay-gradient":""},"mobile":{"background-color":"","background-image":"","background-repeat":"repeat","background-position":"center center","background-size":"auto","background-attachment":"scroll","background-type":"","background-media":"","overlay-type":"","overlay-color":"","overlay-opacity":"","overlay-gradient":""}},"ast-content-background-meta":{"desktop":{"background-color":"var(--ast-global-color-5)","background-image":"","background-repeat":"repeat","background-position":"center center","background-size":"auto","background-attachment":"scroll","background-type":"","background-media":"","overlay-type":"","overlay-color":"","overlay-opacity":"","overlay-gradient":""},"tablet":{"background-color":"var(--ast-global-color-5)","background-image":"","background-repeat":"repeat","background-position":"center center","background-size":"auto","background-attachment":"scroll","background-type":"","background-media":"","overlay-type":"","overlay-color":"","overlay-opacity":"","overlay-gradient":""},"mobile":{"background-color":"var(--ast-global-color-5)","background-image":"","background-repeat":"repeat","background-position":"center center","background-size":"auto","background-attachment":"scroll","background-type":"","background-media":"","overlay-type":"","overlay-color":"","overlay-opacity":"","overlay-gradient":""}}},"product_brand":[],"product_cat":[27,66],"product_tag":[],"class_list":{"0":"post-37353","1":"product","2":"type-product","3":"status-publish","4":"has-post-thumbnail","6":"product_cat-dekoracyjne","7":"product_cat-swieczniki","8":"product_shipping_class-wysylka-19zl","9":"desktop-align-left","10":"tablet-align-left","11":"mobile-align-left","12":"ast-product-gallery-layout-vertical-slider","13":"ast-product-tabs-layout-horizontal","14":"ast-qv-on-image","16":"first","17":"instock","18":"sale","19":"sold-individually","20":"shipping-taxable","21":"purchasable","22":"product-type-simple"},"_links":{"self":[{"href":"https:\/\/antart.com.pl\/en\/wp-json\/wp\/v2\/product\/37353","targetHints":{"allow":["GET"]}}],"collection":[{"href":"https:\/\/antart.com.pl\/en\/wp-json\/wp\/v2\/product"}],"about":[{"href":"https:\/\/antart.com.pl\/en\/wp-json\/wp\/v2\/types\/product"}],"wp:featuredmedia":[{"embeddable":true,"href":"https:\/\/antart.com.pl\/en\/wp-json\/wp\/v2\/media\/37147"}],"wp:attachment":[{"href":"https:\/\/antart.com.pl\/en\/wp-json\/wp\/v2\/media?parent=37353"}],"wp:term":[{"taxonomy":"product_brand","embeddable":true,"href":"https:\/\/antart.com.pl\/en\/wp-json\/wp\/v2\/product_brand?post=37353"},{"taxonomy":"product_cat","embeddable":true,"href":"https:\/\/antart.com.pl\/en\/wp-json\/wp\/v2\/product_cat?post=37353"},{"taxonomy":"product_tag","embeddable":true,"href":"https:\/\/antart.com.pl\/en\/wp-json\/wp\/v2\/product_tag?post=37353"}],"curies":[{"name":"wp","href":"https:\/\/api.w.org\/{rel}","templated":true}]}}