{"id":37358,"date":"2025-07-30T13:18:16","date_gmt":"2025-07-30T11:18:16","guid":{"rendered":"https:\/\/antart.com.pl\/?post_type=product&#038;p=37358"},"modified":"2025-07-30T13:18:16","modified_gmt":"2025-07-30T11:18:16","slug":"miniature-set-of-a-jug-and-two-cups","status":"publish","type":"product","link":"https:\/\/antart.com.pl\/en\/produkt\/miniaturowy-zestaw-dzbanek-i-dwie-filizanki\/","title":{"rendered":"Miniature set, jug and two cups."},"content":{"rendered":"<h4 style=\"text-align: center;\"><em><b>A miniature teapot and two cups set, made of lusterware porcelain with a glossy and iridescent finish. The set is characterised by an intricate pattern of colourful flowers. The jug has a chipped spout.<\/b><\/em><\/h4>\n<h4><\/h4>\n<h4><em><b>Dimensions<\/b><\/em><\/h4>\n<h4><\/h4>\n<h4><em><b>Jug<\/b><\/em><\/h4>\n<ul>\n<li>\n<h4><em><b>height: 5cm.<\/b><\/em><\/h4>\n<\/li>\n<li>\n<h4><em><b>Width: 9.5cm.<\/b><\/em><\/h4>\n<\/li>\n<li>\n<h4><em><b>top diameter: 3.5cm.<\/b><\/em><\/h4>\n<\/li>\n<li>\n<h4><em><b>base diameter: 3.5cm.<\/b><\/em><\/h4>\n<\/li>\n<\/ul>\n<h4><em><b>Cup<\/b><\/em><\/h4>\n<ul>\n<li>\n<h4><em><b>height: 2cm.<\/b><\/em><\/h4>\n<\/li>\n<li>\n<h4><em><b>top diameter: 4cm.<\/b><\/em><\/h4>\n<\/li>\n<li>\n<h4><em><b>base diameter: 2cm.<\/b><\/em><\/h4>\n<\/li>\n<\/ul>\n<h4 style=\"text-align: center;\"><em><b>The photos show the actual state of the object<\/b><\/em><\/h4>\n<h4 style=\"text-align: center;\"><em><b>Additional photos upon request<\/b><\/em><\/h4>\n<h4 style=\"text-align: center;\"><em><b>All our items on display are available in our warehouse.<\/b><\/em><\/h4>\n<h4 style=\"text-align: center;\"><em><b>Can be viewed by appointment.<\/b><\/em><\/h4>\n<h4><\/h4>\n<h4><em><b>No. 5268<\/b><\/em><\/h4>","protected":false},"excerpt":{"rendered":"<p>Miniaturowy dzbanek i dwie fili\u017canki w zestawie, wykonany z porcelany lusterware, b\u0142yszcz\u0105cym i opalizuj\u0105cym wyko\u0144czeniem. Zestaw Charakteryzuje si\u0119 misternym wzorem kolorowych kwiat\u00f3w. Dzbanek posiada wyszczerbiony dzi\u00f3bek. Wymiary Dzbanek wysoko\u015b\u0107: 5cm. szeroko\u015b\u0107: 9,5cm. \u015brednica g\u00f3rna: 3,5cm. \u015brednica podstawy: 3,5cm. Fili\u017canka wysoko\u015b\u0107: 2cm. \u015brednica g\u00f3rna: 4cm. \u015brednica podstawy: 2cm. Zdj\u0119cia przedstawiaj\u0105 stan faktyczny przedmiotu Dodatkowe zdj\u0119cia na [&hellip;]<\/p>\n","protected":false},"featured_media":37191,"template":"","meta":{"_seopress_robots_primary_cat":"","_seopress_titles_title":"","_seopress_titles_desc":"","_seopress_robots_index":"","site-sidebar-layout":"default","site-content-layout":"","ast-site-content-layout":"default","site-content-style":"default","site-sidebar-style":"default","ast-global-header-display":"","ast-banner-title-visibility":"","ast-main-header-display":"","ast-hfb-above-header-display":"","ast-hfb-below-header-display":"","ast-hfb-mobile-header-display":"","site-post-title":"","ast-breadcrumbs-content":"","ast-featured-img":"","footer-sml-layout":"","ast-disable-related-posts":"","theme-transparent-header-meta":"default","adv-header-id-meta":"","stick-header-meta":"default","header-above-stick-meta":"","header-main-stick-meta":"","header-below-stick-meta":"","astra-migrate-meta-layouts":"set","ast-page-background-enabled":"default","ast-page-background-meta":{"desktop":{"background-color":"var(--ast-global-color-4)","background-image":"","background-repeat":"repeat","background-position":"center center","background-size":"auto","background-attachment":"scroll","background-type":"","background-media":"","overlay-type":"","overlay-color":"","overlay-opacity":"","overlay-gradient":""},"tablet":{"background-color":"","background-image":"","background-repeat":"repeat","background-position":"center center","background-size":"auto","background-attachment":"scroll","background-type":"","background-media":"","overlay-type":"","overlay-color":"","overlay-opacity":"","overlay-gradient":""},"mobile":{"background-color":"","background-image":"","background-repeat":"repeat","background-position":"center center","background-size":"auto","background-attachment":"scroll","background-type":"","background-media":"","overlay-type":"","overlay-color":"","overlay-opacity":"","overlay-gradient":""}},"ast-content-background-meta":{"desktop":{"background-color":"var(--ast-global-color-5)","background-image":"","background-repeat":"repeat","background-position":"center center","background-size":"auto","background-attachment":"scroll","background-type":"","background-media":"","overlay-type":"","overlay-color":"","overlay-opacity":"","overlay-gradient":""},"tablet":{"background-color":"var(--ast-global-color-5)","background-image":"","background-repeat":"repeat","background-position":"center center","background-size":"auto","background-attachment":"scroll","background-type":"","background-media":"","overlay-type":"","overlay-color":"","overlay-opacity":"","overlay-gradient":""},"mobile":{"background-color":"var(--ast-global-color-5)","background-image":"","background-repeat":"repeat","background-position":"center center","background-size":"auto","background-attachment":"scroll","background-type":"","background-media":"","overlay-type":"","overlay-color":"","overlay-opacity":"","overlay-gradient":""}}},"product_brand":[],"product_cat":[70,68,51,24,58],"product_tag":[],"class_list":{"0":"post-37358","1":"product","2":"type-product","3":"status-publish","4":"has-post-thumbnail","6":"product_cat-dzbanki","7":"product_cat-dzbanki-mleczniki-cukiernice","8":"product_cat-filizanki-zastawy-sniadaniowe","9":"product_cat-kuchnia","10":"product_cat-zabawki","11":"product_shipping_class-wysylka-19zl","12":"desktop-align-left","13":"tablet-align-left","14":"mobile-align-left","15":"ast-product-gallery-layout-vertical-slider","16":"ast-product-tabs-layout-horizontal","17":"ast-qv-on-image","19":"first","20":"instock","21":"sold-individually","22":"shipping-taxable","23":"purchasable","24":"product-type-simple"},"_links":{"self":[{"href":"https:\/\/antart.com.pl\/en\/wp-json\/wp\/v2\/product\/37358","targetHints":{"allow":["GET"]}}],"collection":[{"href":"https:\/\/antart.com.pl\/en\/wp-json\/wp\/v2\/product"}],"about":[{"href":"https:\/\/antart.com.pl\/en\/wp-json\/wp\/v2\/types\/product"}],"wp:featuredmedia":[{"embeddable":true,"href":"https:\/\/antart.com.pl\/en\/wp-json\/wp\/v2\/media\/37191"}],"wp:attachment":[{"href":"https:\/\/antart.com.pl\/en\/wp-json\/wp\/v2\/media?parent=37358"}],"wp:term":[{"taxonomy":"product_brand","embeddable":true,"href":"https:\/\/antart.com.pl\/en\/wp-json\/wp\/v2\/product_brand?post=37358"},{"taxonomy":"product_cat","embeddable":true,"href":"https:\/\/antart.com.pl\/en\/wp-json\/wp\/v2\/product_cat?post=37358"},{"taxonomy":"product_tag","embeddable":true,"href":"https:\/\/antart.com.pl\/en\/wp-json\/wp\/v2\/product_tag?post=37358"}],"curies":[{"name":"wp","href":"https:\/\/api.w.org\/{rel}","templated":true}]}}