{"id":37472,"date":"2025-07-31T13:28:18","date_gmt":"2025-07-31T11:28:18","guid":{"rendered":"https:\/\/antart.com.pl\/?post_type=product&#038;p=37472"},"modified":"2026-04-01T20:36:37","modified_gmt":"2026-04-01T18:36:37","slug":"witryna-zlocona-podswietlana-w-stylu-barokowym","status":"publish","type":"product","link":"https:\/\/antart.com.pl\/en\/produkt\/witryna-zlocona-podswietlana-w-stylu-barokowym\/","title":{"rendered":"Baroque-style gilded illuminated display case"},"content":{"rendered":"<h4 style=\"text-align: center;\"><em><b>Baroque-style gilded illuminated display case<\/b><\/em><\/h4>\n<h4 style=\"text-align: center;\"><em>Witryna przyszkolna w stylu barokowym cz\u0119sto okre\u015blaj\u0105 jako antyk.<\/em><\/h4>\n<h4 style=\"text-align: center;\"><em>Charakterystyczne rze\u017abienia dla dla stylu barokowego, secesyjnego.<\/em><\/h4>\n<h4 style=\"text-align: center;\"><em>Witryna pi\u0119knie z\u0142ocona i pod\u015bwietlana z dw\u00f3ch stron.<\/em><\/h4>\n<h4 style=\"text-align: center;\"><em>Witryna posiada p\u0119kni\u0119ta boczn\u0105 szyb\u0119 oraz na tylnej \u015bcianie lustro. Nie posiada wszystkich szklanych p\u00f3\u0142ek.<\/em><\/h4>\n<h4><em><b>Dimensions:<\/b><\/em><\/h4>\n<ul>\n<li>\n<h4><em>height: 196 cm<\/em><\/h4>\n<\/li>\n<li>\n<h4><em>szeroko\u015b\u0107: 82 cm<\/em><\/h4>\n<\/li>\n<li>\n<h4><em>depth: 49 cm<\/em><\/h4>\n<\/li>\n<\/ul>\n<h4 style=\"text-align: center;\"><em><b>The photos show the actual state of the object<\/b><\/em><\/h4>\n<h4 style=\"text-align: center;\"><em><b>Additional photos upon request<\/b><\/em><\/h4>\n<h4 style=\"text-align: center;\"><em><b>All our items on display are available in our warehouse.<\/b><\/em><\/h4>\n<h4 style=\"text-align: center;\"><em><b>Can be viewed by appointment.<\/b><\/em><\/h4>\n<h4><em><b>nr. art. 3933<\/b><\/em><\/h4>","protected":false},"excerpt":{"rendered":"<p>Witryna z\u0142ocona pod\u015bwietlana w stylu barokowym Witryna przyszkolna w stylu barokowym cz\u0119sto okre\u015blaj\u0105 jako antyk. Charakterystyczne rze\u017abienia dla dla stylu barokowego, secesyjnego. Witryna pi\u0119knie z\u0142ocona i pod\u015bwietlana z dw\u00f3ch stron. Witryna posiada p\u0119kni\u0119ta boczn\u0105 szyb\u0119 oraz na tylnej \u015bcianie lustro. Nie posiada wszystkich szklanych p\u00f3\u0142ek. Wymiary: wysoko\u015b\u0107: 196 cm szeroko\u015b\u0107: 82 cm g\u0142\u0119boko\u015b\u0107: 49 cm [&hellip;]<\/p>\n","protected":false},"featured_media":37391,"template":"","meta":{"_seopress_robots_primary_cat":"","_seopress_titles_title":"","_seopress_titles_desc":"","_seopress_robots_index":"","site-sidebar-layout":"default","site-content-layout":"","ast-site-content-layout":"default","site-content-style":"default","site-sidebar-style":"default","ast-global-header-display":"","ast-banner-title-visibility":"","ast-main-header-display":"","ast-hfb-above-header-display":"","ast-hfb-below-header-display":"","ast-hfb-mobile-header-display":"","site-post-title":"","ast-breadcrumbs-content":"","ast-featured-img":"","footer-sml-layout":"","ast-disable-related-posts":"","theme-transparent-header-meta":"default","adv-header-id-meta":"","stick-header-meta":"default","header-above-stick-meta":"","header-main-stick-meta":"","header-below-stick-meta":"","astra-migrate-meta-layouts":"set","ast-page-background-enabled":"default","ast-page-background-meta":{"desktop":{"background-color":"var(--ast-global-color-4)","background-image":"","background-repeat":"repeat","background-position":"center center","background-size":"auto","background-attachment":"scroll","background-type":"","background-media":"","overlay-type":"","overlay-color":"","overlay-opacity":"","overlay-gradient":""},"tablet":{"background-color":"","background-image":"","background-repeat":"repeat","background-position":"center center","background-size":"auto","background-attachment":"scroll","background-type":"","background-media":"","overlay-type":"","overlay-color":"","overlay-opacity":"","overlay-gradient":""},"mobile":{"background-color":"","background-image":"","background-repeat":"repeat","background-position":"center center","background-size":"auto","background-attachment":"scroll","background-type":"","background-media":"","overlay-type":"","overlay-color":"","overlay-opacity":"","overlay-gradient":""}},"ast-content-background-meta":{"desktop":{"background-color":"var(--ast-global-color-5)","background-image":"","background-repeat":"repeat","background-position":"center center","background-size":"auto","background-attachment":"scroll","background-type":"","background-media":"","overlay-type":"","overlay-color":"","overlay-opacity":"","overlay-gradient":""},"tablet":{"background-color":"var(--ast-global-color-5)","background-image":"","background-repeat":"repeat","background-position":"center center","background-size":"auto","background-attachment":"scroll","background-type":"","background-media":"","overlay-type":"","overlay-color":"","overlay-opacity":"","overlay-gradient":""},"mobile":{"background-color":"var(--ast-global-color-5)","background-image":"","background-repeat":"repeat","background-position":"center center","background-size":"auto","background-attachment":"scroll","background-type":"","background-media":"","overlay-type":"","overlay-color":"","overlay-opacity":"","overlay-gradient":""}}},"product_brand":[],"product_cat":[32,79],"product_tag":[],"class_list":{"0":"post-37472","1":"product","2":"type-product","3":"status-publish","4":"has-post-thumbnail","6":"product_cat-meble","7":"product_cat-serwantki-witryny","8":"product_shipping_class-osobisty","9":"desktop-align-left","10":"tablet-align-left","11":"mobile-align-left","12":"ast-product-gallery-layout-vertical-slider","13":"ast-product-tabs-layout-horizontal","14":"ast-qv-on-image","16":"first","17":"instock","18":"sale","19":"sold-individually","20":"shipping-taxable","21":"purchasable","22":"product-type-simple"},"_links":{"self":[{"href":"https:\/\/antart.com.pl\/en\/wp-json\/wp\/v2\/product\/37472","targetHints":{"allow":["GET"]}}],"collection":[{"href":"https:\/\/antart.com.pl\/en\/wp-json\/wp\/v2\/product"}],"about":[{"href":"https:\/\/antart.com.pl\/en\/wp-json\/wp\/v2\/types\/product"}],"wp:featuredmedia":[{"embeddable":true,"href":"https:\/\/antart.com.pl\/en\/wp-json\/wp\/v2\/media\/37391"}],"wp:attachment":[{"href":"https:\/\/antart.com.pl\/en\/wp-json\/wp\/v2\/media?parent=37472"}],"wp:term":[{"taxonomy":"product_brand","embeddable":true,"href":"https:\/\/antart.com.pl\/en\/wp-json\/wp\/v2\/product_brand?post=37472"},{"taxonomy":"product_cat","embeddable":true,"href":"https:\/\/antart.com.pl\/en\/wp-json\/wp\/v2\/product_cat?post=37472"},{"taxonomy":"product_tag","embeddable":true,"href":"https:\/\/antart.com.pl\/en\/wp-json\/wp\/v2\/product_tag?post=37472"}],"curies":[{"name":"wp","href":"https:\/\/api.w.org\/{rel}","templated":true}]}}