{"id":37647,"date":"2025-08-02T10:14:28","date_gmt":"2025-08-02T08:14:28","guid":{"rendered":"https:\/\/antart.com.pl\/?post_type=product&#038;p=37647"},"modified":"2025-11-28T19:24:12","modified_gmt":"2025-11-28T18:24:12","slug":"unique-renaissance-style-chest-of-drawers-early-xixth-century","status":"publish","type":"product","link":"https:\/\/antart.com.pl\/en\/produkt\/komoda-unikatowa-zabytkowa-w-stylu-renesansowym-poczatek-xix-wieku\/","title":{"rendered":"A unique, antique chest of drawers in the Renaissance style, early 19th century"},"content":{"rendered":"<h4 style=\"text-align: center;\"><em><b>A unique, antique chest of drawers in the Renaissance style, early 19th century<\/b><\/em><\/h4>\n<h4 style=\"text-align: center;\"><em>Unique chest of drawers with extension, antique from the early 19th century in the Renaissance style.<\/em><\/h4>\n<h4 style=\"text-align: center;\"><em>Hand-carved chest of drawers, made of dark wood.<\/em><\/h4>\n<h4 style=\"text-align: center;\"><em>Individual pieces were made with attention to detail.<\/em><\/h4>\n<h4 style=\"text-align: center;\"><em>Chest of drawers to be renovated.<\/em><\/h4>\n<h4><em><b>Dimensions:<\/b><\/em><\/h4>\n<ul>\n<li>\n<h4><em>length: 121cm<\/em><\/h4>\n<\/li>\n<li>\n<h4><em>depth: 60cm<\/em><\/h4>\n<\/li>\n<li>\n<h4><em>total height: 165 cm<\/em><\/h4>\n<\/li>\n<li>\n<h4><em>Height without extension: 119cm<\/em><\/h4>\n<\/li>\n<\/ul>\n<h4 style=\"text-align: center;\"><em><b>The photos show the actual state of the object<\/b><\/em><\/h4>\n<h4 style=\"text-align: center;\"><em><b>Additional photos upon request<\/b><\/em><\/h4>\n<h4 style=\"text-align: center;\"><em><b>All our items on display are available in our warehouse.<\/b><\/em><\/h4>\n<h4 style=\"text-align: center;\"><em><b>Can be viewed by appointment.<\/b><\/em><\/h4>\n<h4><em><b>NO. ART 3935<\/b><\/em><\/h4>","protected":false},"excerpt":{"rendered":"<p>Komoda unikatowa, zabytkowa w stylu renesansowym pocz\u0105tek XIX wieku Komoda unikatowa z nadstawk\u0105, zabytkowa z pocz\u0105tku XIX wieku w stylu renesansowym. Komoda r\u0119cznie rze\u017abiona, wykonana z drewna ciemnego. Wykonywano pojedyncze egzemplarze z dba\u0142o\u015bci\u0105 o detale. Komoda do renowacji. Wymiary: d\u0142ugo\u015b\u0107: 121cm g\u0142\u0119boko\u015b\u0107: 60cm wysoko\u015b\u0107 ca\u0142kowita: 165 cm wysoko\u015b\u0107 bez nadstawki: 119cm Zdj\u0119cia przedstawiaj\u0105 stan faktyczny [&hellip;]<\/p>\n","protected":false},"featured_media":37595,"template":"","meta":{"_seopress_robots_primary_cat":"","_seopress_titles_title":"","_seopress_titles_desc":"","_seopress_robots_index":"","site-sidebar-layout":"default","site-content-layout":"","ast-site-content-layout":"default","site-content-style":"default","site-sidebar-style":"default","ast-global-header-display":"","ast-banner-title-visibility":"","ast-main-header-display":"","ast-hfb-above-header-display":"","ast-hfb-below-header-display":"","ast-hfb-mobile-header-display":"","site-post-title":"","ast-breadcrumbs-content":"","ast-featured-img":"","footer-sml-layout":"","ast-disable-related-posts":"","theme-transparent-header-meta":"default","adv-header-id-meta":"","stick-header-meta":"default","header-above-stick-meta":"","header-main-stick-meta":"","header-below-stick-meta":"","astra-migrate-meta-layouts":"set","ast-page-background-enabled":"default","ast-page-background-meta":{"desktop":{"background-color":"var(--ast-global-color-4)","background-image":"","background-repeat":"repeat","background-position":"center center","background-size":"auto","background-attachment":"scroll","background-type":"","background-media":"","overlay-type":"","overlay-color":"","overlay-opacity":"","overlay-gradient":""},"tablet":{"background-color":"","background-image":"","background-repeat":"repeat","background-position":"center center","background-size":"auto","background-attachment":"scroll","background-type":"","background-media":"","overlay-type":"","overlay-color":"","overlay-opacity":"","overlay-gradient":""},"mobile":{"background-color":"","background-image":"","background-repeat":"repeat","background-position":"center center","background-size":"auto","background-attachment":"scroll","background-type":"","background-media":"","overlay-type":"","overlay-color":"","overlay-opacity":"","overlay-gradient":""}},"ast-content-background-meta":{"desktop":{"background-color":"var(--ast-global-color-5)","background-image":"","background-repeat":"repeat","background-position":"center center","background-size":"auto","background-attachment":"scroll","background-type":"","background-media":"","overlay-type":"","overlay-color":"","overlay-opacity":"","overlay-gradient":""},"tablet":{"background-color":"var(--ast-global-color-5)","background-image":"","background-repeat":"repeat","background-position":"center center","background-size":"auto","background-attachment":"scroll","background-type":"","background-media":"","overlay-type":"","overlay-color":"","overlay-opacity":"","overlay-gradient":""},"mobile":{"background-color":"var(--ast-global-color-5)","background-image":"","background-repeat":"repeat","background-position":"center center","background-size":"auto","background-attachment":"scroll","background-type":"","background-media":"","overlay-type":"","overlay-color":"","overlay-opacity":"","overlay-gradient":""}}},"product_brand":[],"product_cat":[92,55,37,32],"product_tag":[],"class_list":{"0":"post-37647","1":"product","2":"type-product","3":"status-publish","4":"has-post-thumbnail","6":"product_cat-biblioteka","7":"product_cat-biurka-sekretery","8":"product_cat-komody","9":"product_cat-meble","10":"product_shipping_class-osobisty","11":"desktop-align-left","12":"tablet-align-left","13":"mobile-align-left","14":"ast-product-gallery-layout-vertical-slider","15":"ast-product-tabs-layout-horizontal","16":"ast-qv-on-image","18":"first","19":"instock","20":"sale","21":"sold-individually","22":"shipping-taxable","23":"purchasable","24":"product-type-simple"},"_links":{"self":[{"href":"https:\/\/antart.com.pl\/en\/wp-json\/wp\/v2\/product\/37647","targetHints":{"allow":["GET"]}}],"collection":[{"href":"https:\/\/antart.com.pl\/en\/wp-json\/wp\/v2\/product"}],"about":[{"href":"https:\/\/antart.com.pl\/en\/wp-json\/wp\/v2\/types\/product"}],"wp:featuredmedia":[{"embeddable":true,"href":"https:\/\/antart.com.pl\/en\/wp-json\/wp\/v2\/media\/37595"}],"wp:attachment":[{"href":"https:\/\/antart.com.pl\/en\/wp-json\/wp\/v2\/media?parent=37647"}],"wp:term":[{"taxonomy":"product_brand","embeddable":true,"href":"https:\/\/antart.com.pl\/en\/wp-json\/wp\/v2\/product_brand?post=37647"},{"taxonomy":"product_cat","embeddable":true,"href":"https:\/\/antart.com.pl\/en\/wp-json\/wp\/v2\/product_cat?post=37647"},{"taxonomy":"product_tag","embeddable":true,"href":"https:\/\/antart.com.pl\/en\/wp-json\/wp\/v2\/product_tag?post=37647"}],"curies":[{"name":"wp","href":"https:\/\/api.w.org\/{rel}","templated":true}]}}