{"id":37651,"date":"2025-08-02T11:53:06","date_gmt":"2025-08-02T09:53:06","guid":{"rendered":"https:\/\/antart.com.pl\/?post_type=product&#038;p=37651"},"modified":"2026-04-01T20:34:35","modified_gmt":"2026-04-01T18:34:35","slug":"set-of-troika-tables-in-gilded-wood-in-ludwik","status":"publish","type":"product","link":"https:\/\/antart.com.pl\/en\/produkt\/komplet-stolikow-trojaki-drewniane-zlocone-w-ludwiku\/","title":{"rendered":"Set of Trojak Wooden Gilt Tables in Ludwig"},"content":{"rendered":"<h4 style=\"text-align: center;\"><em><strong>Set of Trojak Wooden Gilt Tables in Ludwig<\/strong><\/em><\/h4>\n<h4 style=\"text-align: center;\"><em><strong>Wooden tables in the Ludvik style, gilded.<\/strong><\/em><\/h4>\n<h4 style=\"text-align: center;\"><em><strong>The tables tuck into one another in such a way that only one table is created.<\/strong><\/em><\/h4>\n<h4><em><strong>Dimensions:<\/strong><\/em><\/h4>\n<h4><em><strong>1 table<\/strong><\/em><\/h4>\n<ul>\n<li>\n<h4><em><strong>length: 55cm<\/strong><\/em><\/h4>\n<\/li>\n<li>\n<h4><em><strong>width:36 cm<\/strong><\/em><\/h4>\n<\/li>\n<li>\n<h4><em><strong>height: 58 cm<\/strong><\/em><\/h4>\n<\/li>\n<\/ul>\n<h4><em><strong>2 table<\/strong><\/em><\/h4>\n<ul>\n<li>\n<h4><em><strong>length: 43 cm<\/strong><\/em><\/h4>\n<\/li>\n<li>\n<h4><em><strong>width: 33 cm<\/strong><\/em><\/h4>\n<\/li>\n<li>\n<h4><em><strong>height: 51 cm<\/strong><\/em><\/h4>\n<\/li>\n<\/ul>\n<h4><em><strong>3 table<\/strong><\/em><\/h4>\n<ul>\n<li>\n<h4><em><strong>length: 32cm<\/strong><\/em><\/h4>\n<\/li>\n<li>\n<h4><em><strong>width:32 cm<\/strong><\/em><\/h4>\n<\/li>\n<li>\n<h4><em><strong>height: 44 cm<\/strong><\/em><\/h4>\n<\/li>\n<\/ul>\n<h4 style=\"text-align: center;\"><em><strong>The photos show the actual state of the object<\/strong><\/em><\/h4>\n<h4 style=\"text-align: center;\"><em><strong>Additional photos upon request<\/strong><\/em><\/h4>\n<h4 style=\"text-align: center;\"><em><strong>All our items on display are available in our warehouse.<\/strong><\/em><\/h4>\n<h4 style=\"text-align: center;\"><em><strong>Can be viewed by appointment.<\/strong><\/em><\/h4>\n<h4><em><strong>No.3955<\/strong><\/em><\/h4>","protected":false},"excerpt":{"rendered":"<p>Komplet Stolik\u00f3w Trojaki drewniane z\u0142ocone w Ludwiku Stoliki drewniane w stylu ludwikowskim, z\u0142ocone. Stoliku chowaj\u0105 si\u0119 w jeden w drugi w taki spos\u00f3b powstaje tylko jeden stolik. Wymiary: 1 stolik d\u0142ugo\u015b\u0107: 55cm szeroko\u015b\u0107:36 cm wysoko\u015b\u0107: 58 cm 2 stolik d\u0142ugo\u015b\u0107: 43 cm szeroko\u015b\u0107: 33 cm wysoko\u015b\u0107: 51 cm 3 stolik d\u0142ugo\u015b\u0107: 32cm szeroko\u015b\u0107:32 cm wysoko\u015b\u0107: [&hellip;]<\/p>\n","protected":false},"featured_media":37637,"template":"","meta":{"_seopress_robots_primary_cat":"","_seopress_titles_title":"","_seopress_titles_desc":"","_seopress_robots_index":"","site-sidebar-layout":"default","site-content-layout":"","ast-site-content-layout":"default","site-content-style":"default","site-sidebar-style":"default","ast-global-header-display":"","ast-banner-title-visibility":"","ast-main-header-display":"","ast-hfb-above-header-display":"","ast-hfb-below-header-display":"","ast-hfb-mobile-header-display":"","site-post-title":"","ast-breadcrumbs-content":"","ast-featured-img":"","footer-sml-layout":"","ast-disable-related-posts":"","theme-transparent-header-meta":"default","adv-header-id-meta":"","stick-header-meta":"default","header-above-stick-meta":"","header-main-stick-meta":"","header-below-stick-meta":"","astra-migrate-meta-layouts":"set","ast-page-background-enabled":"default","ast-page-background-meta":{"desktop":{"background-color":"var(--ast-global-color-4)","background-image":"","background-repeat":"repeat","background-position":"center center","background-size":"auto","background-attachment":"scroll","background-type":"","background-media":"","overlay-type":"","overlay-color":"","overlay-opacity":"","overlay-gradient":""},"tablet":{"background-color":"","background-image":"","background-repeat":"repeat","background-position":"center center","background-size":"auto","background-attachment":"scroll","background-type":"","background-media":"","overlay-type":"","overlay-color":"","overlay-opacity":"","overlay-gradient":""},"mobile":{"background-color":"","background-image":"","background-repeat":"repeat","background-position":"center center","background-size":"auto","background-attachment":"scroll","background-type":"","background-media":"","overlay-type":"","overlay-color":"","overlay-opacity":"","overlay-gradient":""}},"ast-content-background-meta":{"desktop":{"background-color":"var(--ast-global-color-5)","background-image":"","background-repeat":"repeat","background-position":"center center","background-size":"auto","background-attachment":"scroll","background-type":"","background-media":"","overlay-type":"","overlay-color":"","overlay-opacity":"","overlay-gradient":""},"tablet":{"background-color":"var(--ast-global-color-5)","background-image":"","background-repeat":"repeat","background-position":"center center","background-size":"auto","background-attachment":"scroll","background-type":"","background-media":"","overlay-type":"","overlay-color":"","overlay-opacity":"","overlay-gradient":""},"mobile":{"background-color":"var(--ast-global-color-5)","background-image":"","background-repeat":"repeat","background-position":"center center","background-size":"auto","background-attachment":"scroll","background-type":"","background-media":"","overlay-type":"","overlay-color":"","overlay-opacity":"","overlay-gradient":""}}},"product_brand":[],"product_cat":[32,33],"product_tag":[],"class_list":{"0":"post-37651","1":"product","2":"type-product","3":"status-publish","4":"has-post-thumbnail","6":"product_cat-meble","7":"product_cat-stoly-stoliki","8":"product_shipping_class-wysylka-60zl","9":"desktop-align-left","10":"tablet-align-left","11":"mobile-align-left","12":"ast-product-gallery-layout-vertical-slider","13":"ast-product-tabs-layout-horizontal","14":"ast-qv-on-image","16":"first","17":"instock","18":"sale","19":"sold-individually","20":"shipping-taxable","21":"purchasable","22":"product-type-simple"},"_links":{"self":[{"href":"https:\/\/antart.com.pl\/en\/wp-json\/wp\/v2\/product\/37651","targetHints":{"allow":["GET"]}}],"collection":[{"href":"https:\/\/antart.com.pl\/en\/wp-json\/wp\/v2\/product"}],"about":[{"href":"https:\/\/antart.com.pl\/en\/wp-json\/wp\/v2\/types\/product"}],"wp:featuredmedia":[{"embeddable":true,"href":"https:\/\/antart.com.pl\/en\/wp-json\/wp\/v2\/media\/37637"}],"wp:attachment":[{"href":"https:\/\/antart.com.pl\/en\/wp-json\/wp\/v2\/media?parent=37651"}],"wp:term":[{"taxonomy":"product_brand","embeddable":true,"href":"https:\/\/antart.com.pl\/en\/wp-json\/wp\/v2\/product_brand?post=37651"},{"taxonomy":"product_cat","embeddable":true,"href":"https:\/\/antart.com.pl\/en\/wp-json\/wp\/v2\/product_cat?post=37651"},{"taxonomy":"product_tag","embeddable":true,"href":"https:\/\/antart.com.pl\/en\/wp-json\/wp\/v2\/product_tag?post=37651"}],"curies":[{"name":"wp","href":"https:\/\/api.w.org\/{rel}","templated":true}]}}