{"id":38162,"date":"2025-08-04T10:53:22","date_gmt":"2025-08-04T08:53:22","guid":{"rendered":"https:\/\/antart.com.pl\/?post_type=product&#038;p=38162"},"modified":"2026-04-01T20:19:36","modified_gmt":"2026-04-01T18:19:36","slug":"art-glass-vase","status":"publish","type":"product","link":"https:\/\/antart.com.pl\/en\/produkt\/wazonik-szklany-artystyczny\/","title":{"rendered":"Art glass vase"},"content":{"rendered":"<h4 style=\"text-align: center;\"><em><b>Art glass vase in avocado green, hand-blown with a thick base. Perfectly suited to any interior.<\/b><\/em><\/h4>\n<h4><\/h4>\n<h4><em><b>It has a small scratch.<\/b><\/em><\/h4>\n<h4><\/h4>\n<h4><em><b>Dimensions<\/b><\/em><\/h4>\n<ul>\n<li>\n<h4><em><b>Height: 16cm.<\/b><\/em><\/h4>\n<\/li>\n<li>\n<h4><em><b>Top diameter: 4cm.<\/b><\/em><\/h4>\n<\/li>\n<li>\n<h4><em><b>Base diameter: 4.5cm.<\/b><\/em><\/h4>\n<\/li>\n<li>\n<h4><em><b>Width: 7cm.<\/b><\/em><\/h4>\n<\/li>\n<\/ul>\n<h4 style=\"text-align: center;\"><em><b>The photos show the actual state of the object<\/b><\/em><\/h4>\n<h4 style=\"text-align: center;\"><em><b>Additional photos upon request<\/b><\/em><\/h4>\n<h4 style=\"text-align: center;\"><em><b>All our items on display are available in our warehouse.<\/b><\/em><\/h4>\n<h4 style=\"text-align: center;\"><em><b>Can be viewed by appointment.<\/b><\/em><\/h4>\n<h4><\/h4>\n<h4><em><b>No. 5296<\/b><\/em><\/h4>","protected":false},"excerpt":{"rendered":"<p>Wazonik ze szk\u0142a artystycznego w kolorze zielonego avocado, r\u0119cznie dmuchany z grub\u0105 podstaw\u0105. Idealnie pasuje do ka\u017cdego wn\u0119trza. Posiada ma\u0142e zarysowanie. Wymiary Wysoko\u015b\u0107: 16cm. \u015arednica g\u00f3rna: 4cm. \u015arednica podstawy: 4,5cm. Szeroko\u015b\u0107: 7cm. Zdj\u0119cia przedstawiaj\u0105 stan faktyczny przedmiotu Dodatkowe zdj\u0119cia na pro\u015bb\u0119 zainteresowanych Wszystkie nasze przedmioty wystawione s\u0105 dost\u0119pne w naszym magazynie. Mo\u017cna obejrze\u0107 po wcze\u015bniejszym [&hellip;]<\/p>\n","protected":false},"featured_media":37833,"template":"","meta":{"_seopress_robots_primary_cat":"","_seopress_titles_title":"","_seopress_titles_desc":"","_seopress_robots_index":"","site-sidebar-layout":"default","site-content-layout":"","ast-site-content-layout":"default","site-content-style":"default","site-sidebar-style":"default","ast-global-header-display":"","ast-banner-title-visibility":"","ast-main-header-display":"","ast-hfb-above-header-display":"","ast-hfb-below-header-display":"","ast-hfb-mobile-header-display":"","site-post-title":"","ast-breadcrumbs-content":"","ast-featured-img":"","footer-sml-layout":"","ast-disable-related-posts":"","theme-transparent-header-meta":"default","adv-header-id-meta":"","stick-header-meta":"default","header-above-stick-meta":"","header-main-stick-meta":"","header-below-stick-meta":"","astra-migrate-meta-layouts":"set","ast-page-background-enabled":"default","ast-page-background-meta":{"desktop":{"background-color":"var(--ast-global-color-4)","background-image":"","background-repeat":"repeat","background-position":"center center","background-size":"auto","background-attachment":"scroll","background-type":"","background-media":"","overlay-type":"","overlay-color":"","overlay-opacity":"","overlay-gradient":""},"tablet":{"background-color":"","background-image":"","background-repeat":"repeat","background-position":"center center","background-size":"auto","background-attachment":"scroll","background-type":"","background-media":"","overlay-type":"","overlay-color":"","overlay-opacity":"","overlay-gradient":""},"mobile":{"background-color":"","background-image":"","background-repeat":"repeat","background-position":"center center","background-size":"auto","background-attachment":"scroll","background-type":"","background-media":"","overlay-type":"","overlay-color":"","overlay-opacity":"","overlay-gradient":""}},"ast-content-background-meta":{"desktop":{"background-color":"var(--ast-global-color-5)","background-image":"","background-repeat":"repeat","background-position":"center center","background-size":"auto","background-attachment":"scroll","background-type":"","background-media":"","overlay-type":"","overlay-color":"","overlay-opacity":"","overlay-gradient":""},"tablet":{"background-color":"var(--ast-global-color-5)","background-image":"","background-repeat":"repeat","background-position":"center center","background-size":"auto","background-attachment":"scroll","background-type":"","background-media":"","overlay-type":"","overlay-color":"","overlay-opacity":"","overlay-gradient":""},"mobile":{"background-color":"var(--ast-global-color-5)","background-image":"","background-repeat":"repeat","background-position":"center center","background-size":"auto","background-attachment":"scroll","background-type":"","background-media":"","overlay-type":"","overlay-color":"","overlay-opacity":"","overlay-gradient":""}}},"product_brand":[],"product_cat":[27,71],"product_tag":[],"class_list":{"0":"post-38162","1":"product","2":"type-product","3":"status-publish","4":"has-post-thumbnail","6":"product_cat-dekoracyjne","7":"product_cat-wazony","8":"product_shipping_class-wysylka-19zl","9":"desktop-align-left","10":"tablet-align-left","11":"mobile-align-left","12":"ast-product-gallery-layout-vertical-slider","13":"ast-product-tabs-layout-horizontal","14":"ast-qv-on-image","16":"first","17":"instock","18":"sale","19":"sold-individually","20":"shipping-taxable","21":"purchasable","22":"product-type-simple"},"_links":{"self":[{"href":"https:\/\/antart.com.pl\/en\/wp-json\/wp\/v2\/product\/38162","targetHints":{"allow":["GET"]}}],"collection":[{"href":"https:\/\/antart.com.pl\/en\/wp-json\/wp\/v2\/product"}],"about":[{"href":"https:\/\/antart.com.pl\/en\/wp-json\/wp\/v2\/types\/product"}],"wp:featuredmedia":[{"embeddable":true,"href":"https:\/\/antart.com.pl\/en\/wp-json\/wp\/v2\/media\/37833"}],"wp:attachment":[{"href":"https:\/\/antart.com.pl\/en\/wp-json\/wp\/v2\/media?parent=38162"}],"wp:term":[{"taxonomy":"product_brand","embeddable":true,"href":"https:\/\/antart.com.pl\/en\/wp-json\/wp\/v2\/product_brand?post=38162"},{"taxonomy":"product_cat","embeddable":true,"href":"https:\/\/antart.com.pl\/en\/wp-json\/wp\/v2\/product_cat?post=38162"},{"taxonomy":"product_tag","embeddable":true,"href":"https:\/\/antart.com.pl\/en\/wp-json\/wp\/v2\/product_tag?post=38162"}],"curies":[{"name":"wp","href":"https:\/\/api.w.org\/{rel}","templated":true}]}}