{"id":38163,"date":"2025-08-04T11:08:21","date_gmt":"2025-08-04T09:08:21","guid":{"rendered":"https:\/\/antart.com.pl\/?post_type=product&#038;p=38163"},"modified":"2025-08-04T11:08:21","modified_gmt":"2025-08-04T09:08:21","slug":"jug-gerz-grey-stoneware","status":"publish","type":"product","link":"https:\/\/antart.com.pl\/en\/produkt\/dzbanek-gerz-grey-stoneware\/","title":{"rendered":"Gerz jug Grey Stoneware"},"content":{"rendered":"<h3 style=\"text-align: center;\"><em><b>Jug by Gerz Grey Stoneware, made from ceramic with dominant grape and leaf motifs, finished in navy blue. Ideal for serving drinks, wine and as a collectible and decorative piece.<\/b><\/em><\/h3>\n<h3><\/h3>\n<h3><em><b>Dimensions<\/b><\/em><\/h3>\n<ul>\n<li>\n<h3><em><b>Height: 13cm.<\/b><\/em><\/h3>\n<\/li>\n<li>\n<h3><em><b>Top diameter: 5cm.<\/b><\/em><\/h3>\n<\/li>\n<li>\n<h3><em><b>Base diameter: 4.5cm.<\/b><\/em><\/h3>\n<\/li>\n<li>\n<h3><em><b>Width: 11cm.<\/b><\/em><\/h3>\n<\/li>\n<li>\n<h3><em><b>Volume: 250ml.<\/b><\/em><\/h3>\n<\/li>\n<\/ul>\n<h3 style=\"text-align: center;\"><em><b>The photos show the actual state of the object<\/b><\/em><\/h3>\n<h3 style=\"text-align: center;\"><em><b>Additional photos upon request<\/b><\/em><\/h3>\n<h3 style=\"text-align: center;\"><em><b>All our items on display are available in our warehouse.<\/b><\/em><em><b>Can be viewed by appointment.<\/b><\/em><\/h3>\n<h3><\/h3>\n<h3><em><b>No. 5297<\/b><\/em><\/h3>","protected":false},"excerpt":{"rendered":"<p>Dzbanek produkcji Gerz Grey Stoneware, wyprodukowany z ceramiki z dominuj\u0105cymi motywami winogron i li\u015bci, wyko\u0144czony kolorem granatowym. Idealny do podawania napoi, wina oraz jako element kolekcjonerski i dekoracyjny. Wymiary Wysoko\u015b\u0107: 13cm. \u015arednica g\u00f3rna: 5cm. \u015arednica podstawy: 4,5cm. Szeroko\u015b\u0107: 11cm. Poj: 250ml. Zdj\u0119cia przedstawiaj\u0105 stan faktyczny przedmiotu Dodatkowe zdj\u0119cia na pro\u015bb\u0119 zainteresowanych Wszystkie nasze przedmioty wystawione [&hellip;]<\/p>\n","protected":false},"featured_media":37839,"template":"","meta":{"_seopress_robots_primary_cat":"","_seopress_titles_title":"","_seopress_titles_desc":"","_seopress_robots_index":"","site-sidebar-layout":"default","site-content-layout":"","ast-site-content-layout":"default","site-content-style":"default","site-sidebar-style":"default","ast-global-header-display":"","ast-banner-title-visibility":"","ast-main-header-display":"","ast-hfb-above-header-display":"","ast-hfb-below-header-display":"","ast-hfb-mobile-header-display":"","site-post-title":"","ast-breadcrumbs-content":"","ast-featured-img":"","footer-sml-layout":"","ast-disable-related-posts":"","theme-transparent-header-meta":"default","adv-header-id-meta":"","stick-header-meta":"default","header-above-stick-meta":"","header-main-stick-meta":"","header-below-stick-meta":"","astra-migrate-meta-layouts":"set","ast-page-background-enabled":"default","ast-page-background-meta":{"desktop":{"background-color":"var(--ast-global-color-4)","background-image":"","background-repeat":"repeat","background-position":"center center","background-size":"auto","background-attachment":"scroll","background-type":"","background-media":"","overlay-type":"","overlay-color":"","overlay-opacity":"","overlay-gradient":""},"tablet":{"background-color":"","background-image":"","background-repeat":"repeat","background-position":"center center","background-size":"auto","background-attachment":"scroll","background-type":"","background-media":"","overlay-type":"","overlay-color":"","overlay-opacity":"","overlay-gradient":""},"mobile":{"background-color":"","background-image":"","background-repeat":"repeat","background-position":"center center","background-size":"auto","background-attachment":"scroll","background-type":"","background-media":"","overlay-type":"","overlay-color":"","overlay-opacity":"","overlay-gradient":""}},"ast-content-background-meta":{"desktop":{"background-color":"var(--ast-global-color-5)","background-image":"","background-repeat":"repeat","background-position":"center center","background-size":"auto","background-attachment":"scroll","background-type":"","background-media":"","overlay-type":"","overlay-color":"","overlay-opacity":"","overlay-gradient":""},"tablet":{"background-color":"var(--ast-global-color-5)","background-image":"","background-repeat":"repeat","background-position":"center center","background-size":"auto","background-attachment":"scroll","background-type":"","background-media":"","overlay-type":"","overlay-color":"","overlay-opacity":"","overlay-gradient":""},"mobile":{"background-color":"var(--ast-global-color-5)","background-image":"","background-repeat":"repeat","background-position":"center center","background-size":"auto","background-attachment":"scroll","background-type":"","background-media":"","overlay-type":"","overlay-color":"","overlay-opacity":"","overlay-gradient":""}}},"product_brand":[],"product_cat":[70,68,24],"product_tag":[],"class_list":{"0":"post-38163","1":"product","2":"type-product","3":"status-publish","4":"has-post-thumbnail","6":"product_cat-dzbanki","7":"product_cat-dzbanki-mleczniki-cukiernice","8":"product_cat-kuchnia","9":"product_shipping_class-wysylka-19zl","10":"desktop-align-left","11":"tablet-align-left","12":"mobile-align-left","13":"ast-product-gallery-layout-vertical-slider","14":"ast-product-tabs-layout-horizontal","15":"ast-qv-on-image","17":"first","18":"instock","19":"sold-individually","20":"shipping-taxable","21":"purchasable","22":"product-type-simple"},"_links":{"self":[{"href":"https:\/\/antart.com.pl\/en\/wp-json\/wp\/v2\/product\/38163","targetHints":{"allow":["GET"]}}],"collection":[{"href":"https:\/\/antart.com.pl\/en\/wp-json\/wp\/v2\/product"}],"about":[{"href":"https:\/\/antart.com.pl\/en\/wp-json\/wp\/v2\/types\/product"}],"wp:featuredmedia":[{"embeddable":true,"href":"https:\/\/antart.com.pl\/en\/wp-json\/wp\/v2\/media\/37839"}],"wp:attachment":[{"href":"https:\/\/antart.com.pl\/en\/wp-json\/wp\/v2\/media?parent=38163"}],"wp:term":[{"taxonomy":"product_brand","embeddable":true,"href":"https:\/\/antart.com.pl\/en\/wp-json\/wp\/v2\/product_brand?post=38163"},{"taxonomy":"product_cat","embeddable":true,"href":"https:\/\/antart.com.pl\/en\/wp-json\/wp\/v2\/product_cat?post=38163"},{"taxonomy":"product_tag","embeddable":true,"href":"https:\/\/antart.com.pl\/en\/wp-json\/wp\/v2\/product_tag?post=38163"}],"curies":[{"name":"wp","href":"https:\/\/api.w.org\/{rel}","templated":true}]}}