{"id":38375,"date":"2025-08-09T11:38:46","date_gmt":"2025-08-09T09:38:46","guid":{"rendered":"https:\/\/antart.com.pl\/?post_type=product&#038;p=38375"},"modified":"2025-08-09T11:38:46","modified_gmt":"2025-08-09T09:38:46","slug":"bar-chair-hocker-from-61-by-erik-buch-from-the-1960s","status":"publish","type":"product","link":"https:\/\/antart.com.pl\/en\/produkt\/krzeslo-hoker-barowy-od-61-proj-erika-bucha-z-lat-60-tych\/","title":{"rendered":"Chair, bar hocker OD-61 by Erik Buch from the 1960s"},"content":{"rendered":"<h4 style=\"text-align: center;\"><em><b>Chair, bar hocker OD-61 by Erik Buch from the 1960s<\/b><\/em><\/h4>\n<h4 style=\"text-align: center;\"><em>Danish chair in exotic rosewood.<\/em><\/h4>\n<h4 style=\"text-align: center;\"><em>Model OD-61 designed by Erik Buch and manufactured by Odense Maskinedkeri in Denmark in the 1960s.<\/em><\/h4>\n<h4><em><b>Dimensions:<\/b><\/em><\/h4>\n<ul>\n<li>\n<h4><em>height: 84cm<\/em><\/h4>\n<\/li>\n<li>\n<h4><em>width: 36 cm<\/em><\/h4>\n<\/li>\n<li>\n<h4><em>overall depth: 34cm<\/em><\/h4>\n<\/li>\n<li>\n<h4><em>seat depth: 29cm<\/em><\/h4>\n<\/li>\n<li>\n<h4><em>height to seat: 76cm<\/em><\/h4>\n<\/li>\n<li>\n<h4><em>Height to footrest: 32<\/em><\/h4>\n<\/li>\n<\/ul>\n<h4 style=\"text-align: center;\"><em><b>The photos show the actual state of the object<\/b><\/em><\/h4>\n<h4 style=\"text-align: center;\"><em><b>Additional photos upon request<\/b><\/em><\/h4>\n<h4 style=\"text-align: center;\"><em><b>All our items on display are available in our warehouse.<\/b><\/em><\/h4>\n<h4 style=\"text-align: center;\"><em><b>Can be viewed by appointment.<\/b><\/em><\/h4>\n<h4><em><b>Order no. 3963<\/b><\/em><\/h4>","protected":false},"excerpt":{"rendered":"<p>Krzes\u0142o, hoker barowy OD-61 proj. Erika Bucha z lat 60-tych Krzes\u0142o du\u0144skie z drewna egzotycznego palisandrowego. Model OD-61 zaprojektowany przez Erika Bucha i wyprodukowany przez Odense Maskinedkeri w Danii w latach 60-tych. Wymiary: wysoko\u015b\u0107: 84cm szeroko\u015b\u0107: 36 cm g\u0142\u0119boko\u015b\u0107 ca\u0142kowita: 34cm g\u0142\u0119boko\u015b\u0107 siedziska: 29cm wysoko\u015b\u0107 do siedziska: 76cm wysoko\u015b\u0107 do podn\u00f3\u017cka: 32 Zdj\u0119cia przedstawiaj\u0105 stan [&hellip;]<\/p>\n","protected":false},"featured_media":38340,"template":"","meta":{"_seopress_robots_primary_cat":"","_seopress_titles_title":"","_seopress_titles_desc":"","_seopress_robots_index":"","site-sidebar-layout":"default","site-content-layout":"","ast-site-content-layout":"default","site-content-style":"default","site-sidebar-style":"default","ast-global-header-display":"","ast-banner-title-visibility":"","ast-main-header-display":"","ast-hfb-above-header-display":"","ast-hfb-below-header-display":"","ast-hfb-mobile-header-display":"","site-post-title":"","ast-breadcrumbs-content":"","ast-featured-img":"","footer-sml-layout":"","ast-disable-related-posts":"","theme-transparent-header-meta":"default","adv-header-id-meta":"","stick-header-meta":"default","header-above-stick-meta":"","header-main-stick-meta":"","header-below-stick-meta":"","astra-migrate-meta-layouts":"set","ast-page-background-enabled":"default","ast-page-background-meta":{"desktop":{"background-color":"var(--ast-global-color-4)","background-image":"","background-repeat":"repeat","background-position":"center center","background-size":"auto","background-attachment":"scroll","background-type":"","background-media":"","overlay-type":"","overlay-color":"","overlay-opacity":"","overlay-gradient":""},"tablet":{"background-color":"","background-image":"","background-repeat":"repeat","background-position":"center center","background-size":"auto","background-attachment":"scroll","background-type":"","background-media":"","overlay-type":"","overlay-color":"","overlay-opacity":"","overlay-gradient":""},"mobile":{"background-color":"","background-image":"","background-repeat":"repeat","background-position":"center center","background-size":"auto","background-attachment":"scroll","background-type":"","background-media":"","overlay-type":"","overlay-color":"","overlay-opacity":"","overlay-gradient":""}},"ast-content-background-meta":{"desktop":{"background-color":"var(--ast-global-color-5)","background-image":"","background-repeat":"repeat","background-position":"center center","background-size":"auto","background-attachment":"scroll","background-type":"","background-media":"","overlay-type":"","overlay-color":"","overlay-opacity":"","overlay-gradient":""},"tablet":{"background-color":"var(--ast-global-color-5)","background-image":"","background-repeat":"repeat","background-position":"center center","background-size":"auto","background-attachment":"scroll","background-type":"","background-media":"","overlay-type":"","overlay-color":"","overlay-opacity":"","overlay-gradient":""},"mobile":{"background-color":"var(--ast-global-color-5)","background-image":"","background-repeat":"repeat","background-position":"center center","background-size":"auto","background-attachment":"scroll","background-type":"","background-media":"","overlay-type":"","overlay-color":"","overlay-opacity":"","overlay-gradient":""}}},"product_brand":[],"product_cat":[36,32,43],"product_tag":[],"class_list":{"0":"post-38375","1":"product","2":"type-product","3":"status-publish","4":"has-post-thumbnail","6":"product_cat-krzesla-taborety","7":"product_cat-meble","8":"product_cat-meble-designe","9":"product_shipping_class-wysylka-60zl","10":"desktop-align-left","11":"tablet-align-left","12":"mobile-align-left","13":"ast-product-gallery-layout-vertical-slider","14":"ast-product-tabs-layout-horizontal","15":"ast-qv-on-image","17":"first","18":"instock","19":"sold-individually","20":"shipping-taxable","21":"purchasable","22":"product-type-simple"},"_links":{"self":[{"href":"https:\/\/antart.com.pl\/en\/wp-json\/wp\/v2\/product\/38375","targetHints":{"allow":["GET"]}}],"collection":[{"href":"https:\/\/antart.com.pl\/en\/wp-json\/wp\/v2\/product"}],"about":[{"href":"https:\/\/antart.com.pl\/en\/wp-json\/wp\/v2\/types\/product"}],"wp:featuredmedia":[{"embeddable":true,"href":"https:\/\/antart.com.pl\/en\/wp-json\/wp\/v2\/media\/38340"}],"wp:attachment":[{"href":"https:\/\/antart.com.pl\/en\/wp-json\/wp\/v2\/media?parent=38375"}],"wp:term":[{"taxonomy":"product_brand","embeddable":true,"href":"https:\/\/antart.com.pl\/en\/wp-json\/wp\/v2\/product_brand?post=38375"},{"taxonomy":"product_cat","embeddable":true,"href":"https:\/\/antart.com.pl\/en\/wp-json\/wp\/v2\/product_cat?post=38375"},{"taxonomy":"product_tag","embeddable":true,"href":"https:\/\/antart.com.pl\/en\/wp-json\/wp\/v2\/product_tag?post=38375"}],"curies":[{"name":"wp","href":"https:\/\/api.w.org\/{rel}","templated":true}]}}