{"id":38618,"date":"2025-08-10T11:26:24","date_gmt":"2025-08-10T09:26:24","guid":{"rendered":"https:\/\/antart.com.pl\/?post_type=product&#038;p=38618"},"modified":"2025-08-10T11:30:42","modified_gmt":"2025-08-10T09:30:42","slug":"hanger-chair-italian-designed-by-jco-parisi-for-fratelli-reguitti-unique","status":"publish","type":"product","link":"https:\/\/antart.com.pl\/en\/produkt\/krzeslo-wieszak-wloskie-proj-jco-parisiego-dla-fratelli-reguitti-unikat\/","title":{"rendered":"Chair, hanger Italian design by Ico Parisi for Fratelli Reguitti UNIQUE"},"content":{"rendered":"<h4 style=\"text-align: center;\"><em><strong>Chair, hanger Italian design by Ico Parisi for Fratelli Reguitti UNIQUE<\/strong><\/em><\/h4>\n<h4 style=\"text-align: center;\"><em><strong>Chair made of solid beech wood.<\/strong><\/em><\/h4>\n<h4 style=\"text-align: center;\"><em><strong>A chair, an Italian hanger ideal for a dressing table, designed by Ico Parisi for Fratelli Reguitti.<\/strong><\/em><\/h4>\n<h4 style=\"text-align: center;\"><em><strong>The chair has side-folding brass retractable handles. The seat is hand-woven rattan webbing.<\/strong><\/em><\/h4>\n<h4 style=\"text-align: center;\"><em><strong>The chair has a storage compartment under the seat.<\/strong><\/em><\/h4>\n<h4 style=\"text-align: center;\"><em><strong>The manufacturer's mark is embossed on the wood under the seat.<\/strong><\/em><\/h4>\n<h4><em><strong>Dimensions:<\/strong><\/em><\/h4>\n<ul>\n<li>\n<h4><em><strong>height: 101cm<\/strong><\/em><\/h4>\n<\/li>\n<li>\n<h4><em><strong>overall width: 47<\/strong><\/em><\/h4>\n<\/li>\n<li>\n<h4><em><strong>seat width: 37cm<\/strong><\/em><\/h4>\n<\/li>\n<li>\n<h4><em><strong>depth: 37cm<\/strong><\/em><\/h4>\n<\/li>\n<li>\n<h4><em><strong>height to seat: 43.5 cm<\/strong><\/em><\/h4>\n<\/li>\n<\/ul>\n<h4><\/h4>\n<h4 style=\"text-align: center;\"><em><strong>The photos show the actual state of the object<\/strong><\/em><\/h4>\n<h4 style=\"text-align: center;\"><em><strong>Additional photos upon request<\/strong><\/em><\/h4>\n<h4 style=\"text-align: center;\"><em><strong>All our items on display are available in our warehouse.<\/strong><\/em><\/h4>\n<h4 style=\"text-align: center;\"><em><strong>Can be viewed by appointment.<\/strong><\/em><\/h4>\n<h4><em><strong>Order no. 3979<\/strong><\/em><\/h4>","protected":false},"excerpt":{"rendered":"<p>Krzes\u0142o, wieszak w\u0142oskie proj. Ico Parisiego dla Fratelli Reguitti UNIKAT Krzes\u0142o wykonane ze solidnego drewna bukowego. Krzes\u0142o, wieszak w\u0142oski idealny do toaletki zaprojektowany prze Ico Parisiego dla Fratelli Reguitti. Krzes\u0142o posiada sk\u0142adane z boku mosi\u0119\u017cne chowane uchwyty. Siedzisko jest r\u0119cznie tkanej rattanowej ta\u015bmie. Krzes\u0142o posiada pod siedziskiem schowek. Na drewnie pod siedziskiem jest wyt\u0142oczony znak [&hellip;]<\/p>\n","protected":false},"featured_media":38587,"template":"","meta":{"_seopress_robots_primary_cat":"","_seopress_titles_title":"","_seopress_titles_desc":"","_seopress_robots_index":"","site-sidebar-layout":"default","site-content-layout":"","ast-site-content-layout":"default","site-content-style":"default","site-sidebar-style":"default","ast-global-header-display":"","ast-banner-title-visibility":"","ast-main-header-display":"","ast-hfb-above-header-display":"","ast-hfb-below-header-display":"","ast-hfb-mobile-header-display":"","site-post-title":"","ast-breadcrumbs-content":"","ast-featured-img":"","footer-sml-layout":"","ast-disable-related-posts":"","theme-transparent-header-meta":"default","adv-header-id-meta":"","stick-header-meta":"default","header-above-stick-meta":"","header-main-stick-meta":"","header-below-stick-meta":"","astra-migrate-meta-layouts":"set","ast-page-background-enabled":"default","ast-page-background-meta":{"desktop":{"background-color":"var(--ast-global-color-4)","background-image":"","background-repeat":"repeat","background-position":"center center","background-size":"auto","background-attachment":"scroll","background-type":"","background-media":"","overlay-type":"","overlay-color":"","overlay-opacity":"","overlay-gradient":""},"tablet":{"background-color":"","background-image":"","background-repeat":"repeat","background-position":"center center","background-size":"auto","background-attachment":"scroll","background-type":"","background-media":"","overlay-type":"","overlay-color":"","overlay-opacity":"","overlay-gradient":""},"mobile":{"background-color":"","background-image":"","background-repeat":"repeat","background-position":"center center","background-size":"auto","background-attachment":"scroll","background-type":"","background-media":"","overlay-type":"","overlay-color":"","overlay-opacity":"","overlay-gradient":""}},"ast-content-background-meta":{"desktop":{"background-color":"var(--ast-global-color-5)","background-image":"","background-repeat":"repeat","background-position":"center center","background-size":"auto","background-attachment":"scroll","background-type":"","background-media":"","overlay-type":"","overlay-color":"","overlay-opacity":"","overlay-gradient":""},"tablet":{"background-color":"var(--ast-global-color-5)","background-image":"","background-repeat":"repeat","background-position":"center center","background-size":"auto","background-attachment":"scroll","background-type":"","background-media":"","overlay-type":"","overlay-color":"","overlay-opacity":"","overlay-gradient":""},"mobile":{"background-color":"var(--ast-global-color-5)","background-image":"","background-repeat":"repeat","background-position":"center center","background-size":"auto","background-attachment":"scroll","background-type":"","background-media":"","overlay-type":"","overlay-color":"","overlay-opacity":"","overlay-gradient":""}}},"product_brand":[],"product_cat":[36,32,114],"product_tag":[],"class_list":{"0":"post-38618","1":"product","2":"type-product","3":"status-publish","4":"has-post-thumbnail","6":"product_cat-krzesla-taborety","7":"product_cat-meble","8":"product_cat-wieszaki","9":"product_shipping_class-wysylka-70zl","10":"desktop-align-left","11":"tablet-align-left","12":"mobile-align-left","13":"ast-product-gallery-layout-vertical-slider","14":"ast-product-tabs-layout-horizontal","15":"ast-qv-on-image","17":"first","18":"instock","19":"sold-individually","20":"shipping-taxable","21":"purchasable","22":"product-type-simple"},"_links":{"self":[{"href":"https:\/\/antart.com.pl\/en\/wp-json\/wp\/v2\/product\/38618","targetHints":{"allow":["GET"]}}],"collection":[{"href":"https:\/\/antart.com.pl\/en\/wp-json\/wp\/v2\/product"}],"about":[{"href":"https:\/\/antart.com.pl\/en\/wp-json\/wp\/v2\/types\/product"}],"wp:featuredmedia":[{"embeddable":true,"href":"https:\/\/antart.com.pl\/en\/wp-json\/wp\/v2\/media\/38587"}],"wp:attachment":[{"href":"https:\/\/antart.com.pl\/en\/wp-json\/wp\/v2\/media?parent=38618"}],"wp:term":[{"taxonomy":"product_brand","embeddable":true,"href":"https:\/\/antart.com.pl\/en\/wp-json\/wp\/v2\/product_brand?post=38618"},{"taxonomy":"product_cat","embeddable":true,"href":"https:\/\/antart.com.pl\/en\/wp-json\/wp\/v2\/product_cat?post=38618"},{"taxonomy":"product_tag","embeddable":true,"href":"https:\/\/antart.com.pl\/en\/wp-json\/wp\/v2\/product_tag?post=38618"}],"curies":[{"name":"wp","href":"https:\/\/api.w.org\/{rel}","templated":true}]}}