{"id":39694,"date":"2025-08-23T17:48:19","date_gmt":"2025-08-23T15:48:19","guid":{"rendered":"https:\/\/antart.com.pl\/?post_type=product&#038;p=39694"},"modified":"2026-04-01T20:14:48","modified_gmt":"2026-04-01T18:14:48","slug":"sofa-bed-germany-tex-60s-proj-eugen-schmidt","status":"publish","type":"product","link":"https:\/\/antart.com.pl\/en\/produkt\/sofa-kanapa-rozkladana-niemcy-tek-60-te-lata-proj-eugen-schmidt\/","title":{"rendered":"Sofa\/recliner Germany Tek 1960s design Eugen Schmidt"},"content":{"rendered":"<h4 style=\"text-align: center;\"><em><strong>Sofa\/ couch Germany Tek 1960s design Eugen Schmidt<\/strong><\/em><\/h4>\n<h4 style=\"text-align: center;\"><em><strong>Dated to the late 1960s.<\/strong><\/em><\/h4>\n<h4 style=\"text-align: center;\"><em><strong>Solid Tek wood construction.<\/strong><\/em><\/h4>\n<h4 style=\"text-align: center;\"><em><strong>Eugen Schmidt design.<\/strong><\/em><\/h4>\n<h4 style=\"text-align: center;\"><\/h4>\n<h4 style=\"text-align: center;\"><em><strong>Elegant three-seater sofa designed by Eugen Schmidt for the German Soloform manufactory from the 1960s.<\/strong><\/em><\/h4>\n<h4 style=\"text-align: center;\"><em><strong>The sofa has a simple spring mechanism that allows it to be folded flat for sleeping functions.\u00a0<\/strong><\/em><\/h4>\n<h4><\/h4>\n<h4><em><strong>Approximate dimensions:<\/strong><\/em><\/h4>\n<ul>\n<li>\n<h4><em><strong>height 68 cm<\/strong><\/em><\/h4>\n<\/li>\n<li>\n<h4><em><strong>width 207 cm<\/strong><\/em><\/h4>\n<\/li>\n<li>\n<h4><em><strong>depth 85 cm<\/strong><\/em><\/h4>\n<\/li>\n<li>\n<h4><em><strong>height to seat 38 cm<\/strong><\/em><\/h4>\n<\/li>\n<li>\n<h4><em><strong>seat width 192 cm<\/strong><\/em><\/h4>\n<\/li>\n<li>\n<h4><em><strong>seat depth 54 cm<\/strong><\/em><\/h4>\n<\/li>\n<li>\n<h4><em><strong>when unfolded width: 102cm<\/strong><\/em><\/h4>\n<\/li>\n<\/ul>\n<h4 style=\"text-align: center;\"><em><strong>I also have a sofa\/sofa bed to match the armchair<\/strong><\/em><\/h4>\n<h4 style=\"text-align: center;\"><em><strong>The photos show the actual state of the object<\/strong><\/em><\/h4>\n<h4 style=\"text-align: center;\"><em><strong>Additional photos upon request<\/strong><\/em><\/h4>\n<h4 style=\"text-align: center;\"><em><strong>All our items on display are available in our warehouse.<\/strong><\/em><\/h4>\n<h4 style=\"text-align: center;\"><em><strong>Can be viewed by appointment.<\/strong><\/em><\/h4>\n<h4><em><strong>Order no. 1839<\/strong><\/em><\/h4>","protected":false},"excerpt":{"rendered":"<p>Sofa\/ tapczan Niemcy Tek 60-te lata proj. Eugen Schmidt Datowany na koniec lat 60-tych. Konstrukcja z litego drewna Tekowego. Projekt Eugen Schmidt. Elegancka sofa trzyosobowa zaprojektowana przez Eugena Schmidta dla niemieckiej manufaktury Soloform z lat 60-tych. Sofa posiada prosty mechanizm spr\u0119\u017cynowy, kt\u00f3ra umo\u017cliwia roz\u0142o\u017cenie na jej na p\u0142asko umo\u017cliwiaj\u0105cy funkcje spania.\u00a0 Przybli\u017cone wymiary: wysoko\u015b\u0107 68 [&hellip;]<\/p>\n","protected":false},"featured_media":39566,"template":"","meta":{"_seopress_robots_primary_cat":"","_seopress_titles_title":"","_seopress_titles_desc":"","_seopress_robots_index":"","site-sidebar-layout":"default","site-content-layout":"","ast-site-content-layout":"default","site-content-style":"default","site-sidebar-style":"default","ast-global-header-display":"","ast-banner-title-visibility":"","ast-main-header-display":"","ast-hfb-above-header-display":"","ast-hfb-below-header-display":"","ast-hfb-mobile-header-display":"","site-post-title":"","ast-breadcrumbs-content":"","ast-featured-img":"","footer-sml-layout":"","ast-disable-related-posts":"","theme-transparent-header-meta":"default","adv-header-id-meta":"","stick-header-meta":"default","header-above-stick-meta":"","header-main-stick-meta":"","header-below-stick-meta":"","astra-migrate-meta-layouts":"set","ast-page-background-enabled":"default","ast-page-background-meta":{"desktop":{"background-color":"var(--ast-global-color-4)","background-image":"","background-repeat":"repeat","background-position":"center center","background-size":"auto","background-attachment":"scroll","background-type":"","background-media":"","overlay-type":"","overlay-color":"","overlay-opacity":"","overlay-gradient":""},"tablet":{"background-color":"","background-image":"","background-repeat":"repeat","background-position":"center center","background-size":"auto","background-attachment":"scroll","background-type":"","background-media":"","overlay-type":"","overlay-color":"","overlay-opacity":"","overlay-gradient":""},"mobile":{"background-color":"","background-image":"","background-repeat":"repeat","background-position":"center center","background-size":"auto","background-attachment":"scroll","background-type":"","background-media":"","overlay-type":"","overlay-color":"","overlay-opacity":"","overlay-gradient":""}},"ast-content-background-meta":{"desktop":{"background-color":"var(--ast-global-color-5)","background-image":"","background-repeat":"repeat","background-position":"center center","background-size":"auto","background-attachment":"scroll","background-type":"","background-media":"","overlay-type":"","overlay-color":"","overlay-opacity":"","overlay-gradient":""},"tablet":{"background-color":"var(--ast-global-color-5)","background-image":"","background-repeat":"repeat","background-position":"center center","background-size":"auto","background-attachment":"scroll","background-type":"","background-media":"","overlay-type":"","overlay-color":"","overlay-opacity":"","overlay-gradient":""},"mobile":{"background-color":"var(--ast-global-color-5)","background-image":"","background-repeat":"repeat","background-position":"center center","background-size":"auto","background-attachment":"scroll","background-type":"","background-media":"","overlay-type":"","overlay-color":"","overlay-opacity":"","overlay-gradient":""}}},"product_brand":[],"product_cat":[32,43,85],"product_tag":[],"class_list":{"0":"post-39694","1":"product","2":"type-product","3":"status-publish","4":"has-post-thumbnail","6":"product_cat-meble","7":"product_cat-meble-designe","8":"product_cat-sofa-kanapa","9":"product_shipping_class-osobisty","10":"desktop-align-left","11":"tablet-align-left","12":"mobile-align-left","13":"ast-product-gallery-layout-vertical-slider","14":"ast-product-tabs-layout-horizontal","15":"ast-qv-on-image","17":"first","18":"instock","19":"sale","20":"sold-individually","21":"shipping-taxable","22":"purchasable","23":"product-type-simple"},"_links":{"self":[{"href":"https:\/\/antart.com.pl\/en\/wp-json\/wp\/v2\/product\/39694","targetHints":{"allow":["GET"]}}],"collection":[{"href":"https:\/\/antart.com.pl\/en\/wp-json\/wp\/v2\/product"}],"about":[{"href":"https:\/\/antart.com.pl\/en\/wp-json\/wp\/v2\/types\/product"}],"wp:featuredmedia":[{"embeddable":true,"href":"https:\/\/antart.com.pl\/en\/wp-json\/wp\/v2\/media\/39566"}],"wp:attachment":[{"href":"https:\/\/antart.com.pl\/en\/wp-json\/wp\/v2\/media?parent=39694"}],"wp:term":[{"taxonomy":"product_brand","embeddable":true,"href":"https:\/\/antart.com.pl\/en\/wp-json\/wp\/v2\/product_brand?post=39694"},{"taxonomy":"product_cat","embeddable":true,"href":"https:\/\/antart.com.pl\/en\/wp-json\/wp\/v2\/product_cat?post=39694"},{"taxonomy":"product_tag","embeddable":true,"href":"https:\/\/antart.com.pl\/en\/wp-json\/wp\/v2\/product_tag?post=39694"}],"curies":[{"name":"wp","href":"https:\/\/api.w.org\/{rel}","templated":true}]}}