{"id":39782,"date":"2025-08-23T19:56:17","date_gmt":"2025-08-23T17:56:17","guid":{"rendered":"https:\/\/antart.com.pl\/?post_type=product&#038;p=39782"},"modified":"2026-04-01T20:15:39","modified_gmt":"2026-04-01T18:15:39","slug":"vintage-1960s-cocktail-club-armchair","status":"publish","type":"product","link":"https:\/\/antart.com.pl\/en\/produkt\/fotel-klubowy-koktajlowy-vintage-lata-60-tych\/","title":{"rendered":"Club chair, vintage 1960s cocktail chair"},"content":{"rendered":"<h4 style=\"text-align: center;\">Club chair, vintage 1960s cocktail chair<\/h4>\n<h4 style=\"text-align: center;\"><em><strong>The seat cushion is removable, the other side of the seat is yellow.<\/strong><\/em><\/h4>\n<p>&nbsp;<\/p>\n<h4><em><strong>Dimensions:<\/strong><\/em><\/h4>\n<ul>\n<li>\n<h4><em><strong>height 64 cm<\/strong><\/em><\/h4>\n<\/li>\n<li>\n<h4><em><strong>width 69 cm<\/strong><\/em><\/h4>\n<\/li>\n<li>\n<h4><em><strong>74 cm deep<\/strong><\/em><\/h4>\n<\/li>\n<li>\n<h4><em><strong>height to seat 38 cm<\/strong><\/em><\/h4>\n<\/li>\n<li>\n<h4><em><strong>seat width 48 cm<\/strong><\/em><\/h4>\n<\/li>\n<li>\n<h4><em><strong>seat depth 48 cm<\/strong><\/em><\/h4>\n<\/li>\n<\/ul>\n<h4 style=\"text-align: center;\"><em><strong>The photos show the actual state of the object<\/strong><\/em><\/h4>\n<h4 style=\"text-align: center;\"><em><strong>Additional photos upon request<\/strong><\/em><\/h4>\n<h4 style=\"text-align: center;\"><em><strong>All our items on display are available in our warehouse.<\/strong><\/em><\/h4>\n<h4 style=\"text-align: center;\"><em><strong>Can be viewed by appointment.<\/strong><\/em><\/h4>\n<p>&nbsp;<\/p>\n<h4><em><strong>No.10020<\/strong><\/em><\/h4>","protected":false},"excerpt":{"rendered":"<p>Fotel klubowy, koktajlowy vintage lata 60-tych Poduszka na siedzisku \u015bci\u0105gana, druga strona siedziska jest w kolorze \u017c\u00f3\u0142tym. &nbsp; Wymiary: wysoko\u015b\u0107 64 cm szeroko\u015b\u0107 69 cm g\u0142\u0119boko\u015b\u0107 74 cm wysoko\u015b\u0107 do siedziska 38 cm szeroko\u015b\u0107 siedziska 48 cm g\u0142\u0119boko\u015b\u0107 siedziska 48 cm Zdj\u0119cia przedstawiaj\u0105 stan faktyczny przedmiotu Dodatkowe zdj\u0119cia na pro\u015bb\u0119 zainteresowanych Wszystkie nasze przedmioty wystawione [&hellip;]<\/p>\n","protected":false},"featured_media":39743,"template":"","meta":{"_seopress_robots_primary_cat":"","_seopress_titles_title":"","_seopress_titles_desc":"","_seopress_robots_index":"","site-sidebar-layout":"default","site-content-layout":"default","ast-site-content-layout":"default","site-content-style":"default","site-sidebar-style":"default","ast-global-header-display":"","ast-banner-title-visibility":"","ast-main-header-display":"","ast-hfb-above-header-display":"","ast-hfb-below-header-display":"","ast-hfb-mobile-header-display":"","site-post-title":"","ast-breadcrumbs-content":"","ast-featured-img":"","footer-sml-layout":"","ast-disable-related-posts":"","theme-transparent-header-meta":"default","adv-header-id-meta":"","stick-header-meta":"default","header-above-stick-meta":"","header-main-stick-meta":"","header-below-stick-meta":"","astra-migrate-meta-layouts":"set","ast-page-background-enabled":"default","ast-page-background-meta":{"desktop":{"background-color":"var(--ast-global-color-4)","background-image":"","background-repeat":"repeat","background-position":"center center","background-size":"auto","background-attachment":"scroll","background-type":"","background-media":"","overlay-type":"","overlay-color":"","overlay-opacity":"","overlay-gradient":""},"tablet":{"background-color":"","background-image":"","background-repeat":"repeat","background-position":"center center","background-size":"auto","background-attachment":"scroll","background-type":"","background-media":"","overlay-type":"","overlay-color":"","overlay-opacity":"","overlay-gradient":""},"mobile":{"background-color":"","background-image":"","background-repeat":"repeat","background-position":"center center","background-size":"auto","background-attachment":"scroll","background-type":"","background-media":"","overlay-type":"","overlay-color":"","overlay-opacity":"","overlay-gradient":""}},"ast-content-background-meta":{"desktop":{"background-color":"var(--ast-global-color-5)","background-image":"","background-repeat":"repeat","background-position":"center center","background-size":"auto","background-attachment":"scroll","background-type":"","background-media":"","overlay-type":"","overlay-color":"","overlay-opacity":"","overlay-gradient":""},"tablet":{"background-color":"var(--ast-global-color-5)","background-image":"","background-repeat":"repeat","background-position":"center center","background-size":"auto","background-attachment":"scroll","background-type":"","background-media":"","overlay-type":"","overlay-color":"","overlay-opacity":"","overlay-gradient":""},"mobile":{"background-color":"var(--ast-global-color-5)","background-image":"","background-repeat":"repeat","background-position":"center center","background-size":"auto","background-attachment":"scroll","background-type":"","background-media":"","overlay-type":"","overlay-color":"","overlay-opacity":"","overlay-gradient":""}}},"product_brand":[],"product_cat":[39,32],"product_tag":[129,184,210,212,183,169,211,160,209],"class_list":{"0":"post-39782","1":"product","2":"type-product","3":"status-publish","4":"has-post-thumbnail","6":"product_cat-fotele-puf","7":"product_cat-meble","8":"product_tag-szklanka-miedz-vintag-e-lata60te-rok1960-glas","9":"product_tag-fotel","10":"product_tag-fotel-klubowy","11":"product_tag-klubowe","12":"product_tag-krzeslo-barowe","13":"product_tag-lata-60-te","14":"product_tag-meble-stylowe","15":"product_tag-vintage","16":"product_tag-zostanzvintage","17":"product_shipping_class-wysylka-60zl","18":"desktop-align-left","19":"tablet-align-left","20":"mobile-align-left","21":"ast-product-gallery-layout-vertical-slider","22":"ast-product-tabs-layout-horizontal","23":"ast-qv-on-image","25":"first","26":"instock","27":"sale","28":"sold-individually","29":"shipping-taxable","30":"purchasable","31":"product-type-simple"},"_links":{"self":[{"href":"https:\/\/antart.com.pl\/en\/wp-json\/wp\/v2\/product\/39782","targetHints":{"allow":["GET"]}}],"collection":[{"href":"https:\/\/antart.com.pl\/en\/wp-json\/wp\/v2\/product"}],"about":[{"href":"https:\/\/antart.com.pl\/en\/wp-json\/wp\/v2\/types\/product"}],"wp:featuredmedia":[{"embeddable":true,"href":"https:\/\/antart.com.pl\/en\/wp-json\/wp\/v2\/media\/39743"}],"wp:attachment":[{"href":"https:\/\/antart.com.pl\/en\/wp-json\/wp\/v2\/media?parent=39782"}],"wp:term":[{"taxonomy":"product_brand","embeddable":true,"href":"https:\/\/antart.com.pl\/en\/wp-json\/wp\/v2\/product_brand?post=39782"},{"taxonomy":"product_cat","embeddable":true,"href":"https:\/\/antart.com.pl\/en\/wp-json\/wp\/v2\/product_cat?post=39782"},{"taxonomy":"product_tag","embeddable":true,"href":"https:\/\/antart.com.pl\/en\/wp-json\/wp\/v2\/product_tag?post=39782"}],"curies":[{"name":"wp","href":"https:\/\/api.w.org\/{rel}","templated":true}]}}