{"id":39870,"date":"2025-08-24T10:03:35","date_gmt":"2025-08-24T08:03:35","guid":{"rendered":"https:\/\/antart.com.pl\/?post_type=product&#038;p=39870"},"modified":"2025-08-24T10:37:08","modified_gmt":"2025-08-24T08:37:08","slug":"colonial-desk-almi-decor-mandawa-double-sided","status":"publish","type":"product","link":"https:\/\/antart.com.pl\/en\/produkt\/biurko-kolonialne-almi-decor-mandawa-dwustronne\/","title":{"rendered":"Colonial desk by Almi Decor Mandawa- double-sided"},"content":{"rendered":"<h4 style=\"text-align: center;\"><em><strong>Colonial desk by Almi Decor Mandawa- double-sided<\/strong><\/em><\/h4>\n<h4 style=\"text-align: center;\"><em><strong>Desk with headboard, handcrafted from Indian rosewood, characterised by its durability.<\/strong><\/em><\/h4>\n<h4 style=\"text-align: center;\"><em><strong>Shell-shaped handles characteristic of the colonial style.<\/strong><\/em><\/h4>\n<h4 style=\"text-align: center;\"><em><strong>Double-sided desk.<\/strong><\/em><\/h4>\n<h4 style=\"text-align: center;\"><em><strong>It bears the marks of time.<\/strong><\/em><\/h4>\n<h4><em><strong>Dimensions:<\/strong><\/em><\/h4>\n<ul>\n<li>\n<h4><em><strong>height: 101 cm<\/strong><\/em><\/h4>\n<\/li>\n<li>\n<h4><em><strong>width: 160 cm<\/strong><\/em><\/h4>\n<\/li>\n<li>\n<h4><em><strong>depth: 84 cm<\/strong><\/em><\/h4>\n<\/li>\n<li>\n<h4><em><strong>length of worktop: 135 cm<\/strong><\/em><\/h4>\n<\/li>\n<li>\n<h4><em><strong>worktop depth: 76<\/strong><\/em><\/h4>\n<\/li>\n<\/ul>\n<h4 style=\"text-align: center;\"><em><strong>NOTE!!!<\/strong><\/em><\/h4>\n<h4 style=\"text-align: center;\"><em><strong>For the sake of safe delivery, in some cases we organise bulk or individual shipping.<\/strong><\/em><\/h4>\n<h4 style=\"text-align: center;\"><em><strong>********************************************************************************<\/strong><\/em><\/h4>\n<h4 style=\"text-align: center;\"><em><strong>The photos show the actual state of the object<\/strong><\/em><\/h4>\n<h4 style=\"text-align: center;\"><em><strong>Additional photos upon request<\/strong><\/em><\/h4>\n<h4 style=\"text-align: center;\"><em><strong>All our items on display are available in our warehouse.<\/strong><\/em><\/h4>\n<h4 style=\"text-align: center;\"><em><strong>Can be viewed by appointment.<\/strong><\/em><\/h4>\n<h4><em><strong>Order no. 10024<\/strong><\/em><\/h4>","protected":false},"excerpt":{"rendered":"<p>Biurko kolonialne Almi Decor Mandawa- dwustronne Biurko z nadstawk\u0119, wykonane r\u0119cznie z palisandru indyjskiego, charakteryzuj\u0105c\u0105 si\u0119 wytrzyma\u0142o\u015bci\u0105. Charakterystyczne dla stylu kolonialnego uchwyty w kszta\u0142cie muszelki. Biurko dwustronne. Posiada \u015blady czasu. Wymiary: wysoko\u015b\u0107: 101 cm szeroko\u015b\u0107: 160 cm g\u0142\u0119boko\u015b\u0107: 84 cm d\u0142ugo\u015b\u0107 blatu roboczego: 135 cm g\u0142\u0119boko\u015b\u0107 blatu roboczego: 76 UWAGA!! Ze wzgl\u0119du na bezpieczne dostarczenie [&hellip;]<\/p>\n","protected":false},"featured_media":39813,"template":"","meta":{"_seopress_robots_primary_cat":"","_seopress_titles_title":"","_seopress_titles_desc":"","_seopress_robots_index":"","site-sidebar-layout":"default","site-content-layout":"","ast-site-content-layout":"default","site-content-style":"default","site-sidebar-style":"default","ast-global-header-display":"","ast-banner-title-visibility":"","ast-main-header-display":"","ast-hfb-above-header-display":"","ast-hfb-below-header-display":"","ast-hfb-mobile-header-display":"","site-post-title":"","ast-breadcrumbs-content":"","ast-featured-img":"","footer-sml-layout":"","ast-disable-related-posts":"","theme-transparent-header-meta":"default","adv-header-id-meta":"","stick-header-meta":"default","header-above-stick-meta":"","header-main-stick-meta":"","header-below-stick-meta":"","astra-migrate-meta-layouts":"set","ast-page-background-enabled":"default","ast-page-background-meta":{"desktop":{"background-color":"var(--ast-global-color-4)","background-image":"","background-repeat":"repeat","background-position":"center center","background-size":"auto","background-attachment":"scroll","background-type":"","background-media":"","overlay-type":"","overlay-color":"","overlay-opacity":"","overlay-gradient":""},"tablet":{"background-color":"","background-image":"","background-repeat":"repeat","background-position":"center center","background-size":"auto","background-attachment":"scroll","background-type":"","background-media":"","overlay-type":"","overlay-color":"","overlay-opacity":"","overlay-gradient":""},"mobile":{"background-color":"","background-image":"","background-repeat":"repeat","background-position":"center center","background-size":"auto","background-attachment":"scroll","background-type":"","background-media":"","overlay-type":"","overlay-color":"","overlay-opacity":"","overlay-gradient":""}},"ast-content-background-meta":{"desktop":{"background-color":"var(--ast-global-color-5)","background-image":"","background-repeat":"repeat","background-position":"center center","background-size":"auto","background-attachment":"scroll","background-type":"","background-media":"","overlay-type":"","overlay-color":"","overlay-opacity":"","overlay-gradient":""},"tablet":{"background-color":"var(--ast-global-color-5)","background-image":"","background-repeat":"repeat","background-position":"center center","background-size":"auto","background-attachment":"scroll","background-type":"","background-media":"","overlay-type":"","overlay-color":"","overlay-opacity":"","overlay-gradient":""},"mobile":{"background-color":"var(--ast-global-color-5)","background-image":"","background-repeat":"repeat","background-position":"center center","background-size":"auto","background-attachment":"scroll","background-type":"","background-media":"","overlay-type":"","overlay-color":"","overlay-opacity":"","overlay-gradient":""}}},"product_brand":[],"product_cat":[55,32],"product_tag":[],"class_list":{"0":"post-39870","1":"product","2":"type-product","3":"status-publish","4":"has-post-thumbnail","6":"product_cat-biurka-sekretery","7":"product_cat-meble","8":"product_shipping_class-wysylka-po-uzgodnieniu","9":"desktop-align-left","10":"tablet-align-left","11":"mobile-align-left","12":"ast-product-gallery-layout-vertical-slider","13":"ast-product-tabs-layout-horizontal","14":"ast-qv-on-image","16":"first","17":"instock","18":"sold-individually","19":"shipping-taxable","20":"purchasable","21":"product-type-simple"},"_links":{"self":[{"href":"https:\/\/antart.com.pl\/en\/wp-json\/wp\/v2\/product\/39870","targetHints":{"allow":["GET"]}}],"collection":[{"href":"https:\/\/antart.com.pl\/en\/wp-json\/wp\/v2\/product"}],"about":[{"href":"https:\/\/antart.com.pl\/en\/wp-json\/wp\/v2\/types\/product"}],"wp:featuredmedia":[{"embeddable":true,"href":"https:\/\/antart.com.pl\/en\/wp-json\/wp\/v2\/media\/39813"}],"wp:attachment":[{"href":"https:\/\/antart.com.pl\/en\/wp-json\/wp\/v2\/media?parent=39870"}],"wp:term":[{"taxonomy":"product_brand","embeddable":true,"href":"https:\/\/antart.com.pl\/en\/wp-json\/wp\/v2\/product_brand?post=39870"},{"taxonomy":"product_cat","embeddable":true,"href":"https:\/\/antart.com.pl\/en\/wp-json\/wp\/v2\/product_cat?post=39870"},{"taxonomy":"product_tag","embeddable":true,"href":"https:\/\/antart.com.pl\/en\/wp-json\/wp\/v2\/product_tag?post=39870"}],"curies":[{"name":"wp","href":"https:\/\/api.w.org\/{rel}","templated":true}]}}