{"id":39875,"date":"2025-08-24T11:03:10","date_gmt":"2025-08-24T09:03:10","guid":{"rendered":"https:\/\/antart.com.pl\/?post_type=product&#038;p=39875"},"modified":"2026-04-01T20:15:37","modified_gmt":"2026-04-01T18:15:37","slug":"rocking-chair-designer-with-footrests-in-natural-white-leather","status":"publish","type":"product","link":"https:\/\/antart.com.pl\/en\/produkt\/fotel-bujany-designer-z-podnozkiem-skora-biala-naturalna\/","title":{"rendered":"Designer rocking chair with footrest - genuine white leather"},"content":{"rendered":"<h4 style=\"text-align: center;\"><em><b>Designer rocking chair with footrest - genuine white leather<\/b><\/em><\/h4>\n<h4 style=\"text-align: center;\"><em>Leather lounge chair on a solid metal frame upholstered in white natural leather.<\/em><\/h4>\n<h4 style=\"text-align: center;\"><em>When the footrest is folded down, the seat is rocking.<\/em><\/h4>\n<h4><em>Dimensions:<\/em><\/h4>\n<ul>\n<li>\n<h4><em>height: 85 cm<\/em><\/h4>\n<\/li>\n<li>\n<h4><em>width: 64 cm<\/em><\/h4>\n<\/li>\n<li>\n<h4><em>depth: 50 cm<\/em><\/h4>\n<\/li>\n<li>\n<h4><em>height to seat: 53 cm<\/em><\/h4>\n<\/li>\n<li>\n<h4><em>seat width: 56 cm<\/em><\/h4>\n<\/li>\n<\/ul>\n<h4 style=\"text-align: center;\"><em><b>NOTE!!!<\/b><\/em><\/h4>\n<h4 style=\"text-align: center;\"><em><b>For the sake of safe delivery, in some cases we organise bulk or individual shipping.<\/b> *****************************************************************************<\/em><\/h4>\n<h4 style=\"text-align: center;\"><em>The photos show the actual condition of the item.<\/em><\/h4>\n<h4 style=\"text-align: center;\"><em>Additional photos upon request from interested parties.<\/em><\/h4>\n<h4 style=\"text-align: center;\"><em><b>All our items on display are available in our warehouse.<\/b><\/em><\/h4>\n<h4 style=\"text-align: center;\"><em><b>Can be viewed by appointment.<\/b><\/em><\/h4>\n<h4><em><b>NO. ART 10026<\/b><\/em><\/h4>","protected":false},"excerpt":{"rendered":"<p>Fotel bujany designer z podn\u00f3\u017ckiem- sk\u00f3ra bia\u0142a naturalna Sk\u00f3rzany fotel wypoczynkowy na masywnym metalowym stela\u017cu obity bia\u0142\u0105 naturalna sk\u00f3r\u0105. Po z\u0142o\u017ceniu podn\u00f3\u017cka fotel jest bujany. Wymiary: wysoko\u015b\u0107: 85 cm szeroko\u015b\u0107: 64 cm g\u0142\u0119boko\u015b\u0107: 50 cm wysoko\u015b\u0107 do siedziska: 53 cm szeroko\u015b\u0107 siedziska: 56 cm UWAGA!! Ze wzgl\u0119du na bezpieczne dostarczenie towaru, w niekt\u00f3rych przypadkach organizujemy [&hellip;]<\/p>\n","protected":false},"featured_media":39859,"template":"","meta":{"_seopress_robots_primary_cat":"","_seopress_titles_title":"","_seopress_titles_desc":"","_seopress_robots_index":"","site-sidebar-layout":"default","site-content-layout":"","ast-site-content-layout":"default","site-content-style":"default","site-sidebar-style":"default","ast-global-header-display":"","ast-banner-title-visibility":"","ast-main-header-display":"","ast-hfb-above-header-display":"","ast-hfb-below-header-display":"","ast-hfb-mobile-header-display":"","site-post-title":"","ast-breadcrumbs-content":"","ast-featured-img":"","footer-sml-layout":"","ast-disable-related-posts":"","theme-transparent-header-meta":"default","adv-header-id-meta":"","stick-header-meta":"default","header-above-stick-meta":"","header-main-stick-meta":"","header-below-stick-meta":"","astra-migrate-meta-layouts":"set","ast-page-background-enabled":"default","ast-page-background-meta":{"desktop":{"background-color":"var(--ast-global-color-4)","background-image":"","background-repeat":"repeat","background-position":"center center","background-size":"auto","background-attachment":"scroll","background-type":"","background-media":"","overlay-type":"","overlay-color":"","overlay-opacity":"","overlay-gradient":""},"tablet":{"background-color":"","background-image":"","background-repeat":"repeat","background-position":"center center","background-size":"auto","background-attachment":"scroll","background-type":"","background-media":"","overlay-type":"","overlay-color":"","overlay-opacity":"","overlay-gradient":""},"mobile":{"background-color":"","background-image":"","background-repeat":"repeat","background-position":"center center","background-size":"auto","background-attachment":"scroll","background-type":"","background-media":"","overlay-type":"","overlay-color":"","overlay-opacity":"","overlay-gradient":""}},"ast-content-background-meta":{"desktop":{"background-color":"var(--ast-global-color-5)","background-image":"","background-repeat":"repeat","background-position":"center center","background-size":"auto","background-attachment":"scroll","background-type":"","background-media":"","overlay-type":"","overlay-color":"","overlay-opacity":"","overlay-gradient":""},"tablet":{"background-color":"var(--ast-global-color-5)","background-image":"","background-repeat":"repeat","background-position":"center center","background-size":"auto","background-attachment":"scroll","background-type":"","background-media":"","overlay-type":"","overlay-color":"","overlay-opacity":"","overlay-gradient":""},"mobile":{"background-color":"var(--ast-global-color-5)","background-image":"","background-repeat":"repeat","background-position":"center center","background-size":"auto","background-attachment":"scroll","background-type":"","background-media":"","overlay-type":"","overlay-color":"","overlay-opacity":"","overlay-gradient":""}}},"product_brand":[],"product_cat":[39,32],"product_tag":[],"class_list":{"0":"post-39875","1":"product","2":"type-product","3":"status-publish","4":"has-post-thumbnail","6":"product_cat-fotele-puf","7":"product_cat-meble","8":"product_shipping_class-wysylka-po-uzgodnieniu","9":"desktop-align-left","10":"tablet-align-left","11":"mobile-align-left","12":"ast-product-gallery-layout-vertical-slider","13":"ast-product-tabs-layout-horizontal","14":"ast-qv-on-image","16":"first","17":"instock","18":"sale","19":"sold-individually","20":"shipping-taxable","21":"purchasable","22":"product-type-simple"},"_links":{"self":[{"href":"https:\/\/antart.com.pl\/en\/wp-json\/wp\/v2\/product\/39875","targetHints":{"allow":["GET"]}}],"collection":[{"href":"https:\/\/antart.com.pl\/en\/wp-json\/wp\/v2\/product"}],"about":[{"href":"https:\/\/antart.com.pl\/en\/wp-json\/wp\/v2\/types\/product"}],"wp:featuredmedia":[{"embeddable":true,"href":"https:\/\/antart.com.pl\/en\/wp-json\/wp\/v2\/media\/39859"}],"wp:attachment":[{"href":"https:\/\/antart.com.pl\/en\/wp-json\/wp\/v2\/media?parent=39875"}],"wp:term":[{"taxonomy":"product_brand","embeddable":true,"href":"https:\/\/antart.com.pl\/en\/wp-json\/wp\/v2\/product_brand?post=39875"},{"taxonomy":"product_cat","embeddable":true,"href":"https:\/\/antart.com.pl\/en\/wp-json\/wp\/v2\/product_cat?post=39875"},{"taxonomy":"product_tag","embeddable":true,"href":"https:\/\/antart.com.pl\/en\/wp-json\/wp\/v2\/product_tag?post=39875"}],"curies":[{"name":"wp","href":"https:\/\/api.w.org\/{rel}","templated":true}]}}