{"id":40190,"date":"2025-08-26T10:05:01","date_gmt":"2025-08-26T08:05:01","guid":{"rendered":"https:\/\/antart.com.pl\/?post_type=product&#038;p=40190"},"modified":"2025-08-26T10:05:02","modified_gmt":"2025-08-26T08:05:02","slug":"vintage-glass-decanter-and-glasses","status":"publish","type":"product","link":"https:\/\/antart.com.pl\/en\/produkt\/karafka-i-kieliszki-szklane-vintage\/","title":{"rendered":"Glass decanter and glasses, Vintage"},"content":{"rendered":"<h4 style=\"text-align: center;\"><em><b>Vintage style set of decanter and 6pcs glasses. The set is made of high quality glass,with a hand-painted design with a holly and berry motif, with a floral motif and accented with gold dots.\u00a0<\/b><\/em><\/h4>\n<h4><\/h4>\n<h4><em><b>The price is for the whole set\u00a0<\/b><\/em><\/h4>\n<h4><em><b>Dimensions\u00a0<\/b><\/em><\/h4>\n<h4><\/h4>\n<h4><em><b>Glass\u00a0<\/b><\/em><\/h4>\n<ul>\n<li>\n<h4><em><b>height: 9.5cm.\u00a0<\/b><\/em><\/h4>\n<\/li>\n<li>\n<h4><em><b>top diameter: 4cm.\u00a0<\/b><\/em><\/h4>\n<\/li>\n<li>\n<h4><em><b>base diameter: 4.5cm.\u00a0<\/b><\/em><\/h4>\n<\/li>\n<li>\n<h4><em><b>capacity: 50ml.\u00a0<\/b><\/em><\/h4>\n<\/li>\n<\/ul>\n<h4><em><b>Carafe\u00a0<\/b><\/em><\/h4>\n<ul>\n<li>\n<h4><em><b>height: 18cm.\u00a0<\/b><\/em><\/h4>\n<\/li>\n<li>\n<h4><em><b>top diameter: 4cm.\u00a0<\/b><\/em><\/h4>\n<\/li>\n<li>\n<h4><em><b>base diameter: 6.5cm.\u00a0<\/b><\/em><\/h4>\n<\/li>\n<li>\n<h4><em><b>capacity: 500ml.<\/b><\/em><\/h4>\n<\/li>\n<\/ul>\n<h4 style=\"text-align: center;\"><em><b>The photos show the actual state of the object<\/b><\/em><\/h4>\n<h4 style=\"text-align: center;\"><em><b>Additional photos upon request<\/b><\/em><\/h4>\n<h4 style=\"text-align: center;\"><em><b>All our items on display are available in our warehouse.<\/b><\/em><\/h4>\n<h4 style=\"text-align: center;\"><em><b>Can be viewed by appointment.<\/b><\/em><\/h4>\n<h4><\/h4>\n<h4><em><b>No.5391<\/b><\/em><\/h4>","protected":false},"excerpt":{"rendered":"<p>Zestaw karafka i 6szt kieliszkow w stylu Vintage. Zestaw wykonany z wysokiej jako\u015bci szk\u0142a,z r\u0119cznie malowanym wzorem z motywem ostrokrzewu i jag\u00f3d, z motywem kwiatowym i akcentem z\u0142otych kropek.\u00a0 Cena dotyczy ca\u0142ego zestawu\u00a0 Wymiary\u00a0 Kieliszek\u00a0 wysoko\u015b\u0107: 9,5cm.\u00a0 \u015brednica g\u00f3rna: 4cm.\u00a0 \u015brednica podstawy: 4,5cm.\u00a0 poj: 50ml.\u00a0 Karafka\u00a0 wysoko\u015b\u0107: 18cm.\u00a0 \u015brednica g\u00f3rna: 4cm.\u00a0 \u015brednica podstawy: 6,5cm.\u00a0 poj: [&hellip;]<\/p>\n","protected":false},"featured_media":40074,"template":"","meta":{"_seopress_robots_primary_cat":"","_seopress_titles_title":"","_seopress_titles_desc":"","_seopress_robots_index":"","site-sidebar-layout":"default","site-content-layout":"","ast-site-content-layout":"default","site-content-style":"default","site-sidebar-style":"default","ast-global-header-display":"","ast-banner-title-visibility":"","ast-main-header-display":"","ast-hfb-above-header-display":"","ast-hfb-below-header-display":"","ast-hfb-mobile-header-display":"","site-post-title":"","ast-breadcrumbs-content":"","ast-featured-img":"","footer-sml-layout":"","ast-disable-related-posts":"","theme-transparent-header-meta":"default","adv-header-id-meta":"","stick-header-meta":"default","header-above-stick-meta":"","header-main-stick-meta":"","header-below-stick-meta":"","astra-migrate-meta-layouts":"set","ast-page-background-enabled":"default","ast-page-background-meta":{"desktop":{"background-color":"var(--ast-global-color-4)","background-image":"","background-repeat":"repeat","background-position":"center center","background-size":"auto","background-attachment":"scroll","background-type":"","background-media":"","overlay-type":"","overlay-color":"","overlay-opacity":"","overlay-gradient":""},"tablet":{"background-color":"","background-image":"","background-repeat":"repeat","background-position":"center center","background-size":"auto","background-attachment":"scroll","background-type":"","background-media":"","overlay-type":"","overlay-color":"","overlay-opacity":"","overlay-gradient":""},"mobile":{"background-color":"","background-image":"","background-repeat":"repeat","background-position":"center center","background-size":"auto","background-attachment":"scroll","background-type":"","background-media":"","overlay-type":"","overlay-color":"","overlay-opacity":"","overlay-gradient":""}},"ast-content-background-meta":{"desktop":{"background-color":"var(--ast-global-color-5)","background-image":"","background-repeat":"repeat","background-position":"center center","background-size":"auto","background-attachment":"scroll","background-type":"","background-media":"","overlay-type":"","overlay-color":"","overlay-opacity":"","overlay-gradient":""},"tablet":{"background-color":"var(--ast-global-color-5)","background-image":"","background-repeat":"repeat","background-position":"center center","background-size":"auto","background-attachment":"scroll","background-type":"","background-media":"","overlay-type":"","overlay-color":"","overlay-opacity":"","overlay-gradient":""},"mobile":{"background-color":"var(--ast-global-color-5)","background-image":"","background-repeat":"repeat","background-position":"center center","background-size":"auto","background-attachment":"scroll","background-type":"","background-media":"","overlay-type":"","overlay-color":"","overlay-opacity":"","overlay-gradient":""}}},"product_brand":[],"product_cat":[104,53,24],"product_tag":[],"class_list":{"0":"post-40190","1":"product","2":"type-product","3":"status-publish","4":"has-post-thumbnail","6":"product_cat-karafki","7":"product_cat-kieliszki","8":"product_cat-kuchnia","9":"product_shipping_class-wysylka-19zl","10":"desktop-align-left","11":"tablet-align-left","12":"mobile-align-left","13":"ast-product-gallery-layout-vertical-slider","14":"ast-product-tabs-layout-horizontal","15":"ast-qv-on-image","17":"first","18":"instock","19":"sold-individually","20":"shipping-taxable","21":"purchasable","22":"product-type-simple"},"_links":{"self":[{"href":"https:\/\/antart.com.pl\/en\/wp-json\/wp\/v2\/product\/40190","targetHints":{"allow":["GET"]}}],"collection":[{"href":"https:\/\/antart.com.pl\/en\/wp-json\/wp\/v2\/product"}],"about":[{"href":"https:\/\/antart.com.pl\/en\/wp-json\/wp\/v2\/types\/product"}],"wp:featuredmedia":[{"embeddable":true,"href":"https:\/\/antart.com.pl\/en\/wp-json\/wp\/v2\/media\/40074"}],"wp:attachment":[{"href":"https:\/\/antart.com.pl\/en\/wp-json\/wp\/v2\/media?parent=40190"}],"wp:term":[{"taxonomy":"product_brand","embeddable":true,"href":"https:\/\/antart.com.pl\/en\/wp-json\/wp\/v2\/product_brand?post=40190"},{"taxonomy":"product_cat","embeddable":true,"href":"https:\/\/antart.com.pl\/en\/wp-json\/wp\/v2\/product_cat?post=40190"},{"taxonomy":"product_tag","embeddable":true,"href":"https:\/\/antart.com.pl\/en\/wp-json\/wp\/v2\/product_tag?post=40190"}],"curies":[{"name":"wp","href":"https:\/\/api.w.org\/{rel}","templated":true}]}}