{"id":40595,"date":"2025-08-29T13:24:01","date_gmt":"2025-08-29T11:24:01","guid":{"rendered":"https:\/\/antart.com.pl\/?post_type=product&#038;p=40595"},"modified":"2026-04-01T20:36:35","modified_gmt":"2026-04-01T18:36:35","slug":"vintage-mirror-tapering-downwards-from-the-1960s-70s","status":"publish","type":"product","link":"https:\/\/antart.com.pl\/en\/produkt\/lustro-vintage-postarzale-zwezajace-ku-dolowi-z-lat-60-70-tych\/","title":{"rendered":"1960s\/70s vintage aged tapering mirror"},"content":{"rendered":"<h4 style=\"text-align: center;\"><em><b>1960s\/70s vintage aged tapering mirror<\/b><\/em><\/h4>\n<h4 style=\"text-align: center;\"><em>An irregularly shaped mirror, tapering downwards in vintage style.<\/em><\/h4>\n<h4 style=\"text-align: center;\"><em>The mirror has distinctive brass fittings at the top and bottom.<\/em><\/h4>\n<h4 style=\"text-align: center;\"><em>The edges of the panels can already see the passage of time due to the self-ageing.<\/em><\/h4>\n<h4><em><b>Dimensions<\/b><\/em><\/h4>\n<ul>\n<li>\n<h4><em>width at widest part: 39cm<\/em><\/h4>\n<\/li>\n<li>\n<h4><em>width at narrowest part: 30cm<\/em><\/h4>\n<\/li>\n<li>\n<h4><em>height: 112cm<\/em><\/h4>\n<\/li>\n<\/ul>\n<h4 style=\"text-align: center;\"><em><b>NOTE!!!<\/b><\/em><\/h4>\n<h4 style=\"text-align: center;\"><em><b>For the sake of safe delivery, in some cases we organise bulk or individual shipping.<\/b><\/em><\/h4>\n<h4 style=\"text-align: center;\"><em><b>********************************************************************************<\/b><\/em><\/h4>\n<h4 style=\"text-align: center;\"><em><b>The photos show the actual state of the object<\/b><\/em><\/h4>\n<h4 style=\"text-align: center;\"><em><b>Additional photos upon request<\/b><\/em><\/h4>\n<h4 style=\"text-align: center;\"><em><b>All our items on display are available in our warehouse.<\/b><\/em><\/h4>\n<h4 style=\"text-align: center;\"><em><b>Can be viewed by appointment.<\/b><\/em><\/h4>\n<h4><em><b>NR. ART 10040<\/b><\/em><\/h4>","protected":false},"excerpt":{"rendered":"<p>Lustro vintage postarza\u0142e zw\u0119\u017caj\u0105ce ku do\u0142owi z lat 60\/70-tych Lustro w nieregularnym kszta\u0142cie, zw\u0119\u017caj\u0105ce si\u0119 ku do\u0142owi w styli vintage. Lustro posiada charakterystyczne mosi\u0119\u017cne elementy mocuj\u0105ce u g\u00f3ry i u do\u0142u. Brzegi tafli wida\u0107 ju\u017c bieg czasu ze wzgl\u0119du na samoistne postarzanie si\u0119. Wymiary szeroko\u015b\u0107 w najszerszej cz\u0119\u015bci: 39cm szeroko\u015b\u0107 w najw\u0119\u017cszej cz\u0119\u015bci: 30cm wysoko\u015b\u0107: [&hellip;]<\/p>\n","protected":false},"featured_media":40597,"template":"","meta":{"_seopress_robots_primary_cat":"","_seopress_titles_title":"","_seopress_titles_desc":"","_seopress_robots_index":"","site-sidebar-layout":"default","site-content-layout":"","ast-site-content-layout":"default","site-content-style":"default","site-sidebar-style":"default","ast-global-header-display":"","ast-banner-title-visibility":"","ast-main-header-display":"","ast-hfb-above-header-display":"","ast-hfb-below-header-display":"","ast-hfb-mobile-header-display":"","site-post-title":"","ast-breadcrumbs-content":"","ast-featured-img":"","footer-sml-layout":"","ast-disable-related-posts":"","theme-transparent-header-meta":"default","adv-header-id-meta":"","stick-header-meta":"default","header-above-stick-meta":"","header-main-stick-meta":"","header-below-stick-meta":"","astra-migrate-meta-layouts":"set","ast-page-background-enabled":"default","ast-page-background-meta":{"desktop":{"background-color":"var(--ast-global-color-4)","background-image":"","background-repeat":"repeat","background-position":"center center","background-size":"auto","background-attachment":"scroll","background-type":"","background-media":"","overlay-type":"","overlay-color":"","overlay-opacity":"","overlay-gradient":""},"tablet":{"background-color":"","background-image":"","background-repeat":"repeat","background-position":"center center","background-size":"auto","background-attachment":"scroll","background-type":"","background-media":"","overlay-type":"","overlay-color":"","overlay-opacity":"","overlay-gradient":""},"mobile":{"background-color":"","background-image":"","background-repeat":"repeat","background-position":"center center","background-size":"auto","background-attachment":"scroll","background-type":"","background-media":"","overlay-type":"","overlay-color":"","overlay-opacity":"","overlay-gradient":""}},"ast-content-background-meta":{"desktop":{"background-color":"var(--ast-global-color-5)","background-image":"","background-repeat":"repeat","background-position":"center center","background-size":"auto","background-attachment":"scroll","background-type":"","background-media":"","overlay-type":"","overlay-color":"","overlay-opacity":"","overlay-gradient":""},"tablet":{"background-color":"var(--ast-global-color-5)","background-image":"","background-repeat":"repeat","background-position":"center center","background-size":"auto","background-attachment":"scroll","background-type":"","background-media":"","overlay-type":"","overlay-color":"","overlay-opacity":"","overlay-gradient":""},"mobile":{"background-color":"var(--ast-global-color-5)","background-image":"","background-repeat":"repeat","background-position":"center center","background-size":"auto","background-attachment":"scroll","background-type":"","background-media":"","overlay-type":"","overlay-color":"","overlay-opacity":"","overlay-gradient":""}}},"product_brand":[],"product_cat":[27,84],"product_tag":[],"class_list":{"0":"post-40595","1":"product","2":"type-product","3":"status-publish","4":"has-post-thumbnail","6":"product_cat-dekoracyjne","7":"product_cat-lustra","8":"product_shipping_class-wysylka-70zl","9":"desktop-align-left","10":"tablet-align-left","11":"mobile-align-left","12":"ast-product-gallery-layout-vertical-slider","13":"ast-product-tabs-layout-horizontal","14":"ast-qv-on-image","16":"first","17":"instock","18":"sale","19":"sold-individually","20":"shipping-taxable","21":"purchasable","22":"product-type-simple"},"_links":{"self":[{"href":"https:\/\/antart.com.pl\/en\/wp-json\/wp\/v2\/product\/40595","targetHints":{"allow":["GET"]}}],"collection":[{"href":"https:\/\/antart.com.pl\/en\/wp-json\/wp\/v2\/product"}],"about":[{"href":"https:\/\/antart.com.pl\/en\/wp-json\/wp\/v2\/types\/product"}],"wp:featuredmedia":[{"embeddable":true,"href":"https:\/\/antart.com.pl\/en\/wp-json\/wp\/v2\/media\/40597"}],"wp:attachment":[{"href":"https:\/\/antart.com.pl\/en\/wp-json\/wp\/v2\/media?parent=40595"}],"wp:term":[{"taxonomy":"product_brand","embeddable":true,"href":"https:\/\/antart.com.pl\/en\/wp-json\/wp\/v2\/product_brand?post=40595"},{"taxonomy":"product_cat","embeddable":true,"href":"https:\/\/antart.com.pl\/en\/wp-json\/wp\/v2\/product_cat?post=40595"},{"taxonomy":"product_tag","embeddable":true,"href":"https:\/\/antart.com.pl\/en\/wp-json\/wp\/v2\/product_tag?post=40595"}],"curies":[{"name":"wp","href":"https:\/\/api.w.org\/{rel}","templated":true}]}}