{"id":41246,"date":"2025-09-03T10:58:54","date_gmt":"2025-09-03T08:58:54","guid":{"rendered":"https:\/\/antart.com.pl\/?post_type=product&#038;p=41246"},"modified":"2025-09-03T10:58:54","modified_gmt":"2025-09-03T08:58:54","slug":"small-salad-bowl-royal-bavaria-gold","status":"publish","type":"product","link":"https:\/\/antart.com.pl\/en\/produkt\/salaterka-mala-royal-bavaria-gold\/","title":{"rendered":"Small saloon dish Royal Bavaria Gold"},"content":{"rendered":"<h4 style=\"text-align: center;\"><em><b>A very rare, antique from the Renaissance, small salad bowl by the Royal Bavaria label, made of high quality white porcelain in the Rococo style. It is decorated with a scene depicting figures in period costume, surrounded by gold ornaments resembling snowflakes, finished with gilding on the rim. The platter has rubbing on the gilding.\u00a0<\/b><\/em><\/h4>\n<h4><\/h4>\n<h4><em><b>I have 6pcs for sale.\u00a0<\/b><\/em><\/h4>\n<h4><em><b>Price is for 1pc.\u00a0<\/b><\/em><\/h4>\n<h4><\/h4>\n<h4><em><b>Dimensions\u00a0<\/b><\/em><\/h4>\n<ul>\n<li>\n<h4><em><b>Height: 3cm.\u00a0<\/b><\/em><\/h4>\n<\/li>\n<li>\n<h4><em><b>Diameter: 14cm.<\/b><\/em><\/h4>\n<\/li>\n<\/ul>\n<h4 style=\"text-align: center;\"><em><b>The photos show the actual state of the object<\/b><\/em><\/h4>\n<h4 style=\"text-align: center;\"><em><b>Additional photos upon request<\/b><\/em><\/h4>\n<h4 style=\"text-align: center;\"><em><b>All our items on display are available in our warehouse.<\/b><\/em><\/h4>\n<h4 style=\"text-align: center;\"><em><b>Can be viewed by appointment.<\/b><\/em><\/h4>\n<h4><\/h4>\n<h4><em><b>No. 5449<\/b><\/em><\/h4>","protected":false},"excerpt":{"rendered":"<p>Bardzo rzadka, antyczna z czas\u00f3w renesansu salaterka ma\u0142a wytw\u00f3rni Royal Bavaria, wykonana z wysokiej jako\u015bci bia\u0142ej porcelany w stylu rokoko. Zdobiona jest scen\u0105 przedstawiaj\u0105c\u0105 postacie w strojach epoki, otoczona z\u0142otymi ornamentami przypominaj\u0105cymi p\u0142atki \u015bniegu, wyko\u0144czona z\u0142oceniem na obrze\u017cach. Salaterka posiada przetarcia na z\u0142oceniach.\u00a0 Posiadam w sprzeda\u017cy 6szt.\u00a0 Cena dotyczy 1szt.\u00a0 Wymiary\u00a0 Wysoko\u015b\u0107: 3cm.\u00a0 \u015arednica: 14cm. [&hellip;]<\/p>\n","protected":false},"featured_media":40799,"template":"","meta":{"_seopress_robots_primary_cat":"","_seopress_titles_title":"","_seopress_titles_desc":"","_seopress_robots_index":"","site-sidebar-layout":"default","site-content-layout":"","ast-site-content-layout":"default","site-content-style":"default","site-sidebar-style":"default","ast-global-header-display":"","ast-banner-title-visibility":"","ast-main-header-display":"","ast-hfb-above-header-display":"","ast-hfb-below-header-display":"","ast-hfb-mobile-header-display":"","site-post-title":"","ast-breadcrumbs-content":"","ast-featured-img":"","footer-sml-layout":"","ast-disable-related-posts":"","theme-transparent-header-meta":"default","adv-header-id-meta":"","stick-header-meta":"default","header-above-stick-meta":"","header-main-stick-meta":"","header-below-stick-meta":"","astra-migrate-meta-layouts":"set","ast-page-background-enabled":"default","ast-page-background-meta":{"desktop":{"background-color":"var(--ast-global-color-4)","background-image":"","background-repeat":"repeat","background-position":"center center","background-size":"auto","background-attachment":"scroll","background-type":"","background-media":"","overlay-type":"","overlay-color":"","overlay-opacity":"","overlay-gradient":""},"tablet":{"background-color":"","background-image":"","background-repeat":"repeat","background-position":"center center","background-size":"auto","background-attachment":"scroll","background-type":"","background-media":"","overlay-type":"","overlay-color":"","overlay-opacity":"","overlay-gradient":""},"mobile":{"background-color":"","background-image":"","background-repeat":"repeat","background-position":"center center","background-size":"auto","background-attachment":"scroll","background-type":"","background-media":"","overlay-type":"","overlay-color":"","overlay-opacity":"","overlay-gradient":""}},"ast-content-background-meta":{"desktop":{"background-color":"var(--ast-global-color-5)","background-image":"","background-repeat":"repeat","background-position":"center center","background-size":"auto","background-attachment":"scroll","background-type":"","background-media":"","overlay-type":"","overlay-color":"","overlay-opacity":"","overlay-gradient":""},"tablet":{"background-color":"var(--ast-global-color-5)","background-image":"","background-repeat":"repeat","background-position":"center center","background-size":"auto","background-attachment":"scroll","background-type":"","background-media":"","overlay-type":"","overlay-color":"","overlay-opacity":"","overlay-gradient":""},"mobile":{"background-color":"var(--ast-global-color-5)","background-image":"","background-repeat":"repeat","background-position":"center center","background-size":"auto","background-attachment":"scroll","background-type":"","background-media":"","overlay-type":"","overlay-color":"","overlay-opacity":"","overlay-gradient":""}}},"product_brand":[],"product_cat":[24,26,121,60],"product_tag":[],"class_list":{"0":"post-41246","1":"product","2":"type-product","3":"status-publish","4":"has-post-thumbnail","6":"product_cat-kuchnia","7":"product_cat-polmisek","8":"product_cat-spodki","9":"product_cat-talerzyki","10":"product_shipping_class-wysylka-19zl","11":"desktop-align-left","12":"tablet-align-left","13":"mobile-align-left","14":"ast-product-gallery-layout-vertical-slider","15":"ast-product-tabs-layout-horizontal","16":"ast-qv-on-image","18":"first","19":"instock","20":"shipping-taxable","21":"purchasable","22":"product-type-simple"},"_links":{"self":[{"href":"https:\/\/antart.com.pl\/en\/wp-json\/wp\/v2\/product\/41246","targetHints":{"allow":["GET"]}}],"collection":[{"href":"https:\/\/antart.com.pl\/en\/wp-json\/wp\/v2\/product"}],"about":[{"href":"https:\/\/antart.com.pl\/en\/wp-json\/wp\/v2\/types\/product"}],"wp:featuredmedia":[{"embeddable":true,"href":"https:\/\/antart.com.pl\/en\/wp-json\/wp\/v2\/media\/40799"}],"wp:attachment":[{"href":"https:\/\/antart.com.pl\/en\/wp-json\/wp\/v2\/media?parent=41246"}],"wp:term":[{"taxonomy":"product_brand","embeddable":true,"href":"https:\/\/antart.com.pl\/en\/wp-json\/wp\/v2\/product_brand?post=41246"},{"taxonomy":"product_cat","embeddable":true,"href":"https:\/\/antart.com.pl\/en\/wp-json\/wp\/v2\/product_cat?post=41246"},{"taxonomy":"product_tag","embeddable":true,"href":"https:\/\/antart.com.pl\/en\/wp-json\/wp\/v2\/product_tag?post=41246"}],"curies":[{"name":"wp","href":"https:\/\/api.w.org\/{rel}","templated":true}]}}