{"id":41382,"date":"2025-09-07T10:34:50","date_gmt":"2025-09-07T08:34:50","guid":{"rendered":"https:\/\/antart.com.pl\/?post_type=product&#038;p=41382"},"modified":"2026-04-01T20:15:36","modified_gmt":"2026-04-01T18:15:36","slug":"shell-armchair-cocktail-club-chair-from-the-prl-era","status":"publish","type":"product","link":"https:\/\/antart.com.pl\/en\/produkt\/fotel-muszelka-koktajlowy-klubowy-z-czasow-prl-u\/","title":{"rendered":"Shell, cocktail, club armchair from the communist era"},"content":{"rendered":"<h4 style=\"text-align: center;\"><em><b>Shell, cocktail, club armchair from the communist era<\/b><\/em><\/h4>\n<h4 style=\"text-align: center;\"><em>A retro armchair referred to as an armchair from the communist era.<\/em><\/h4>\n<h4 style=\"text-align: center;\"><em>Characteristic of the period with its shell back and upholstered seat.<\/em><\/h4>\n<h4><\/h4>\n<h4 style=\"text-align: left;\"><em>Dimensions:<\/em><\/h4>\n<ul>\n<li>\n<h4><em>height: 75cm<\/em><\/h4>\n<\/li>\n<li>\n<h4><em>width: 65 cm<\/em><\/h4>\n<\/li>\n<li>\n<h4><em>depth: 60 cm<\/em><\/h4>\n<\/li>\n<li>\n<h4><em>height to seat: 40 cm<\/em><\/h4>\n<\/li>\n<li>\n<h4><em>seat width: 55 cm<\/em><\/h4>\n<\/li>\n<li>\n<h4><em>seat depth 45 cm<\/em><\/h4>\n<\/li>\n<\/ul>\n<h4 style=\"text-align: center;\"><em><b>NOTE!!!<\/b><\/em><\/h4>\n<h4 style=\"text-align: center;\"><em><b>For the sake of safe delivery, in some cases we organise bulk or individual shipping.<\/b><\/em><\/h4>\n<h4 style=\"text-align: center;\"><em><b>********************************************************************************<\/b><\/em><\/h4>\n<h4 style=\"text-align: center;\"><em><b>The photos show the actual condition of the item.<\/b><\/em><\/h4>\n<h4 style=\"text-align: center;\"><em><b>Additional photos upon request from interested parties.<\/b><\/em><\/h4>\n<h4 style=\"text-align: center;\"><em><b>All our items on display are available in our warehouse.<\/b><\/em><\/h4>\n<h4 style=\"text-align: center;\"><em><b>Can be viewed by appointment.<\/b><\/em><\/h4>\n<h4><em><b>NO. ART 10050<\/b><\/em><\/h4>","protected":false},"excerpt":{"rendered":"<p>Fotel muszelka, koktajlowy, klubowy z czas\u00f3w PRL-u Fotel retro okre\u015blane jako fotel z czas\u00f3w PRL-u. Charakterystyczny dla tego okresu muszelkowym oparciem i tapicerowanym siedziskiem. Wymiary: wysoko\u015b\u0107: 75cm szeroko\u015b\u0107: 65 cm g\u0142\u0119boko\u015b\u0107: 60 cm wysoko\u015b\u0107 do siedziska: 40 cm szeroko\u015b\u0107 siedziska: 55 cm g\u0142\u0119boko\u015b\u0107 siedziska: 45 cm UWAGA!! Ze wzgl\u0119du na bezpieczne dostarczenie towaru, w niekt\u00f3rych [&hellip;]<\/p>\n","protected":false},"featured_media":41369,"template":"","meta":{"_seopress_robots_primary_cat":"","_seopress_titles_title":"","_seopress_titles_desc":"","_seopress_robots_index":"","site-sidebar-layout":"default","site-content-layout":"","ast-site-content-layout":"default","site-content-style":"default","site-sidebar-style":"default","ast-global-header-display":"","ast-banner-title-visibility":"","ast-main-header-display":"","ast-hfb-above-header-display":"","ast-hfb-below-header-display":"","ast-hfb-mobile-header-display":"","site-post-title":"","ast-breadcrumbs-content":"","ast-featured-img":"","footer-sml-layout":"","ast-disable-related-posts":"","theme-transparent-header-meta":"default","adv-header-id-meta":"","stick-header-meta":"default","header-above-stick-meta":"","header-main-stick-meta":"","header-below-stick-meta":"","astra-migrate-meta-layouts":"set","ast-page-background-enabled":"default","ast-page-background-meta":{"desktop":{"background-color":"var(--ast-global-color-4)","background-image":"","background-repeat":"repeat","background-position":"center center","background-size":"auto","background-attachment":"scroll","background-type":"","background-media":"","overlay-type":"","overlay-color":"","overlay-opacity":"","overlay-gradient":""},"tablet":{"background-color":"","background-image":"","background-repeat":"repeat","background-position":"center center","background-size":"auto","background-attachment":"scroll","background-type":"","background-media":"","overlay-type":"","overlay-color":"","overlay-opacity":"","overlay-gradient":""},"mobile":{"background-color":"","background-image":"","background-repeat":"repeat","background-position":"center center","background-size":"auto","background-attachment":"scroll","background-type":"","background-media":"","overlay-type":"","overlay-color":"","overlay-opacity":"","overlay-gradient":""}},"ast-content-background-meta":{"desktop":{"background-color":"var(--ast-global-color-5)","background-image":"","background-repeat":"repeat","background-position":"center center","background-size":"auto","background-attachment":"scroll","background-type":"","background-media":"","overlay-type":"","overlay-color":"","overlay-opacity":"","overlay-gradient":""},"tablet":{"background-color":"var(--ast-global-color-5)","background-image":"","background-repeat":"repeat","background-position":"center center","background-size":"auto","background-attachment":"scroll","background-type":"","background-media":"","overlay-type":"","overlay-color":"","overlay-opacity":"","overlay-gradient":""},"mobile":{"background-color":"var(--ast-global-color-5)","background-image":"","background-repeat":"repeat","background-position":"center center","background-size":"auto","background-attachment":"scroll","background-type":"","background-media":"","overlay-type":"","overlay-color":"","overlay-opacity":"","overlay-gradient":""}}},"product_brand":[],"product_cat":[39,32],"product_tag":[],"class_list":{"0":"post-41382","1":"product","2":"type-product","3":"status-publish","4":"has-post-thumbnail","6":"product_cat-fotele-puf","7":"product_cat-meble","8":"product_shipping_class-wysylka-70zl","9":"desktop-align-left","10":"tablet-align-left","11":"mobile-align-left","12":"ast-product-gallery-layout-vertical-slider","13":"ast-product-tabs-layout-horizontal","14":"ast-qv-on-image","16":"first","17":"instock","18":"sale","19":"sold-individually","20":"shipping-taxable","21":"purchasable","22":"product-type-simple"},"_links":{"self":[{"href":"https:\/\/antart.com.pl\/en\/wp-json\/wp\/v2\/product\/41382","targetHints":{"allow":["GET"]}}],"collection":[{"href":"https:\/\/antart.com.pl\/en\/wp-json\/wp\/v2\/product"}],"about":[{"href":"https:\/\/antart.com.pl\/en\/wp-json\/wp\/v2\/types\/product"}],"wp:featuredmedia":[{"embeddable":true,"href":"https:\/\/antart.com.pl\/en\/wp-json\/wp\/v2\/media\/41369"}],"wp:attachment":[{"href":"https:\/\/antart.com.pl\/en\/wp-json\/wp\/v2\/media?parent=41382"}],"wp:term":[{"taxonomy":"product_brand","embeddable":true,"href":"https:\/\/antart.com.pl\/en\/wp-json\/wp\/v2\/product_brand?post=41382"},{"taxonomy":"product_cat","embeddable":true,"href":"https:\/\/antart.com.pl\/en\/wp-json\/wp\/v2\/product_cat?post=41382"},{"taxonomy":"product_tag","embeddable":true,"href":"https:\/\/antart.com.pl\/en\/wp-json\/wp\/v2\/product_tag?post=41382"}],"curies":[{"name":"wp","href":"https:\/\/api.w.org\/{rel}","templated":true}]}}