{"id":41975,"date":"2025-09-11T10:58:01","date_gmt":"2025-09-11T08:58:01","guid":{"rendered":"https:\/\/antart.com.pl\/?post_type=product&#038;p=41975"},"modified":"2025-09-11T10:58:38","modified_gmt":"2025-09-11T08:58:38","slug":"ceramic-container-gmundner-keramik","status":"publish","type":"product","link":"https:\/\/antart.com.pl\/en\/produkt\/pojemnik-ceramiczny-gmundner-keramik\/","title":{"rendered":"Gmundner Keramik ceramic container"},"content":{"rendered":"<h4 style=\"text-align: center;\"><b>A container by the renowned Austrian manufactory Gmundner Keramik, made of high-quality ceramic in white. It features a hand-painted floral pattern and a decorative handle with a cut-out heart. The container can be used for salt or other loose spices.\u00a0<\/b><\/h4>\n<h4><\/h4>\n<h4><b>Dimensions\u00a0<\/b><\/h4>\n<ul>\n<li>\n<h4><b>Height: 12cm.\u00a0<\/b><\/h4>\n<\/li>\n<li>\n<h4><b>Top diameter: 9cm.\u00a0<\/b><\/h4>\n<\/li>\n<li>\n<h4><b>Base diameter: 6cm.<\/b><\/h4>\n<\/li>\n<\/ul>\n<h4 style=\"text-align: center;\"><b>The photos show<\/b><b>are the facts of the case<\/b><\/h4>\n<h4 style=\"text-align: center;\"><b>Additional photos upon request<\/b><\/h4>\n<h4 style=\"text-align: center;\"><b>All our items on display are available in our warehouse.<\/b><\/h4>\n<h4 style=\"text-align: center;\"><b>Can be viewed by appointment.<\/b><\/h4>\n<h4><\/h4>\n<h4><b>No. 5532<\/b><\/h4>","protected":false},"excerpt":{"rendered":"<p>Pojemnik renomowanej austriackiej manufaktury Gmundner Keramik, wykonany z wysokiej jako\u015bci ceramiki w bia\u0142ym kolorze. Charakteryzuje si\u0119 r\u0119cznie malowanym wzorem kwiatowym oraz dekoracyjnym uchwytem z wyci\u0119tym sercem. Pojemnik mo\u017ce s\u0142u\u017cy\u0107 na s\u00f3l lub inne przyprawy sypkie.\u00a0 Wymiary\u00a0 Wysoko\u015b\u0107: 12cm.\u00a0 \u015arednica g\u00f3rna: 9cm.\u00a0 \u015arednica podstawy: 6cm. Zdj\u0119cia przedstawiaj\u0105 stan faktyczny przedmiotu Dodatkowe zdj\u0119cia na pro\u015bb\u0119 zainteresowanych Wszystkie [&hellip;]<\/p>\n","protected":false},"featured_media":41976,"template":"","meta":{"_seopress_robots_primary_cat":"","_seopress_titles_title":"","_seopress_titles_desc":"","_seopress_robots_index":"","site-sidebar-layout":"default","site-content-layout":"","ast-site-content-layout":"default","site-content-style":"default","site-sidebar-style":"default","ast-global-header-display":"","ast-banner-title-visibility":"","ast-main-header-display":"","ast-hfb-above-header-display":"","ast-hfb-below-header-display":"","ast-hfb-mobile-header-display":"","site-post-title":"","ast-breadcrumbs-content":"","ast-featured-img":"","footer-sml-layout":"","ast-disable-related-posts":"","theme-transparent-header-meta":"default","adv-header-id-meta":"","stick-header-meta":"default","header-above-stick-meta":"","header-main-stick-meta":"","header-below-stick-meta":"","astra-migrate-meta-layouts":"set","ast-page-background-enabled":"default","ast-page-background-meta":{"desktop":{"background-color":"var(--ast-global-color-4)","background-image":"","background-repeat":"repeat","background-position":"center center","background-size":"auto","background-attachment":"scroll","background-type":"","background-media":"","overlay-type":"","overlay-color":"","overlay-opacity":"","overlay-gradient":""},"tablet":{"background-color":"","background-image":"","background-repeat":"repeat","background-position":"center center","background-size":"auto","background-attachment":"scroll","background-type":"","background-media":"","overlay-type":"","overlay-color":"","overlay-opacity":"","overlay-gradient":""},"mobile":{"background-color":"","background-image":"","background-repeat":"repeat","background-position":"center center","background-size":"auto","background-attachment":"scroll","background-type":"","background-media":"","overlay-type":"","overlay-color":"","overlay-opacity":"","overlay-gradient":""}},"ast-content-background-meta":{"desktop":{"background-color":"var(--ast-global-color-5)","background-image":"","background-repeat":"repeat","background-position":"center center","background-size":"auto","background-attachment":"scroll","background-type":"","background-media":"","overlay-type":"","overlay-color":"","overlay-opacity":"","overlay-gradient":""},"tablet":{"background-color":"var(--ast-global-color-5)","background-image":"","background-repeat":"repeat","background-position":"center center","background-size":"auto","background-attachment":"scroll","background-type":"","background-media":"","overlay-type":"","overlay-color":"","overlay-opacity":"","overlay-gradient":""},"mobile":{"background-color":"var(--ast-global-color-5)","background-image":"","background-repeat":"repeat","background-position":"center center","background-size":"auto","background-attachment":"scroll","background-type":"","background-media":"","overlay-type":"","overlay-color":"","overlay-opacity":"","overlay-gradient":""}}},"product_brand":[],"product_cat":[24,343],"product_tag":[],"class_list":{"0":"post-41975","1":"product","2":"type-product","3":"status-publish","4":"has-post-thumbnail","6":"product_cat-kuchnia","7":"product_cat-pojemnik","8":"product_shipping_class-wysylka-19zl","9":"desktop-align-left","10":"tablet-align-left","11":"mobile-align-left","12":"ast-product-gallery-layout-vertical-slider","13":"ast-product-tabs-layout-horizontal","14":"ast-qv-on-image","16":"first","17":"instock","18":"sold-individually","19":"shipping-taxable","20":"purchasable","21":"product-type-simple"},"_links":{"self":[{"href":"https:\/\/antart.com.pl\/en\/wp-json\/wp\/v2\/product\/41975","targetHints":{"allow":["GET"]}}],"collection":[{"href":"https:\/\/antart.com.pl\/en\/wp-json\/wp\/v2\/product"}],"about":[{"href":"https:\/\/antart.com.pl\/en\/wp-json\/wp\/v2\/types\/product"}],"wp:featuredmedia":[{"embeddable":true,"href":"https:\/\/antart.com.pl\/en\/wp-json\/wp\/v2\/media\/41976"}],"wp:attachment":[{"href":"https:\/\/antart.com.pl\/en\/wp-json\/wp\/v2\/media?parent=41975"}],"wp:term":[{"taxonomy":"product_brand","embeddable":true,"href":"https:\/\/antart.com.pl\/en\/wp-json\/wp\/v2\/product_brand?post=41975"},{"taxonomy":"product_cat","embeddable":true,"href":"https:\/\/antart.com.pl\/en\/wp-json\/wp\/v2\/product_cat?post=41975"},{"taxonomy":"product_tag","embeddable":true,"href":"https:\/\/antart.com.pl\/en\/wp-json\/wp\/v2\/product_tag?post=41975"}],"curies":[{"name":"wp","href":"https:\/\/api.w.org\/{rel}","templated":true}]}}