{"id":4259,"date":"2023-05-24T12:44:42","date_gmt":"2023-05-24T10:44:42","guid":{"rendered":"https:\/\/antart.com.pl\/?post_type=product&#038;p=4259"},"modified":"2024-09-07T14:08:25","modified_gmt":"2024-09-07T12:08:25","slug":"pvc-light-bulb-26-cm-high-2","status":"publish","type":"product","link":"https:\/\/antart.com.pl\/en\/produkt\/abazur-na-zarowke-pcv-wys-26cm-2\/","title":{"rendered":"Black bulb lampshade with silver PVC H.26cm."},"content":{"rendered":"<h4 style=\"text-align: center;\"><em><strong>Black bulb lampshade with silver PVC H.26cm<\/strong><\/em><\/h4>\n<p>&nbsp;<\/p>\n<h4><em><strong>Dimensions<\/strong><\/em><\/h4>\n<ul>\n<li>\n<h4><em><strong>upper diameter: 22cm<\/strong><\/em><\/h4>\n<\/li>\n<li>\n<h4><em><strong>height: 26cm<\/strong><\/em><\/h4>\n<\/li>\n<li>\n<h4><em><strong>bottom diameter: 35cm<\/strong><\/em><\/h4>\n<\/li>\n<\/ul>\n<h4><em><strong>Lampshade New<\/strong><\/em><\/h4>\n<p>&nbsp;<\/p>\n<h4 style=\"text-align: center;\"><em><strong>The photos show the actual state of the object<\/strong><\/em><\/h4>\n<h4 style=\"text-align: center;\"><em><strong>Additional photos upon request<\/strong><\/em><\/h4>\n<h4 style=\"text-align: center;\"><em><strong>All our items on display are available in our warehouse.<\/strong><\/em><\/h4>\n<h4 style=\"text-align: center;\"><em><strong>Can be viewed by appointment.<\/strong><\/em><\/h4>","protected":false},"excerpt":{"rendered":"<p>Aba\u017cur na \u017car\u00f3wk\u0119 czarny z srebrnym PCV wys.26cm &nbsp; Wymiary \u015brednica g\u00f3rna: 22cm wysoko\u015b\u0107: 26cm \u015brednica dolna: 35cm Aba\u017cur Nowy &nbsp; Zdj\u0119cia przedstawiaj\u0105 stan faktyczny przedmiotu Dodatkowe zdj\u0119cia na pro\u015bb\u0119 zainteresowanych Wszystkie nasze przedmioty wystawione s\u0105 dost\u0119pne w naszym magazynie. Mo\u017cna obejrze\u0107 po wcze\u015bniejszym um\u00f3wieniu si\u0119.<\/p>","protected":false},"featured_media":1651,"template":"","meta":{"_seopress_robots_primary_cat":"","_seopress_titles_title":"","_seopress_titles_desc":"","_seopress_robots_index":"","site-sidebar-layout":"default","site-content-layout":"","ast-site-content-layout":"default","site-content-style":"default","site-sidebar-style":"default","ast-global-header-display":"","ast-banner-title-visibility":"","ast-main-header-display":"","ast-hfb-above-header-display":"","ast-hfb-below-header-display":"","ast-hfb-mobile-header-display":"","site-post-title":"","ast-breadcrumbs-content":"","ast-featured-img":"","footer-sml-layout":"","ast-disable-related-posts":"","theme-transparent-header-meta":"default","adv-header-id-meta":"","stick-header-meta":"default","header-above-stick-meta":"","header-main-stick-meta":"","header-below-stick-meta":"","astra-migrate-meta-layouts":"set","ast-page-background-enabled":"default","ast-page-background-meta":{"desktop":{"background-color":"var(--ast-global-color-4)","background-image":"","background-repeat":"repeat","background-position":"center center","background-size":"auto","background-attachment":"scroll","background-type":"","background-media":"","overlay-type":"","overlay-color":"","overlay-opacity":"","overlay-gradient":""},"tablet":{"background-color":"","background-image":"","background-repeat":"repeat","background-position":"center center","background-size":"auto","background-attachment":"scroll","background-type":"","background-media":"","overlay-type":"","overlay-color":"","overlay-opacity":"","overlay-gradient":""},"mobile":{"background-color":"","background-image":"","background-repeat":"repeat","background-position":"center center","background-size":"auto","background-attachment":"scroll","background-type":"","background-media":"","overlay-type":"","overlay-color":"","overlay-opacity":"","overlay-gradient":""}},"ast-content-background-meta":{"desktop":{"background-color":"var(--ast-global-color-5)","background-image":"","background-repeat":"repeat","background-position":"center center","background-size":"auto","background-attachment":"scroll","background-type":"","background-media":"","overlay-type":"","overlay-color":"","overlay-opacity":"","overlay-gradient":""},"tablet":{"background-color":"var(--ast-global-color-5)","background-image":"","background-repeat":"repeat","background-position":"center center","background-size":"auto","background-attachment":"scroll","background-type":"","background-media":"","overlay-type":"","overlay-color":"","overlay-opacity":"","overlay-gradient":""},"mobile":{"background-color":"var(--ast-global-color-5)","background-image":"","background-repeat":"repeat","background-position":"center center","background-size":"auto","background-attachment":"scroll","background-type":"","background-media":"","overlay-type":"","overlay-color":"","overlay-opacity":"","overlay-gradient":""}}},"product_brand":[],"product_cat":[75,30],"product_tag":[313,275,312,281,284,292,295,289,297,299,280,287,300,293,298,283,279,309,304,276,186,311,310,308,278,296,303,306,302,305,291,282,288,277,301,285,286,294,307,160,290],"class_list":{"0":"post-4259","1":"product","2":"type-product","3":"status-publish","4":"has-post-thumbnail","6":"product_cat-abazury","7":"product_cat-oswietlenie","8":"product_tag-abazur","9":"product_tag-abazurdo","10":"product_tag-abazurmaterialowy","11":"product_tag-architecture","12":"product_tag-art","13":"product_tag-beautiful","14":"product_tag-blackandwhite","15":"product_tag-city","16":"product_tag-cracow","17":"product_tag-decor","18":"product_tag-design","19":"product_tag-home","20":"product_tag-homedecor","21":"product_tag-inspiration","22":"product_tag-instagood","23":"product_tag-interior","24":"product_tag-interiordesign","25":"product_tag-kinkiet","26":"product_tag-klosz","27":"product_tag-lamp","28":"product_tag-lampa","29":"product_tag-lampabiurowa","30":"product_tag-lampapodlogowa","31":"product_tag-lampastojaca","32":"product_tag-light","33":"product_tag-lights","34":"product_tag-mood","35":"product_tag-nalampe","36":"product_tag-night","37":"product_tag-oswietlenie","38":"product_tag-photo","39":"product_tag-photography","40":"product_tag-photooftheday","41":"product_tag-poland","42":"product_tag-polishgirl","43":"product_tag-polska","44":"product_tag-sky","45":"product_tag-street","46":"product_tag-swiatlo","47":"product_tag-vintage","48":"product_tag-warszawa","49":"product_shipping_class-wysylka-19zl","50":"desktop-align-left","51":"tablet-align-left","52":"mobile-align-left","53":"ast-product-gallery-layout-vertical-slider","54":"ast-product-tabs-layout-horizontal","55":"ast-qv-on-image","57":"first","58":"instock","59":"shipping-taxable","60":"purchasable","61":"product-type-simple"},"_links":{"self":[{"href":"https:\/\/antart.com.pl\/en\/wp-json\/wp\/v2\/product\/4259","targetHints":{"allow":["GET"]}}],"collection":[{"href":"https:\/\/antart.com.pl\/en\/wp-json\/wp\/v2\/product"}],"about":[{"href":"https:\/\/antart.com.pl\/en\/wp-json\/wp\/v2\/types\/product"}],"wp:featuredmedia":[{"embeddable":true,"href":"https:\/\/antart.com.pl\/en\/wp-json\/wp\/v2\/media\/1651"}],"wp:attachment":[{"href":"https:\/\/antart.com.pl\/en\/wp-json\/wp\/v2\/media?parent=4259"}],"wp:term":[{"taxonomy":"product_brand","embeddable":true,"href":"https:\/\/antart.com.pl\/en\/wp-json\/wp\/v2\/product_brand?post=4259"},{"taxonomy":"product_cat","embeddable":true,"href":"https:\/\/antart.com.pl\/en\/wp-json\/wp\/v2\/product_cat?post=4259"},{"taxonomy":"product_tag","embeddable":true,"href":"https:\/\/antart.com.pl\/en\/wp-json\/wp\/v2\/product_tag?post=4259"}],"curies":[{"name":"wp","href":"https:\/\/api.w.org\/{rel}","templated":true}]}}