{"id":42732,"date":"2025-09-13T13:20:57","date_gmt":"2025-09-13T11:20:57","guid":{"rendered":"https:\/\/antart.com.pl\/?post_type=product&#038;p=42732"},"modified":"2026-04-01T20:15:34","modified_gmt":"2026-04-01T18:15:34","slug":"teak-folding-chair","status":"publish","type":"product","link":"https:\/\/antart.com.pl\/en\/produkt\/fotel-dunski-rozkladany-z-drewna-tekowego\/","title":{"rendered":"Danish teak folding armchair"},"content":{"rendered":"<h4 style=\"text-align: center;\"><em><strong>Danish teak folding armchair<\/strong><\/em><\/h4>\n<h4 style=\"text-align: center;\"><em><strong>A comfortable Scandinavian style lounge chair made of teak. It has an adjustable backrest on cylinders, providing a comfortable rest. The armchair is in good condition, ideal for the living room or bedroom.<\/strong><\/em><\/h4>\n<h4 style=\"text-align: center;\"><em><strong>Armchair covered in woollen beige fabric.<\/strong><\/em><\/h4>\n<h4 style=\"text-align: center;\"><\/h4>\n<h4><em><strong>Dimensions:<\/strong><\/em><\/h4>\n<ul>\n<li>\n<h4><em><strong>height: 108 cm<\/strong><\/em><\/h4>\n<\/li>\n<li>\n<h4><em><strong>width: 66 cm<\/strong><\/em><\/h4>\n<\/li>\n<li>\n<h4><em><strong>depth: 60 cm<\/strong><\/em><\/h4>\n<\/li>\n<li>\n<h4><em><strong>height to seat: 47 cm<\/strong><\/em><\/h4>\n<\/li>\n<li>\n<h4><em><strong>seat depth: 48 cm<\/strong><\/em><\/h4>\n<\/li>\n<li>\n<h4><em><strong>total length of bifurcation: 100cm<\/strong><\/em><\/h4>\n<\/li>\n<\/ul>\n<h4><em><strong>I own six pieces.<\/strong><\/em><\/h4>\n<h4><em><strong>The price is for 1 piece.<\/strong><\/em><\/h4>\n<h4 style=\"text-align: center;\"><em><strong>NOTE!!!<\/strong><\/em><\/h4>\n<h4 style=\"text-align: center;\"><em><strong>For the sake of safe delivery, in some cases we organise bulk or individual shipping. *****************************************************************************<\/strong><\/em><\/h4>\n<h4 style=\"text-align: center;\"><em><strong>The photos show the actual condition of the item.<\/strong><\/em><\/h4>\n<h4 style=\"text-align: center;\"><em><strong>Additional photos upon request from interested parties.<\/strong><\/em><\/h4>\n<h4 style=\"text-align: center;\"><em><strong>All our items on display are available in our warehouse.<\/strong><\/em><\/h4>\n<h4 style=\"text-align: center;\"><em><strong>Can be viewed by appointment.<\/strong><\/em><\/h4>\n<h4><em><strong>NO. ART 10137<\/strong><\/em><\/h4>","protected":false},"excerpt":{"rendered":"<p>Fotel du\u0144ski rozk\u0142adany z drewna tekowego Wygodny fotel wypoczynkowy w stylu skandynawskim, wykonany z drewna tekowego. Posiada regulacj\u0119 oparcia na si\u0142ownikach, zapewniaj\u0105c komfortowy wypoczynek. Fotel jest w dobrym stanie, idealnie nadaje si\u0119 do salonu lub sypialni. Fotel pokryty we\u0142nian\u0105 tkanin\u0105 be\u017cow\u0105. Wymiary: wysoko\u015b\u0107: 108 cm szeroko\u015b\u0107: 66 cm g\u0142\u0119boko\u015b\u0107: 60 cm wysoko\u015b\u0107 do siedziska: 47 [&hellip;]<\/p>\n","protected":false},"featured_media":42708,"template":"","meta":{"_seopress_robots_primary_cat":"","_seopress_titles_title":"","_seopress_titles_desc":"","_seopress_robots_index":"","site-sidebar-layout":"default","site-content-layout":"","ast-site-content-layout":"default","site-content-style":"default","site-sidebar-style":"default","ast-global-header-display":"","ast-banner-title-visibility":"","ast-main-header-display":"","ast-hfb-above-header-display":"","ast-hfb-below-header-display":"","ast-hfb-mobile-header-display":"","site-post-title":"","ast-breadcrumbs-content":"","ast-featured-img":"","footer-sml-layout":"","ast-disable-related-posts":"","theme-transparent-header-meta":"default","adv-header-id-meta":"","stick-header-meta":"default","header-above-stick-meta":"","header-main-stick-meta":"","header-below-stick-meta":"","astra-migrate-meta-layouts":"set","ast-page-background-enabled":"default","ast-page-background-meta":{"desktop":{"background-color":"var(--ast-global-color-4)","background-image":"","background-repeat":"repeat","background-position":"center center","background-size":"auto","background-attachment":"scroll","background-type":"","background-media":"","overlay-type":"","overlay-color":"","overlay-opacity":"","overlay-gradient":""},"tablet":{"background-color":"","background-image":"","background-repeat":"repeat","background-position":"center center","background-size":"auto","background-attachment":"scroll","background-type":"","background-media":"","overlay-type":"","overlay-color":"","overlay-opacity":"","overlay-gradient":""},"mobile":{"background-color":"","background-image":"","background-repeat":"repeat","background-position":"center center","background-size":"auto","background-attachment":"scroll","background-type":"","background-media":"","overlay-type":"","overlay-color":"","overlay-opacity":"","overlay-gradient":""}},"ast-content-background-meta":{"desktop":{"background-color":"var(--ast-global-color-5)","background-image":"","background-repeat":"repeat","background-position":"center center","background-size":"auto","background-attachment":"scroll","background-type":"","background-media":"","overlay-type":"","overlay-color":"","overlay-opacity":"","overlay-gradient":""},"tablet":{"background-color":"var(--ast-global-color-5)","background-image":"","background-repeat":"repeat","background-position":"center center","background-size":"auto","background-attachment":"scroll","background-type":"","background-media":"","overlay-type":"","overlay-color":"","overlay-opacity":"","overlay-gradient":""},"mobile":{"background-color":"var(--ast-global-color-5)","background-image":"","background-repeat":"repeat","background-position":"center center","background-size":"auto","background-attachment":"scroll","background-type":"","background-media":"","overlay-type":"","overlay-color":"","overlay-opacity":"","overlay-gradient":""}}},"product_brand":[],"product_cat":[39,32],"product_tag":[],"class_list":{"0":"post-42732","1":"product","2":"type-product","3":"status-publish","4":"has-post-thumbnail","6":"product_cat-fotele-puf","7":"product_cat-meble","8":"product_shipping_class-wysylka-140zl","9":"desktop-align-left","10":"tablet-align-left","11":"mobile-align-left","12":"ast-product-gallery-layout-vertical-slider","13":"ast-product-tabs-layout-horizontal","14":"ast-qv-on-image","16":"first","17":"instock","18":"sale","19":"shipping-taxable","20":"purchasable","21":"product-type-simple"},"_links":{"self":[{"href":"https:\/\/antart.com.pl\/en\/wp-json\/wp\/v2\/product\/42732","targetHints":{"allow":["GET"]}}],"collection":[{"href":"https:\/\/antart.com.pl\/en\/wp-json\/wp\/v2\/product"}],"about":[{"href":"https:\/\/antart.com.pl\/en\/wp-json\/wp\/v2\/types\/product"}],"wp:featuredmedia":[{"embeddable":true,"href":"https:\/\/antart.com.pl\/en\/wp-json\/wp\/v2\/media\/42708"}],"wp:attachment":[{"href":"https:\/\/antart.com.pl\/en\/wp-json\/wp\/v2\/media?parent=42732"}],"wp:term":[{"taxonomy":"product_brand","embeddable":true,"href":"https:\/\/antart.com.pl\/en\/wp-json\/wp\/v2\/product_brand?post=42732"},{"taxonomy":"product_cat","embeddable":true,"href":"https:\/\/antart.com.pl\/en\/wp-json\/wp\/v2\/product_cat?post=42732"},{"taxonomy":"product_tag","embeddable":true,"href":"https:\/\/antart.com.pl\/en\/wp-json\/wp\/v2\/product_tag?post=42732"}],"curies":[{"name":"wp","href":"https:\/\/api.w.org\/{rel}","templated":true}]}}