{"id":42868,"date":"2025-09-15T12:30:29","date_gmt":"2025-09-15T10:30:29","guid":{"rendered":"https:\/\/antart.com.pl\/?post_type=product&#038;p=42868"},"modified":"2025-09-15T12:30:30","modified_gmt":"2025-09-15T10:30:30","slug":"antique-wooden-corner-console-table","status":"publish","type":"product","link":"https:\/\/antart.com.pl\/en\/produkt\/stolik-konsola-antyczna-narozna-drewniana\/","title":{"rendered":"Table, antique wooden corner console"},"content":{"rendered":"<h4 style=\"text-align: center;\"><em><b>Table, antique wooden corner console<\/b><\/em><\/h4>\n<h4 style=\"text-align: center;\"><em>A stylish wooden table in the shape of a corner. The piece of furniture has a dark, antique colour which gives it an elegant look. The table can make an interesting decoration in the living room or bedroom.<\/em><\/h4>\n<h4 style=\"text-align: center;\"><em><strong>Gentle indentation in the tabletop.<\/strong><\/em><\/h4>\n<h4><em>Dimensions<\/em><\/h4>\n<ul>\n<li>\n<h4><em>height: 83 cm<\/em><\/h4>\n<\/li>\n<li>\n<h4><em>width: 92 cm<\/em><\/h4>\n<\/li>\n<li>\n<h4><em>depth: 64 cm<\/em><\/h4>\n<\/li>\n<\/ul>\n<h4 style=\"text-align: center;\"><em><b>The photos show the actual state of the object<\/b><\/em><\/h4>\n<h4 style=\"text-align: center;\"><em><b>Additional photos upon request<\/b><\/em><\/h4>\n<h4 style=\"text-align: center;\"><em><b>All our items on display are available in our warehouse.<\/b><\/em><\/h4>\n<h4 style=\"text-align: center;\"><em><b>Can be viewed by appointment.<\/b><\/em><\/h4>\n<h4><em><b>Order no. 10130<\/b><\/em><\/h4>","protected":false},"excerpt":{"rendered":"<p>Stolik, konsola antyczna naro\u017cna drewniana Stylowy, drewniany stolik w kszta\u0142cie naro\u017cnika. Mebel ma ciemny, antyczny kolor, kt\u00f3ry nadaje mu elegancki wygl\u0105d. Stolik mo\u017ce stanowi\u0107 ciekaw\u0105 dekoracj\u0119 w salonie lub sypialni. Delikatne wgniecenie w blacie. Wymiary wysoko\u015b\u0107: 83 cm szeroko\u015b\u0107:\u00a0 92 cm g\u0142\u0119boko\u015b\u0107: 64 cm Zdj\u0119cia przedstawiaj\u0105 stan faktyczny przedmiotu Dodatkowe zdj\u0119cia na pro\u015bb\u0119 zainteresowanych Wszystkie [&hellip;]<\/p>\n","protected":false},"featured_media":42836,"template":"","meta":{"_seopress_robots_primary_cat":"","_seopress_titles_title":"","_seopress_titles_desc":"","_seopress_robots_index":"","site-sidebar-layout":"default","site-content-layout":"","ast-site-content-layout":"default","site-content-style":"default","site-sidebar-style":"default","ast-global-header-display":"","ast-banner-title-visibility":"","ast-main-header-display":"","ast-hfb-above-header-display":"","ast-hfb-below-header-display":"","ast-hfb-mobile-header-display":"","site-post-title":"","ast-breadcrumbs-content":"","ast-featured-img":"","footer-sml-layout":"","ast-disable-related-posts":"","theme-transparent-header-meta":"default","adv-header-id-meta":"","stick-header-meta":"default","header-above-stick-meta":"","header-main-stick-meta":"","header-below-stick-meta":"","astra-migrate-meta-layouts":"set","ast-page-background-enabled":"default","ast-page-background-meta":{"desktop":{"background-color":"var(--ast-global-color-4)","background-image":"","background-repeat":"repeat","background-position":"center center","background-size":"auto","background-attachment":"scroll","background-type":"","background-media":"","overlay-type":"","overlay-color":"","overlay-opacity":"","overlay-gradient":""},"tablet":{"background-color":"","background-image":"","background-repeat":"repeat","background-position":"center center","background-size":"auto","background-attachment":"scroll","background-type":"","background-media":"","overlay-type":"","overlay-color":"","overlay-opacity":"","overlay-gradient":""},"mobile":{"background-color":"","background-image":"","background-repeat":"repeat","background-position":"center center","background-size":"auto","background-attachment":"scroll","background-type":"","background-media":"","overlay-type":"","overlay-color":"","overlay-opacity":"","overlay-gradient":""}},"ast-content-background-meta":{"desktop":{"background-color":"var(--ast-global-color-5)","background-image":"","background-repeat":"repeat","background-position":"center center","background-size":"auto","background-attachment":"scroll","background-type":"","background-media":"","overlay-type":"","overlay-color":"","overlay-opacity":"","overlay-gradient":""},"tablet":{"background-color":"var(--ast-global-color-5)","background-image":"","background-repeat":"repeat","background-position":"center center","background-size":"auto","background-attachment":"scroll","background-type":"","background-media":"","overlay-type":"","overlay-color":"","overlay-opacity":"","overlay-gradient":""},"mobile":{"background-color":"var(--ast-global-color-5)","background-image":"","background-repeat":"repeat","background-position":"center center","background-size":"auto","background-attachment":"scroll","background-type":"","background-media":"","overlay-type":"","overlay-color":"","overlay-opacity":"","overlay-gradient":""}}},"product_brand":[],"product_cat":[341,32],"product_tag":[],"class_list":{"0":"post-42868","1":"product","2":"type-product","3":"status-publish","4":"has-post-thumbnail","6":"product_cat-konsola","7":"product_cat-meble","8":"product_shipping_class-wysylka-60zl","9":"desktop-align-left","10":"tablet-align-left","11":"mobile-align-left","12":"ast-product-gallery-layout-vertical-slider","13":"ast-product-tabs-layout-horizontal","14":"ast-qv-on-image","16":"first","17":"instock","18":"sold-individually","19":"shipping-taxable","20":"purchasable","21":"product-type-simple"},"_links":{"self":[{"href":"https:\/\/antart.com.pl\/en\/wp-json\/wp\/v2\/product\/42868","targetHints":{"allow":["GET"]}}],"collection":[{"href":"https:\/\/antart.com.pl\/en\/wp-json\/wp\/v2\/product"}],"about":[{"href":"https:\/\/antart.com.pl\/en\/wp-json\/wp\/v2\/types\/product"}],"wp:featuredmedia":[{"embeddable":true,"href":"https:\/\/antart.com.pl\/en\/wp-json\/wp\/v2\/media\/42836"}],"wp:attachment":[{"href":"https:\/\/antart.com.pl\/en\/wp-json\/wp\/v2\/media?parent=42868"}],"wp:term":[{"taxonomy":"product_brand","embeddable":true,"href":"https:\/\/antart.com.pl\/en\/wp-json\/wp\/v2\/product_brand?post=42868"},{"taxonomy":"product_cat","embeddable":true,"href":"https:\/\/antart.com.pl\/en\/wp-json\/wp\/v2\/product_cat?post=42868"},{"taxonomy":"product_tag","embeddable":true,"href":"https:\/\/antart.com.pl\/en\/wp-json\/wp\/v2\/product_tag?post=42868"}],"curies":[{"name":"wp","href":"https:\/\/api.w.org\/{rel}","templated":true}]}}