{"id":42977,"date":"2025-09-16T13:25:43","date_gmt":"2025-09-16T11:25:43","guid":{"rendered":"https:\/\/antart.com.pl\/?post_type=product&#038;p=42977"},"modified":"2025-09-16T13:25:44","modified_gmt":"2025-09-16T11:25:44","slug":"card-table-folding-bridge-table","status":"publish","type":"product","link":"https:\/\/antart.com.pl\/en\/produkt\/stolik-karciak-skladany-do-gry-w-brydza\/","title":{"rendered":"Table, folding card table for playing bridge"},"content":{"rendered":"<h4 style=\"text-align: center;\"><em><b>Table, folding card table for playing bridge<\/b><\/em><\/h4>\n<h4 style=\"text-align: center;\"><em>Folding bridge table. Green top with game markings. Solid wooden construction on metal legs. The table is used but in good condition. Perfect for playing bridge or other card games at home or at parties.<\/em><\/h4>\n<h4 style=\"text-align: center;\"><em>The gebelin can be pulled off and the smooth green top remains.<\/em><\/h4>\n<h4><em><b>Dimensions<\/b><\/em><\/h4>\n<ul>\n<li>\n<h4><em>length: 81cm<\/em><\/h4>\n<\/li>\n<li>\n<h4><em>width: 81cm<\/em><\/h4>\n<\/li>\n<li>\n<h4><em>height: 69cm<\/em><\/h4>\n<\/li>\n<\/ul>\n<h4 style=\"text-align: center;\"><em><b>NOTE!!!<\/b><\/em><\/h4>\n<h4 style=\"text-align: center;\"><em><b>For the sake of safe delivery, in some cases we organise bulk or individual shipping.<\/b><\/em><\/h4>\n<h4 style=\"text-align: center;\"><em><b>*****************************************************<\/b><\/em><\/h4>\n<h4 style=\"text-align: center;\"><em><b>The photos show the actual state of the object<\/b><\/em><\/h4>\n<h4 style=\"text-align: center;\"><em><b>Additional photos upon request<\/b><\/em><\/h4>\n<h4 style=\"text-align: center;\"><em><b>All our items on display are available in our warehouse.<\/b><\/em><\/h4>\n<h4 style=\"text-align: center;\"><em><b>Can be viewed by appointment.<\/b><\/em><\/h4>\n<h4><em><b>NO. ART 10119<\/b><\/em><\/h4>","protected":false},"excerpt":{"rendered":"<p>Stolik, karciak sk\u0142adany do gry w bryd\u017ca Sk\u0142adany stolik do gry w bryd\u017ca. Zielony blat z oznaczeniami do gry. Solidna konstrukcja drewniana na metalowych nogach. Stolik jest u\u017cywany, ale w dobrym stanie. Doskona\u0142y do gry w bryd\u017ca lub innych gier karcianych w domu lub na imprezach. Gebelin mo\u017cna \u015bci\u0105gn\u0105\u0107 i pozostaje g\u0142adki blat zielony. Wymiary [&hellip;]<\/p>\n","protected":false},"featured_media":42988,"template":"","meta":{"_seopress_robots_primary_cat":"","_seopress_titles_title":"","_seopress_titles_desc":"","_seopress_robots_index":"","site-sidebar-layout":"default","site-content-layout":"","ast-site-content-layout":"default","site-content-style":"default","site-sidebar-style":"default","ast-global-header-display":"","ast-banner-title-visibility":"","ast-main-header-display":"","ast-hfb-above-header-display":"","ast-hfb-below-header-display":"","ast-hfb-mobile-header-display":"","site-post-title":"","ast-breadcrumbs-content":"","ast-featured-img":"","footer-sml-layout":"","ast-disable-related-posts":"","theme-transparent-header-meta":"default","adv-header-id-meta":"","stick-header-meta":"default","header-above-stick-meta":"","header-main-stick-meta":"","header-below-stick-meta":"","astra-migrate-meta-layouts":"set","ast-page-background-enabled":"default","ast-page-background-meta":{"desktop":{"background-color":"var(--ast-global-color-4)","background-image":"","background-repeat":"repeat","background-position":"center center","background-size":"auto","background-attachment":"scroll","background-type":"","background-media":"","overlay-type":"","overlay-color":"","overlay-opacity":"","overlay-gradient":""},"tablet":{"background-color":"","background-image":"","background-repeat":"repeat","background-position":"center center","background-size":"auto","background-attachment":"scroll","background-type":"","background-media":"","overlay-type":"","overlay-color":"","overlay-opacity":"","overlay-gradient":""},"mobile":{"background-color":"","background-image":"","background-repeat":"repeat","background-position":"center center","background-size":"auto","background-attachment":"scroll","background-type":"","background-media":"","overlay-type":"","overlay-color":"","overlay-opacity":"","overlay-gradient":""}},"ast-content-background-meta":{"desktop":{"background-color":"var(--ast-global-color-5)","background-image":"","background-repeat":"repeat","background-position":"center center","background-size":"auto","background-attachment":"scroll","background-type":"","background-media":"","overlay-type":"","overlay-color":"","overlay-opacity":"","overlay-gradient":""},"tablet":{"background-color":"var(--ast-global-color-5)","background-image":"","background-repeat":"repeat","background-position":"center center","background-size":"auto","background-attachment":"scroll","background-type":"","background-media":"","overlay-type":"","overlay-color":"","overlay-opacity":"","overlay-gradient":""},"mobile":{"background-color":"var(--ast-global-color-5)","background-image":"","background-repeat":"repeat","background-position":"center center","background-size":"auto","background-attachment":"scroll","background-type":"","background-media":"","overlay-type":"","overlay-color":"","overlay-opacity":"","overlay-gradient":""}}},"product_brand":[],"product_cat":[32,95,33,72],"product_tag":[],"class_list":{"0":"post-42977","1":"product","2":"type-product","3":"status-publish","4":"has-post-thumbnail","6":"product_cat-meble","7":"product_cat-pozostale-zajrzyj-po-wiecej","8":"product_cat-stoly-stoliki","9":"product_cat-zajrzyj-po-wiecej","10":"product_shipping_class-wysylka-40zl","11":"desktop-align-left","12":"tablet-align-left","13":"mobile-align-left","14":"ast-product-gallery-layout-vertical-slider","15":"ast-product-tabs-layout-horizontal","16":"ast-qv-on-image","18":"first","19":"instock","20":"sold-individually","21":"shipping-taxable","22":"purchasable","23":"product-type-simple"},"_links":{"self":[{"href":"https:\/\/antart.com.pl\/en\/wp-json\/wp\/v2\/product\/42977","targetHints":{"allow":["GET"]}}],"collection":[{"href":"https:\/\/antart.com.pl\/en\/wp-json\/wp\/v2\/product"}],"about":[{"href":"https:\/\/antart.com.pl\/en\/wp-json\/wp\/v2\/types\/product"}],"wp:featuredmedia":[{"embeddable":true,"href":"https:\/\/antart.com.pl\/en\/wp-json\/wp\/v2\/media\/42988"}],"wp:attachment":[{"href":"https:\/\/antart.com.pl\/en\/wp-json\/wp\/v2\/media?parent=42977"}],"wp:term":[{"taxonomy":"product_brand","embeddable":true,"href":"https:\/\/antart.com.pl\/en\/wp-json\/wp\/v2\/product_brand?post=42977"},{"taxonomy":"product_cat","embeddable":true,"href":"https:\/\/antart.com.pl\/en\/wp-json\/wp\/v2\/product_cat?post=42977"},{"taxonomy":"product_tag","embeddable":true,"href":"https:\/\/antart.com.pl\/en\/wp-json\/wp\/v2\/product_tag?post=42977"}],"curies":[{"name":"wp","href":"https:\/\/api.w.org\/{rel}","templated":true}]}}