{"id":43076,"date":"2025-09-16T14:12:36","date_gmt":"2025-09-16T12:12:36","guid":{"rendered":"https:\/\/antart.com.pl\/?post_type=product&#038;p=43076"},"modified":"2026-04-18T12:22:03","modified_gmt":"2026-04-18T10:22:03","slug":"brass-mobile-bar-from-the-70s-80s","status":"publish","type":"product","link":"https:\/\/antart.com.pl\/en\/produkt\/mobilny-barek-mosiadzowany-z-lat-70-80-tych\/","title":{"rendered":"Mobile brass bar from the 1970s\/80s"},"content":{"rendered":"<h4 style=\"text-align: center;\"><em><strong>Mobile brass bar from the 1970s\/80s<\/strong><\/em><\/h4>\n<h4 style=\"text-align: center;\"><em><strong>A mobile brass bar table from the 1970s\/80s, with two glass shelves on castors that allow the furniture to be easily moved.<\/strong><\/em><\/h4>\n<h4 style=\"text-align: center;\"><em><strong>The table has smoked glass tops.<\/strong><\/em><\/h4>\n<h4 style=\"text-align: center;\"><em><strong>The table is in used condition but still in good condition.<\/strong><\/em><\/h4>\n<h4><em><strong>Dimensions:<\/strong><\/em><\/h4>\n<ul>\n<li>\n<h4><em><strong>height: 50.5cm<\/strong><\/em><\/h4>\n<\/li>\n<li>\n<h4><em><strong>diameter: 56 cm<\/strong><\/em><\/h4>\n<\/li>\n<\/ul>\n<h4 style=\"text-align: center;\"><strong><em>I own 2 pieces.<\/em><\/strong><br \/>\n<strong><em>The price is for 1 table.<\/em><\/strong><\/h4>\n<p>&nbsp;<\/p>\n<h4 style=\"text-align: center;\"><em><strong>NOTE!!!<\/strong><\/em><\/h4>\n<h4 style=\"text-align: center;\"><em><strong>For the sake of safe delivery, in some cases we organise bulk or individual shipping.<\/strong><\/em><\/h4>\n<h4 style=\"text-align: center;\"><em><strong>********************************************************************<\/strong><\/em><\/h4>\n<h4 style=\"text-align: center;\"><em><strong>The photos show the actual state of the object<\/strong><\/em><\/h4>\n<h4 style=\"text-align: center;\"><em><strong>Additional photos upon request<\/strong><\/em><\/h4>\n<h4 style=\"text-align: center;\"><em><strong>All our items on display are available in our warehouse.<\/strong><\/em><\/h4>\n<h4 style=\"text-align: center;\"><em><strong>Can be viewed by appointment.<\/strong><\/em><\/h4>\n<h4><em><strong>NR. ART 10117<\/strong><\/em><\/h4>","protected":false},"excerpt":{"rendered":"<p>Mobilny barek mosi\u0105dzowany z lat 70\/80-tych Mobilny, mosi\u0119\u017cny stolik barowy z lat 70.\/80. Posiada dwie szklane p\u00f3\u0142ki na k\u00f3\u0142kach, kt\u00f3re umo\u017cliwiaj\u0105 \u0142atwe przemieszczanie mebla. Stolik posiada blaty ze szk\u0142a dymionego. Stolik jest w stanie u\u017cywanym, ale nadal w dobrym stanie. Wymiary: wysoko\u015b\u0107:50,5cm \u015brednica: 56 cm Posiadam 2 sztuki. Cena dotyczy 1 stolika. &nbsp; UWAGA!! Ze [&hellip;]<\/p>\n","protected":false},"featured_media":75926,"template":"","meta":{"_seopress_robots_primary_cat":"none","_seopress_titles_title":"","_seopress_titles_desc":"","_seopress_robots_index":"","site-sidebar-layout":"default","site-content-layout":"","ast-site-content-layout":"default","site-content-style":"default","site-sidebar-style":"default","ast-global-header-display":"","ast-banner-title-visibility":"","ast-main-header-display":"","ast-hfb-above-header-display":"","ast-hfb-below-header-display":"","ast-hfb-mobile-header-display":"","site-post-title":"","ast-breadcrumbs-content":"","ast-featured-img":"","footer-sml-layout":"","ast-disable-related-posts":"","theme-transparent-header-meta":"default","adv-header-id-meta":"","stick-header-meta":"default","header-above-stick-meta":"","header-main-stick-meta":"","header-below-stick-meta":"","astra-migrate-meta-layouts":"set","ast-page-background-enabled":"default","ast-page-background-meta":{"desktop":{"background-color":"var(--ast-global-color-4)","background-image":"","background-repeat":"repeat","background-position":"center center","background-size":"auto","background-attachment":"scroll","background-type":"","background-media":"","overlay-type":"","overlay-color":"","overlay-opacity":"","overlay-gradient":""},"tablet":{"background-color":"","background-image":"","background-repeat":"repeat","background-position":"center center","background-size":"auto","background-attachment":"scroll","background-type":"","background-media":"","overlay-type":"","overlay-color":"","overlay-opacity":"","overlay-gradient":""},"mobile":{"background-color":"","background-image":"","background-repeat":"repeat","background-position":"center center","background-size":"auto","background-attachment":"scroll","background-type":"","background-media":"","overlay-type":"","overlay-color":"","overlay-opacity":"","overlay-gradient":""}},"ast-content-background-meta":{"desktop":{"background-color":"var(--ast-global-color-5)","background-image":"","background-repeat":"repeat","background-position":"center center","background-size":"auto","background-attachment":"scroll","background-type":"","background-media":"","overlay-type":"","overlay-color":"","overlay-opacity":"","overlay-gradient":""},"tablet":{"background-color":"var(--ast-global-color-5)","background-image":"","background-repeat":"repeat","background-position":"center center","background-size":"auto","background-attachment":"scroll","background-type":"","background-media":"","overlay-type":"","overlay-color":"","overlay-opacity":"","overlay-gradient":""},"mobile":{"background-color":"var(--ast-global-color-5)","background-image":"","background-repeat":"repeat","background-position":"center center","background-size":"auto","background-attachment":"scroll","background-type":"","background-media":"","overlay-type":"","overlay-color":"","overlay-opacity":"","overlay-gradient":""}}},"product_brand":[],"product_cat":[32,43,41],"product_tag":[],"class_list":{"0":"post-43076","1":"product","2":"type-product","3":"status-publish","4":"has-post-thumbnail","6":"product_cat-meble","7":"product_cat-meble-designe","8":"product_cat-skrzynie-barki","9":"product_shipping_class-wysylka-70zl","10":"desktop-align-left","11":"tablet-align-left","12":"mobile-align-left","13":"ast-product-gallery-layout-vertical-slider","14":"ast-product-tabs-layout-horizontal","15":"ast-qv-on-image","17":"first","18":"instock","19":"shipping-taxable","20":"purchasable","21":"product-type-simple"},"_links":{"self":[{"href":"https:\/\/antart.com.pl\/en\/wp-json\/wp\/v2\/product\/43076","targetHints":{"allow":["GET"]}}],"collection":[{"href":"https:\/\/antart.com.pl\/en\/wp-json\/wp\/v2\/product"}],"about":[{"href":"https:\/\/antart.com.pl\/en\/wp-json\/wp\/v2\/types\/product"}],"wp:featuredmedia":[{"embeddable":true,"href":"https:\/\/antart.com.pl\/en\/wp-json\/wp\/v2\/media\/75926"}],"wp:attachment":[{"href":"https:\/\/antart.com.pl\/en\/wp-json\/wp\/v2\/media?parent=43076"}],"wp:term":[{"taxonomy":"product_brand","embeddable":true,"href":"https:\/\/antart.com.pl\/en\/wp-json\/wp\/v2\/product_brand?post=43076"},{"taxonomy":"product_cat","embeddable":true,"href":"https:\/\/antart.com.pl\/en\/wp-json\/wp\/v2\/product_cat?post=43076"},{"taxonomy":"product_tag","embeddable":true,"href":"https:\/\/antart.com.pl\/en\/wp-json\/wp\/v2\/product_tag?post=43076"}],"curies":[{"name":"wp","href":"https:\/\/api.w.org\/{rel}","templated":true}]}}