{"id":43656,"date":"2025-09-18T09:37:52","date_gmt":"2025-09-18T07:37:52","guid":{"rendered":"https:\/\/antart.com.pl\/?post_type=product&#038;p=43656"},"modified":"2025-09-18T09:37:52","modified_gmt":"2025-09-18T07:37:52","slug":"duralex-glass-platter","status":"publish","type":"product","link":"https:\/\/antart.com.pl\/en\/produkt\/patera-szklana-duralex\/","title":{"rendered":"Duralex glass platter"},"content":{"rendered":"<h4 style=\"text-align: center;\"><em><b>A large round platter by Duralex, made of clear glass. The motif on the platter is wheat ears and corn cobs. The platter is designed for serving cakes, pies and other dishes.<\/b><\/em><\/h4>\n<h4><\/h4>\n<h4><em><b>Dimensions<\/b><\/em><\/h4>\n<ul>\n<li>\n<h4><em><b>Height: 2cm.<\/b><\/em><\/h4>\n<\/li>\n<li>\n<h4><em><b>Diameter: 31.5cm.<\/b><\/em><\/h4>\n<\/li>\n<\/ul>\n<h4 style=\"text-align: center;\"><em><b>The photos show the actual state of the object<\/b><\/em><\/h4>\n<h4 style=\"text-align: center;\"><em><b>Additional photos upon request<\/b><\/em><\/h4>\n<h4 style=\"text-align: center;\"><em><b>All our items on display are available in our warehouse.<\/b><\/em><\/h4>\n<h4 style=\"text-align: center;\"><em><b>Can be viewed by appointment.<\/b><\/em><\/h4>\n<h4><\/h4>\n<h4><em><b>No.5624<\/b><\/em><\/h4>","protected":false},"excerpt":{"rendered":"<p>Du\u017ca okr\u0105g\u0142a paterka marki Duralex, wykonana ze szk\u0142a przezroczystego. Motywem przewodnim na paterze s\u0105 k\u0142osy pszenicy i kolby kukurydzy. Patera przeznaczona do serwowania ciast, tort\u00f3w i innych potraw. Wymiary Wysoko\u015b\u0107: 2cm. \u015arednica: 31,5cm. Zdj\u0119cia przedstawiaj\u0105 stan faktyczny przedmiotu Dodatkowe zdj\u0119cia na pro\u015bb\u0119 zainteresowanych Wszystkie nasze przedmioty wystawione s\u0105 dost\u0119pne w naszym magazynie. Mo\u017cna obejrze\u0107 po [&hellip;]<\/p>\n","protected":false},"featured_media":43658,"template":"","meta":{"_seopress_robots_primary_cat":"","_seopress_titles_title":"","_seopress_titles_desc":"","_seopress_robots_index":"","site-sidebar-layout":"default","site-content-layout":"","ast-site-content-layout":"default","site-content-style":"default","site-sidebar-style":"default","ast-global-header-display":"","ast-banner-title-visibility":"","ast-main-header-display":"","ast-hfb-above-header-display":"","ast-hfb-below-header-display":"","ast-hfb-mobile-header-display":"","site-post-title":"","ast-breadcrumbs-content":"","ast-featured-img":"","footer-sml-layout":"","ast-disable-related-posts":"","theme-transparent-header-meta":"default","adv-header-id-meta":"","stick-header-meta":"default","header-above-stick-meta":"","header-main-stick-meta":"","header-below-stick-meta":"","astra-migrate-meta-layouts":"set","ast-page-background-enabled":"default","ast-page-background-meta":{"desktop":{"background-color":"var(--ast-global-color-4)","background-image":"","background-repeat":"repeat","background-position":"center center","background-size":"auto","background-attachment":"scroll","background-type":"","background-media":"","overlay-type":"","overlay-color":"","overlay-opacity":"","overlay-gradient":""},"tablet":{"background-color":"","background-image":"","background-repeat":"repeat","background-position":"center center","background-size":"auto","background-attachment":"scroll","background-type":"","background-media":"","overlay-type":"","overlay-color":"","overlay-opacity":"","overlay-gradient":""},"mobile":{"background-color":"","background-image":"","background-repeat":"repeat","background-position":"center center","background-size":"auto","background-attachment":"scroll","background-type":"","background-media":"","overlay-type":"","overlay-color":"","overlay-opacity":"","overlay-gradient":""}},"ast-content-background-meta":{"desktop":{"background-color":"var(--ast-global-color-5)","background-image":"","background-repeat":"repeat","background-position":"center center","background-size":"auto","background-attachment":"scroll","background-type":"","background-media":"","overlay-type":"","overlay-color":"","overlay-opacity":"","overlay-gradient":""},"tablet":{"background-color":"var(--ast-global-color-5)","background-image":"","background-repeat":"repeat","background-position":"center center","background-size":"auto","background-attachment":"scroll","background-type":"","background-media":"","overlay-type":"","overlay-color":"","overlay-opacity":"","overlay-gradient":""},"mobile":{"background-color":"var(--ast-global-color-5)","background-image":"","background-repeat":"repeat","background-position":"center center","background-size":"auto","background-attachment":"scroll","background-type":"","background-media":"","overlay-type":"","overlay-color":"","overlay-opacity":"","overlay-gradient":""}}},"product_brand":[],"product_cat":[24,46],"product_tag":[],"class_list":{"0":"post-43656","1":"product","2":"type-product","3":"status-publish","4":"has-post-thumbnail","6":"product_cat-kuchnia","7":"product_cat-talerze-patery","8":"product_shipping_class-wysylka-19zl","9":"desktop-align-left","10":"tablet-align-left","11":"mobile-align-left","12":"ast-product-gallery-layout-vertical-slider","13":"ast-product-tabs-layout-horizontal","14":"ast-qv-on-image","16":"first","17":"instock","18":"sold-individually","19":"shipping-taxable","20":"purchasable","21":"product-type-simple"},"_links":{"self":[{"href":"https:\/\/antart.com.pl\/en\/wp-json\/wp\/v2\/product\/43656","targetHints":{"allow":["GET"]}}],"collection":[{"href":"https:\/\/antart.com.pl\/en\/wp-json\/wp\/v2\/product"}],"about":[{"href":"https:\/\/antart.com.pl\/en\/wp-json\/wp\/v2\/types\/product"}],"wp:featuredmedia":[{"embeddable":true,"href":"https:\/\/antart.com.pl\/en\/wp-json\/wp\/v2\/media\/43658"}],"wp:attachment":[{"href":"https:\/\/antart.com.pl\/en\/wp-json\/wp\/v2\/media?parent=43656"}],"wp:term":[{"taxonomy":"product_brand","embeddable":true,"href":"https:\/\/antart.com.pl\/en\/wp-json\/wp\/v2\/product_brand?post=43656"},{"taxonomy":"product_cat","embeddable":true,"href":"https:\/\/antart.com.pl\/en\/wp-json\/wp\/v2\/product_cat?post=43656"},{"taxonomy":"product_tag","embeddable":true,"href":"https:\/\/antart.com.pl\/en\/wp-json\/wp\/v2\/product_tag?post=43656"}],"curies":[{"name":"wp","href":"https:\/\/api.w.org\/{rel}","templated":true}]}}