{"id":43812,"date":"2025-09-20T12:54:55","date_gmt":"2025-09-20T10:54:55","guid":{"rendered":"https:\/\/antart.com.pl\/?post_type=product&#038;p=43812"},"modified":"2025-09-20T12:54:56","modified_gmt":"2025-09-20T10:54:56","slug":"set-of-triples-oriental-antique-tables","status":"publish","type":"product","link":"https:\/\/antart.com.pl\/en\/produkt\/komplet-stolikow-trojaki-orientalne-antyczne\/","title":{"rendered":"Set of Trojak Oriental antique tables"},"content":{"rendered":"<h4 style=\"text-align: center;\"><em><strong>Set of Trojak Oriental antique tables<\/strong><\/em><\/h4>\n<h4 style=\"text-align: center;\"><em><strong>A set of three stylish antique style oriental tables. The tables feature beautiful hand-painted floral motifs in gold, giving them an elegant look. They make an interesting decoration for an Asian-style interior.<\/strong><\/em><\/h4>\n<h4 style=\"text-align: center;\"><em><strong>The tables are in need of restoration.<\/strong><\/em><\/h4>\n<h4><em><strong>Dimensions:<\/strong><\/em><\/h4>\n<h4><em><strong>1 table<\/strong><\/em><\/h4>\n<ul>\n<li>\n<h4><em><strong>length: 54.5cm<\/strong><\/em><\/h4>\n<\/li>\n<li>\n<h4><em><strong>width: 41.5 cm<\/strong><\/em><\/h4>\n<\/li>\n<li>\n<h4><em><strong>height: 53.5 cm<\/strong><\/em><\/h4>\n<\/li>\n<\/ul>\n<h4><em><strong>2 table<\/strong><\/em><\/h4>\n<ul>\n<li>\n<h4><em><strong>length: 48 cm<\/strong><\/em><\/h4>\n<\/li>\n<li>\n<h4><em><strong>width: 38.5 cm<\/strong><\/em><\/h4>\n<\/li>\n<li>\n<h4><em><strong>height: 46 cm<\/strong><\/em><\/h4>\n<\/li>\n<\/ul>\n<h4><em><strong>3 table<\/strong><\/em><\/h4>\n<ul>\n<li>\n<h4><em><strong>length: 40.5cm<\/strong><\/em><\/h4>\n<\/li>\n<li>\n<h4><em><strong>width:36cm<\/strong><\/em><\/h4>\n<\/li>\n<li>\n<h4><em><strong>height: 38 cm<\/strong><\/em><\/h4>\n<\/li>\n<\/ul>\n<h4 style=\"text-align: center;\"><em><strong>NOTE!!!<\/strong><\/em><\/h4>\n<h4 style=\"text-align: center;\"><em><strong>For the sake of safe delivery, in some cases we organise bulk or individual shipping.<\/strong><\/em><\/h4>\n<h4 style=\"text-align: center;\"><em><strong>****************************************<\/strong><\/em><\/h4>\n<h4 style=\"text-align: center;\"><em><strong>The photos show the actual state of the object<\/strong><\/em><\/h4>\n<h4 style=\"text-align: center;\"><em><strong>Additional photos upon request<\/strong><\/em><\/h4>\n<h4 style=\"text-align: center;\"><em><strong>All our items on display are available in our warehouse.<\/strong><\/em><\/h4>\n<h4 style=\"text-align: center;\"><em><strong>Can be viewed by appointment.<\/strong><\/em><\/h4>\n<h4><em><strong>No.10109<\/strong><\/em><\/h4>","protected":false},"excerpt":{"rendered":"<p>Komplet Stolik\u00f3w Trojaki orientalne antyczne Zestaw trzech stylowych, orientalnych stolik\u00f3w w antycznym stylu. Stoliki posiadaj\u0105 pi\u0119kne, r\u0119cznie malowane motywy ro\u015blinne w kolorze z\u0142otym, nadaj\u0105ce im elegancki wygl\u0105d. Stanowi\u0105 one ciekaw\u0105 dekoracj\u0119 do wn\u0119trza w stylu azjatyckim. Stoliczki wymagaj\u0105 renowacji. Wymiary: 1 stolik d\u0142ugo\u015b\u0107: 54,5cm szeroko\u015b\u0107: 41,5 cm wysoko\u015b\u0107: 53,5 cm 2 stolik d\u0142ugo\u015b\u0107: 48 cm [&hellip;]<\/p>\n","protected":false},"featured_media":43706,"template":"","meta":{"_seopress_robots_primary_cat":"","_seopress_titles_title":"","_seopress_titles_desc":"","_seopress_robots_index":"","site-sidebar-layout":"default","site-content-layout":"","ast-site-content-layout":"default","site-content-style":"default","site-sidebar-style":"default","ast-global-header-display":"","ast-banner-title-visibility":"","ast-main-header-display":"","ast-hfb-above-header-display":"","ast-hfb-below-header-display":"","ast-hfb-mobile-header-display":"","site-post-title":"","ast-breadcrumbs-content":"","ast-featured-img":"","footer-sml-layout":"","ast-disable-related-posts":"","theme-transparent-header-meta":"default","adv-header-id-meta":"","stick-header-meta":"default","header-above-stick-meta":"","header-main-stick-meta":"","header-below-stick-meta":"","astra-migrate-meta-layouts":"set","ast-page-background-enabled":"default","ast-page-background-meta":{"desktop":{"background-color":"var(--ast-global-color-4)","background-image":"","background-repeat":"repeat","background-position":"center center","background-size":"auto","background-attachment":"scroll","background-type":"","background-media":"","overlay-type":"","overlay-color":"","overlay-opacity":"","overlay-gradient":""},"tablet":{"background-color":"","background-image":"","background-repeat":"repeat","background-position":"center center","background-size":"auto","background-attachment":"scroll","background-type":"","background-media":"","overlay-type":"","overlay-color":"","overlay-opacity":"","overlay-gradient":""},"mobile":{"background-color":"","background-image":"","background-repeat":"repeat","background-position":"center center","background-size":"auto","background-attachment":"scroll","background-type":"","background-media":"","overlay-type":"","overlay-color":"","overlay-opacity":"","overlay-gradient":""}},"ast-content-background-meta":{"desktop":{"background-color":"var(--ast-global-color-5)","background-image":"","background-repeat":"repeat","background-position":"center center","background-size":"auto","background-attachment":"scroll","background-type":"","background-media":"","overlay-type":"","overlay-color":"","overlay-opacity":"","overlay-gradient":""},"tablet":{"background-color":"var(--ast-global-color-5)","background-image":"","background-repeat":"repeat","background-position":"center center","background-size":"auto","background-attachment":"scroll","background-type":"","background-media":"","overlay-type":"","overlay-color":"","overlay-opacity":"","overlay-gradient":""},"mobile":{"background-color":"var(--ast-global-color-5)","background-image":"","background-repeat":"repeat","background-position":"center center","background-size":"auto","background-attachment":"scroll","background-type":"","background-media":"","overlay-type":"","overlay-color":"","overlay-opacity":"","overlay-gradient":""}}},"product_brand":[],"product_cat":[32,33],"product_tag":[],"class_list":{"0":"post-43812","1":"product","2":"type-product","3":"status-publish","4":"has-post-thumbnail","6":"product_cat-meble","7":"product_cat-stoly-stoliki","8":"product_shipping_class-wysylka-60zl","9":"desktop-align-left","10":"tablet-align-left","11":"mobile-align-left","12":"ast-product-gallery-layout-vertical-slider","13":"ast-product-tabs-layout-horizontal","14":"ast-qv-on-image","16":"first","17":"instock","18":"sold-individually","19":"shipping-taxable","20":"purchasable","21":"product-type-simple"},"_links":{"self":[{"href":"https:\/\/antart.com.pl\/en\/wp-json\/wp\/v2\/product\/43812","targetHints":{"allow":["GET"]}}],"collection":[{"href":"https:\/\/antart.com.pl\/en\/wp-json\/wp\/v2\/product"}],"about":[{"href":"https:\/\/antart.com.pl\/en\/wp-json\/wp\/v2\/types\/product"}],"wp:featuredmedia":[{"embeddable":true,"href":"https:\/\/antart.com.pl\/en\/wp-json\/wp\/v2\/media\/43706"}],"wp:attachment":[{"href":"https:\/\/antart.com.pl\/en\/wp-json\/wp\/v2\/media?parent=43812"}],"wp:term":[{"taxonomy":"product_brand","embeddable":true,"href":"https:\/\/antart.com.pl\/en\/wp-json\/wp\/v2\/product_brand?post=43812"},{"taxonomy":"product_cat","embeddable":true,"href":"https:\/\/antart.com.pl\/en\/wp-json\/wp\/v2\/product_cat?post=43812"},{"taxonomy":"product_tag","embeddable":true,"href":"https:\/\/antart.com.pl\/en\/wp-json\/wp\/v2\/product_tag?post=43812"}],"curies":[{"name":"wp","href":"https:\/\/api.w.org\/{rel}","templated":true}]}}