{"id":43814,"date":"2025-09-20T13:13:54","date_gmt":"2025-09-20T11:13:54","guid":{"rendered":"https:\/\/antart.com.pl\/?post_type=product&#038;p=43814"},"modified":"2025-09-20T13:24:29","modified_gmt":"2025-09-20T11:24:29","slug":"turn-table-piano-stool-early-20th-century","status":"publish","type":"product","link":"https:\/\/antart.com.pl\/en\/produkt\/taboret-stolek-obrotowy-do-pianina-poczatek-xx-wieku\/","title":{"rendered":"Stool, piano swivel stool early 20th century"},"content":{"rendered":"<h4 style=\"text-align: center;\"><em><b>Stool, piano swivel stool early 20th century<\/b><\/em><\/h4>\n<h4 style=\"text-align: center;\"><em>An early 20th century bronze swivel piano stool. It has an adjustable height and a solid base. Ideal for use in the home or music studio.<\/em><\/h4>\n<h4 style=\"text-align: center;\"><em>Height-adjustable stool.<\/em><\/h4>\n<h4><em><b>Dimensions:<\/b><\/em><\/h4>\n<ul>\n<li>\n<h4><em>minimum height: 46m<\/em><\/h4>\n<\/li>\n<li>\n<h4><em>maximum height: 54cm<\/em><\/h4>\n<\/li>\n<li>\n<h4><em>diameter: 38cm<\/em><\/h4>\n<\/li>\n<\/ul>\n<h4 style=\"text-align: center;\"><em><b>The photos show the actual state of the object<\/b><\/em><\/h4>\n<h4 style=\"text-align: center;\"><em><b>Additional photos upon request<\/b><\/em><\/h4>\n<h4 style=\"text-align: center;\"><em><b>All our items on display are available in our warehouse.<\/b><\/em><\/h4>\n<h4 style=\"text-align: center;\"><em><b>Can be viewed by appointment.<\/b><\/em><\/h4>\n<h4><em><b>NR. ART 10106<\/b><\/em><\/h4>","protected":false},"excerpt":{"rendered":"<p>Taboret, sto\u0142ek obrotowy do pianina pocz\u0105tek XX wieku Br\u0105zowy, obrotowy sto\u0142ek do pianina z pocz\u0105tku XX wieku. Posiada regulowan\u0105 wysoko\u015b\u0107 i solidn\u0105 podstaw\u0119. Idealny do u\u017cytku w domu lub studio muzycznym. Taboret z regulowan\u0105 wysoko\u015bci\u0105. Wymiary: wysoko\u015b\u0107 minimalna: 46m wysoko\u015b\u0107 maksymalna: 54cm \u015brednica: 38cm Zdj\u0119cia przedstawiaj\u0105 stan faktyczny przedmiotu Dodatkowe zdj\u0119cia na pro\u015bb\u0119 zainteresowanych Wszystkie [&hellip;]<\/p>\n","protected":false},"featured_media":43731,"template":"","meta":{"_seopress_robots_primary_cat":"","_seopress_titles_title":"","_seopress_titles_desc":"","_seopress_robots_index":"","site-sidebar-layout":"default","site-content-layout":"","ast-site-content-layout":"default","site-content-style":"default","site-sidebar-style":"default","ast-global-header-display":"","ast-banner-title-visibility":"","ast-main-header-display":"","ast-hfb-above-header-display":"","ast-hfb-below-header-display":"","ast-hfb-mobile-header-display":"","site-post-title":"","ast-breadcrumbs-content":"","ast-featured-img":"","footer-sml-layout":"","ast-disable-related-posts":"","theme-transparent-header-meta":"default","adv-header-id-meta":"","stick-header-meta":"default","header-above-stick-meta":"","header-main-stick-meta":"","header-below-stick-meta":"","astra-migrate-meta-layouts":"set","ast-page-background-enabled":"default","ast-page-background-meta":{"desktop":{"background-color":"var(--ast-global-color-4)","background-image":"","background-repeat":"repeat","background-position":"center center","background-size":"auto","background-attachment":"scroll","background-type":"","background-media":"","overlay-type":"","overlay-color":"","overlay-opacity":"","overlay-gradient":""},"tablet":{"background-color":"","background-image":"","background-repeat":"repeat","background-position":"center center","background-size":"auto","background-attachment":"scroll","background-type":"","background-media":"","overlay-type":"","overlay-color":"","overlay-opacity":"","overlay-gradient":""},"mobile":{"background-color":"","background-image":"","background-repeat":"repeat","background-position":"center center","background-size":"auto","background-attachment":"scroll","background-type":"","background-media":"","overlay-type":"","overlay-color":"","overlay-opacity":"","overlay-gradient":""}},"ast-content-background-meta":{"desktop":{"background-color":"var(--ast-global-color-5)","background-image":"","background-repeat":"repeat","background-position":"center center","background-size":"auto","background-attachment":"scroll","background-type":"","background-media":"","overlay-type":"","overlay-color":"","overlay-opacity":"","overlay-gradient":""},"tablet":{"background-color":"var(--ast-global-color-5)","background-image":"","background-repeat":"repeat","background-position":"center center","background-size":"auto","background-attachment":"scroll","background-type":"","background-media":"","overlay-type":"","overlay-color":"","overlay-opacity":"","overlay-gradient":""},"mobile":{"background-color":"var(--ast-global-color-5)","background-image":"","background-repeat":"repeat","background-position":"center center","background-size":"auto","background-attachment":"scroll","background-type":"","background-media":"","overlay-type":"","overlay-color":"","overlay-opacity":"","overlay-gradient":""}}},"product_brand":[],"product_cat":[36,32],"product_tag":[],"class_list":{"0":"post-43814","1":"product","2":"type-product","3":"status-publish","4":"has-post-thumbnail","6":"product_cat-krzesla-taborety","7":"product_cat-meble","8":"product_shipping_class-wysylka-40zl","9":"desktop-align-left","10":"tablet-align-left","11":"mobile-align-left","12":"ast-product-gallery-layout-vertical-slider","13":"ast-product-tabs-layout-horizontal","14":"ast-qv-on-image","16":"first","17":"instock","18":"sold-individually","19":"shipping-taxable","20":"purchasable","21":"product-type-simple"},"_links":{"self":[{"href":"https:\/\/antart.com.pl\/en\/wp-json\/wp\/v2\/product\/43814","targetHints":{"allow":["GET"]}}],"collection":[{"href":"https:\/\/antart.com.pl\/en\/wp-json\/wp\/v2\/product"}],"about":[{"href":"https:\/\/antart.com.pl\/en\/wp-json\/wp\/v2\/types\/product"}],"wp:featuredmedia":[{"embeddable":true,"href":"https:\/\/antart.com.pl\/en\/wp-json\/wp\/v2\/media\/43731"}],"wp:attachment":[{"href":"https:\/\/antart.com.pl\/en\/wp-json\/wp\/v2\/media?parent=43814"}],"wp:term":[{"taxonomy":"product_brand","embeddable":true,"href":"https:\/\/antart.com.pl\/en\/wp-json\/wp\/v2\/product_brand?post=43814"},{"taxonomy":"product_cat","embeddable":true,"href":"https:\/\/antart.com.pl\/en\/wp-json\/wp\/v2\/product_cat?post=43814"},{"taxonomy":"product_tag","embeddable":true,"href":"https:\/\/antart.com.pl\/en\/wp-json\/wp\/v2\/product_tag?post=43814"}],"curies":[{"name":"wp","href":"https:\/\/api.w.org\/{rel}","templated":true}]}}