{"id":43998,"date":"2025-09-22T11:11:31","date_gmt":"2025-09-22T09:11:31","guid":{"rendered":"https:\/\/antart.com.pl\/?post_type=product&#038;p=43998"},"modified":"2026-04-01T20:15:33","modified_gmt":"2026-04-01T18:15:33","slug":"spot-698-leather-armchair-by-stefan-heiliger-from-the-1980s","status":"publish","type":"product","link":"https:\/\/antart.com.pl\/en\/produkt\/fotel-spot-698-skorzany-proj-stefan-heiliger-z-lat-80-tych\/","title":{"rendered":"Spot 698 leather armchair by Stefan Heiliger from the 1980s"},"content":{"rendered":"<h4 style=\"text-align: center;\"><em><strong>Spot 698 leather armchair by Stefan Heiliger from the 1980s<\/strong><\/em><\/h4>\n<h4 style=\"text-align: center;\"><em><strong>The Spot 698 armchair was designed in the 1980s by Stefan Heiliger. It was made by the company WK Wohnen.<\/strong><\/em><\/h4>\n<h4 style=\"text-align: center;\"><em><strong>Leather lounge chair on a solid metal frame upholstered in black natural leather.<\/strong><\/em><\/h4>\n<h4 style=\"text-align: center;\"><em><strong>It is distinguished by its extravagant shape and trapezoidal backrest.<\/strong><\/em><\/h4>\n<h4 style=\"text-align: center;\"><em><strong>Footrest pulls out from under the seat to form a recliner.<\/strong><\/em><\/h4>\n<h4 style=\"text-align: center;\"><em><strong>One side has rubbing on the leather.<\/strong><\/em><\/h4>\n<h4><em><strong>Dimensions:<\/strong><\/em><\/h4>\n<ul>\n<li>\n<h4><em><strong>height: 104cm<\/strong><\/em><\/h4>\n<\/li>\n<li>\n<h4><em><strong>length: 120 cm<\/strong><\/em><\/h4>\n<\/li>\n<li>\n<h4><em><strong>width: 66 cm<\/strong><\/em><\/h4>\n<\/li>\n<li>\n<h4><em><strong>seat depth: 45<\/strong><\/em><\/h4>\n<\/li>\n<li>\n<h4><em><strong>width of the unfolded seat: 72 cm<\/strong><\/em><\/h4>\n<\/li>\n<\/ul>\n<h4 style=\"text-align: center;\"><em><strong>NOTE!!!<\/strong><\/em><\/h4>\n<h4 style=\"text-align: center;\"><em><strong>For the sake of safe delivery, in some cases we organise bulk or individual shipping. <\/strong><\/em><\/h4>\n<h4 style=\"text-align: center;\"><em><strong>**************************************************************<\/strong><\/em><\/h4>\n<h4 style=\"text-align: center;\"><em><strong>The photos show the actual condition of the item.<\/strong><\/em><\/h4>\n<h4 style=\"text-align: center;\"><em><strong>Additional photos upon request from interested parties.<\/strong><\/em><\/h4>\n<h4 style=\"text-align: center;\"><em><strong>All our items on display are available in our warehouse.<\/strong><\/em><\/h4>\n<h4 style=\"text-align: center;\"><em><strong>Can be viewed by appointment.<\/strong><\/em><\/h4>\n<h4><em><strong>NO. ART 10138<\/strong><\/em><\/h4>","protected":false},"excerpt":{"rendered":"<p>Fotel Spot 698 sk\u00f3rzany proj. Stefan Heiliger z lat 80-tych Fotel Spot 698 zosta\u0142 zaprojektowany w latach 80. przez Stefana Heiligera. Wykonany przez firm\u0119 WK Wohnen. Sk\u00f3rzany fotel wypoczynkowy na masywnym metalowym stela\u017cu obity czarn\u0105 naturalna sk\u00f3r\u0105. Wyr\u00f3\u017cnia si\u0119 ekstrawaganckim kszta\u0142tem i trapezoidalnym oparciem. Podn\u00f3\u017cek wyci\u0105gany spod fotela tworz\u0105c le\u017cak. Z jednej strony posiada przetarcia [&hellip;]<\/p>\n","protected":false},"featured_media":43995,"template":"","meta":{"_seopress_robots_primary_cat":"","_seopress_titles_title":"","_seopress_titles_desc":"","_seopress_robots_index":"","site-sidebar-layout":"default","site-content-layout":"","ast-site-content-layout":"default","site-content-style":"default","site-sidebar-style":"default","ast-global-header-display":"","ast-banner-title-visibility":"","ast-main-header-display":"","ast-hfb-above-header-display":"","ast-hfb-below-header-display":"","ast-hfb-mobile-header-display":"","site-post-title":"","ast-breadcrumbs-content":"","ast-featured-img":"","footer-sml-layout":"","ast-disable-related-posts":"","theme-transparent-header-meta":"default","adv-header-id-meta":"","stick-header-meta":"default","header-above-stick-meta":"","header-main-stick-meta":"","header-below-stick-meta":"","astra-migrate-meta-layouts":"set","ast-page-background-enabled":"default","ast-page-background-meta":{"desktop":{"background-color":"var(--ast-global-color-4)","background-image":"","background-repeat":"repeat","background-position":"center center","background-size":"auto","background-attachment":"scroll","background-type":"","background-media":"","overlay-type":"","overlay-color":"","overlay-opacity":"","overlay-gradient":""},"tablet":{"background-color":"","background-image":"","background-repeat":"repeat","background-position":"center center","background-size":"auto","background-attachment":"scroll","background-type":"","background-media":"","overlay-type":"","overlay-color":"","overlay-opacity":"","overlay-gradient":""},"mobile":{"background-color":"","background-image":"","background-repeat":"repeat","background-position":"center center","background-size":"auto","background-attachment":"scroll","background-type":"","background-media":"","overlay-type":"","overlay-color":"","overlay-opacity":"","overlay-gradient":""}},"ast-content-background-meta":{"desktop":{"background-color":"var(--ast-global-color-5)","background-image":"","background-repeat":"repeat","background-position":"center center","background-size":"auto","background-attachment":"scroll","background-type":"","background-media":"","overlay-type":"","overlay-color":"","overlay-opacity":"","overlay-gradient":""},"tablet":{"background-color":"var(--ast-global-color-5)","background-image":"","background-repeat":"repeat","background-position":"center center","background-size":"auto","background-attachment":"scroll","background-type":"","background-media":"","overlay-type":"","overlay-color":"","overlay-opacity":"","overlay-gradient":""},"mobile":{"background-color":"var(--ast-global-color-5)","background-image":"","background-repeat":"repeat","background-position":"center center","background-size":"auto","background-attachment":"scroll","background-type":"","background-media":"","overlay-type":"","overlay-color":"","overlay-opacity":"","overlay-gradient":""}}},"product_brand":[],"product_cat":[39,32],"product_tag":[],"class_list":{"0":"post-43998","1":"product","2":"type-product","3":"status-publish","4":"has-post-thumbnail","6":"product_cat-fotele-puf","7":"product_cat-meble","8":"product_shipping_class-wysylka-po-uzgodnieniu","9":"desktop-align-left","10":"tablet-align-left","11":"mobile-align-left","12":"ast-product-gallery-layout-vertical-slider","13":"ast-product-tabs-layout-horizontal","14":"ast-qv-on-image","16":"first","17":"instock","18":"sale","19":"sold-individually","20":"shipping-taxable","21":"purchasable","22":"product-type-simple"},"_links":{"self":[{"href":"https:\/\/antart.com.pl\/en\/wp-json\/wp\/v2\/product\/43998","targetHints":{"allow":["GET"]}}],"collection":[{"href":"https:\/\/antart.com.pl\/en\/wp-json\/wp\/v2\/product"}],"about":[{"href":"https:\/\/antart.com.pl\/en\/wp-json\/wp\/v2\/types\/product"}],"wp:featuredmedia":[{"embeddable":true,"href":"https:\/\/antart.com.pl\/en\/wp-json\/wp\/v2\/media\/43995"}],"wp:attachment":[{"href":"https:\/\/antart.com.pl\/en\/wp-json\/wp\/v2\/media?parent=43998"}],"wp:term":[{"taxonomy":"product_brand","embeddable":true,"href":"https:\/\/antart.com.pl\/en\/wp-json\/wp\/v2\/product_brand?post=43998"},{"taxonomy":"product_cat","embeddable":true,"href":"https:\/\/antart.com.pl\/en\/wp-json\/wp\/v2\/product_cat?post=43998"},{"taxonomy":"product_tag","embeddable":true,"href":"https:\/\/antart.com.pl\/en\/wp-json\/wp\/v2\/product_tag?post=43998"}],"curies":[{"name":"wp","href":"https:\/\/api.w.org\/{rel}","templated":true}]}}