{"id":44013,"date":"2025-09-22T13:07:29","date_gmt":"2025-09-22T11:07:29","guid":{"rendered":"https:\/\/antart.com.pl\/?post_type=product&#038;p=44013"},"modified":"2025-09-22T13:07:30","modified_gmt":"2025-09-22T11:07:30","slug":"mobile-antique-bar-magazine-rack-brass-art-deco","status":"publish","type":"product","link":"https:\/\/antart.com.pl\/en\/produkt\/mobilny-zabytkowy-barowy-stojak-na-czasopisma-ksiazki-mosiezny-art-deco\/","title":{"rendered":"Art Deco mobile antique bar magazine rack, books in brass"},"content":{"rendered":"<h4 style=\"text-align: center;\"><em><strong>Art Deco mobile antique bar magazine rack, books in brass<\/strong><\/em><\/h4>\n<h4 style=\"text-align: center;\"><em><strong>A stylish antique art deco style bookcase for books or magazines. Made of brass and wood, it has several shelves for storage. Ideal for the living room or study, it is suitable for storing books, magazines or decorations.<\/strong><\/em><\/h4>\n<h4><em><strong>Dimensions:<\/strong><\/em><\/h4>\n<ul>\n<li>\n<h4><em><strong>height: 81cm<\/strong><\/em><\/h4>\n<\/li>\n<li>\n<h4><em><strong>length: 44.5 cm<\/strong><\/em><\/h4>\n<\/li>\n<li>\n<h4><em><strong>width: 30cm<\/strong><\/em><\/h4>\n<\/li>\n<\/ul>\n<h4 style=\"text-align: center;\"><em><strong>NOTE!!!<\/strong><\/em><\/h4>\n<h4 style=\"text-align: center;\"><em><strong>For the sake of safe delivery, in some cases we organise bulk or individual shipping.<\/strong><\/em><\/h4>\n<h4 style=\"text-align: center;\"><em><strong>********************************************************************<\/strong><\/em><\/h4>\n<h4 style=\"text-align: center;\"><em><strong>The photos show the actual state of the object<\/strong><\/em><\/h4>\n<h4 style=\"text-align: center;\"><em><strong>Additional photos upon request<\/strong><\/em><\/h4>\n<h4 style=\"text-align: center;\"><em><strong>All our items on display are available in our warehouse.<\/strong><\/em><\/h4>\n<h4 style=\"text-align: center;\"><em><strong>Can be viewed by appointment.<\/strong><\/em><\/h4>\n<h4><em><strong>NO. ART 10099<\/strong><\/em><\/h4>","protected":false},"excerpt":{"rendered":"<p>Mobilny, zabytkowy, barowy stojak na czasopisma, ksi\u0105\u017cki mosi\u0119\u017cny Art Deco Stylowy, antykwaryczny rega\u0142 na ksi\u0105\u017cki lub magazyny w stylu art deco. Wykonany z mosi\u0105dzu i drewna, posiada kilka p\u00f3\u0142ek do przechowywania. Idealny do salonu lub gabinetu, nadaje si\u0119 do przechowywania ksi\u0105\u017cek, czasopism lub dekoracji. Wymiary: wysoko\u015b\u0107:81cm d\u0142ugo\u015b\u0107: 44,5 cm szeroko\u015b\u0107: 30cm UWAGA!! Ze wzgl\u0119du na [&hellip;]<\/p>\n","protected":false},"featured_media":44016,"template":"","meta":{"_seopress_robots_primary_cat":"","_seopress_titles_title":"","_seopress_titles_desc":"","_seopress_robots_index":"","site-sidebar-layout":"default","site-content-layout":"","ast-site-content-layout":"default","site-content-style":"default","site-sidebar-style":"default","ast-global-header-display":"","ast-banner-title-visibility":"","ast-main-header-display":"","ast-hfb-above-header-display":"","ast-hfb-below-header-display":"","ast-hfb-mobile-header-display":"","site-post-title":"","ast-breadcrumbs-content":"","ast-featured-img":"","footer-sml-layout":"","ast-disable-related-posts":"","theme-transparent-header-meta":"default","adv-header-id-meta":"","stick-header-meta":"default","header-above-stick-meta":"","header-main-stick-meta":"","header-below-stick-meta":"","astra-migrate-meta-layouts":"set","ast-page-background-enabled":"default","ast-page-background-meta":{"desktop":{"background-color":"var(--ast-global-color-4)","background-image":"","background-repeat":"repeat","background-position":"center center","background-size":"auto","background-attachment":"scroll","background-type":"","background-media":"","overlay-type":"","overlay-color":"","overlay-opacity":"","overlay-gradient":""},"tablet":{"background-color":"","background-image":"","background-repeat":"repeat","background-position":"center center","background-size":"auto","background-attachment":"scroll","background-type":"","background-media":"","overlay-type":"","overlay-color":"","overlay-opacity":"","overlay-gradient":""},"mobile":{"background-color":"","background-image":"","background-repeat":"repeat","background-position":"center center","background-size":"auto","background-attachment":"scroll","background-type":"","background-media":"","overlay-type":"","overlay-color":"","overlay-opacity":"","overlay-gradient":""}},"ast-content-background-meta":{"desktop":{"background-color":"var(--ast-global-color-5)","background-image":"","background-repeat":"repeat","background-position":"center center","background-size":"auto","background-attachment":"scroll","background-type":"","background-media":"","overlay-type":"","overlay-color":"","overlay-opacity":"","overlay-gradient":""},"tablet":{"background-color":"var(--ast-global-color-5)","background-image":"","background-repeat":"repeat","background-position":"center center","background-size":"auto","background-attachment":"scroll","background-type":"","background-media":"","overlay-type":"","overlay-color":"","overlay-opacity":"","overlay-gradient":""},"mobile":{"background-color":"var(--ast-global-color-5)","background-image":"","background-repeat":"repeat","background-position":"center center","background-size":"auto","background-attachment":"scroll","background-type":"","background-media":"","overlay-type":"","overlay-color":"","overlay-opacity":"","overlay-gradient":""}}},"product_brand":[],"product_cat":[32,41,33],"product_tag":[],"class_list":{"0":"post-44013","1":"product","2":"type-product","3":"status-publish","4":"has-post-thumbnail","6":"product_cat-meble","7":"product_cat-skrzynie-barki","8":"product_cat-stoly-stoliki","9":"product_shipping_class-wysylka-40zl","10":"desktop-align-left","11":"tablet-align-left","12":"mobile-align-left","13":"ast-product-gallery-layout-vertical-slider","14":"ast-product-tabs-layout-horizontal","15":"ast-qv-on-image","17":"first","18":"instock","19":"sold-individually","20":"shipping-taxable","21":"purchasable","22":"product-type-simple"},"_links":{"self":[{"href":"https:\/\/antart.com.pl\/en\/wp-json\/wp\/v2\/product\/44013","targetHints":{"allow":["GET"]}}],"collection":[{"href":"https:\/\/antart.com.pl\/en\/wp-json\/wp\/v2\/product"}],"about":[{"href":"https:\/\/antart.com.pl\/en\/wp-json\/wp\/v2\/types\/product"}],"wp:featuredmedia":[{"embeddable":true,"href":"https:\/\/antart.com.pl\/en\/wp-json\/wp\/v2\/media\/44016"}],"wp:attachment":[{"href":"https:\/\/antart.com.pl\/en\/wp-json\/wp\/v2\/media?parent=44013"}],"wp:term":[{"taxonomy":"product_brand","embeddable":true,"href":"https:\/\/antart.com.pl\/en\/wp-json\/wp\/v2\/product_brand?post=44013"},{"taxonomy":"product_cat","embeddable":true,"href":"https:\/\/antart.com.pl\/en\/wp-json\/wp\/v2\/product_cat?post=44013"},{"taxonomy":"product_tag","embeddable":true,"href":"https:\/\/antart.com.pl\/en\/wp-json\/wp\/v2\/product_tag?post=44013"}],"curies":[{"name":"wp","href":"https:\/\/api.w.org\/{rel}","templated":true}]}}