{"id":4452,"date":"2023-05-24T12:45:40","date_gmt":"2023-05-24T10:45:40","guid":{"rendered":"https:\/\/antart.com.pl\/?post_type=product&#038;p=4452"},"modified":"2026-04-01T20:14:10","modified_gmt":"2026-04-01T18:14:10","slug":"armchair-dania-1940s-design-tek","status":"publish","type":"product","link":"https:\/\/antart.com.pl\/en\/produkt\/fotel-dania-lata-40-designerski-tek\/","title":{"rendered":"Armchair Denmark 1940s Designer Tek"},"content":{"rendered":"<p>Armchair dated 40 years<\/p>\n<p>New upholstery construction in solid Teak<\/p>\n<p>Condition as in real photos<\/p>\n<p>Dimensions:<\/p>\n<p>height 60 cm<\/p>\n<p>width 75 cm<\/p>\n<p>depth 76 cm<\/p>\n<p>Height to seat 37 cm<\/p>\n<p>seat width 57 cm<\/p>\n<p>seat depth 44 cm<\/p>\n<p style=\"text-align: center;\"><em>Reminder:<\/em><\/p>\n<p style=\"text-align: center;\"><em>ALL PRODUCTS ON OUR AUCTIONS ARE USED.<\/em><\/p>\n<p style=\"text-align: center;\"><em>REAL PHOTOS.<\/em><\/p>\n<p style=\"text-align: center;\">ALL ITEMS ARE SAFELY AND CAREFULLY PACKED FOR DISPATCH.<\/p>\n<p style=\"text-align: center;\">LARGER PORCELAIN SERVICES PACKED IN AS MANY AS 2-3 CARTONS.<\/p>\n<p style=\"text-align: center;\"><strong>IF YOU HAVE MORE QUESTIONS, PLEASE CALL<\/strong><\/p>","protected":false},"excerpt":{"rendered":"<p>Fotel datowany na 40 lata Nowa tapicerka konstrukcja z litego Teku Stan jak na zdj\u0119ciach real foto Wymiary: wysoko\u015b\u0107 60 cm szeroko\u015b\u0107 75 cm g\u0142\u0119boko\u015b\u0107 76 cm wysoko\u015b\u0107 do siedziska 37 cm szeroko\u015b\u0107 siedziska 57 cm g\u0142\u0119boko\u015b\u0107 siedziska 44 cm Przypominamy: WSZYSTKIE PRODUKTY NA NASZYCH AUKCJACH S\u0104 U\u017bYWANE. ZDJ\u0118CIA REALNE. WSZYSTKIE PRZEDMIOTY S\u0104 BEZPIECZNIE I [&hellip;]<\/p>\n","protected":false},"featured_media":3104,"template":"","meta":{"_seopress_robots_primary_cat":"","_seopress_titles_title":"","_seopress_titles_desc":"","_seopress_robots_index":"","site-sidebar-layout":"","site-content-layout":"","ast-site-content-layout":"default","site-content-style":"default","site-sidebar-style":"default","ast-global-header-display":"","ast-banner-title-visibility":"","ast-main-header-display":"","ast-hfb-above-header-display":"","ast-hfb-below-header-display":"","ast-hfb-mobile-header-display":"","site-post-title":"","ast-breadcrumbs-content":"","ast-featured-img":"","footer-sml-layout":"","ast-disable-related-posts":"","theme-transparent-header-meta":"","adv-header-id-meta":"","stick-header-meta":"","header-above-stick-meta":"","header-main-stick-meta":"","header-below-stick-meta":"","astra-migrate-meta-layouts":"default","ast-page-background-enabled":"default","ast-page-background-meta":{"desktop":{"background-color":"var(--ast-global-color-4)","background-image":"","background-repeat":"repeat","background-position":"center center","background-size":"auto","background-attachment":"scroll","background-type":"","background-media":"","overlay-type":"","overlay-color":"","overlay-opacity":"","overlay-gradient":""},"tablet":{"background-color":"","background-image":"","background-repeat":"repeat","background-position":"center center","background-size":"auto","background-attachment":"scroll","background-type":"","background-media":"","overlay-type":"","overlay-color":"","overlay-opacity":"","overlay-gradient":""},"mobile":{"background-color":"","background-image":"","background-repeat":"repeat","background-position":"center center","background-size":"auto","background-attachment":"scroll","background-type":"","background-media":"","overlay-type":"","overlay-color":"","overlay-opacity":"","overlay-gradient":""}},"ast-content-background-meta":{"desktop":{"background-color":"var(--ast-global-color-5)","background-image":"","background-repeat":"repeat","background-position":"center center","background-size":"auto","background-attachment":"scroll","background-type":"","background-media":"","overlay-type":"","overlay-color":"","overlay-opacity":"","overlay-gradient":""},"tablet":{"background-color":"var(--ast-global-color-5)","background-image":"","background-repeat":"repeat","background-position":"center center","background-size":"auto","background-attachment":"scroll","background-type":"","background-media":"","overlay-type":"","overlay-color":"","overlay-opacity":"","overlay-gradient":""},"mobile":{"background-color":"var(--ast-global-color-5)","background-image":"","background-repeat":"repeat","background-position":"center center","background-size":"auto","background-attachment":"scroll","background-type":"","background-media":"","overlay-type":"","overlay-color":"","overlay-opacity":"","overlay-gradient":""}}},"product_brand":[],"product_cat":[39,32,43],"product_tag":[],"class_list":{"0":"post-4452","1":"product","2":"type-product","3":"status-publish","4":"has-post-thumbnail","6":"product_cat-fotele-puf","7":"product_cat-meble","8":"product_cat-meble-designe","9":"desktop-align-left","10":"tablet-align-left","11":"mobile-align-left","12":"ast-product-gallery-layout-vertical-slider","13":"ast-product-tabs-layout-horizontal","14":"ast-qv-on-image","16":"first","17":"instock","18":"sale","19":"shipping-taxable","20":"purchasable","21":"product-type-simple"},"_links":{"self":[{"href":"https:\/\/antart.com.pl\/en\/wp-json\/wp\/v2\/product\/4452","targetHints":{"allow":["GET"]}}],"collection":[{"href":"https:\/\/antart.com.pl\/en\/wp-json\/wp\/v2\/product"}],"about":[{"href":"https:\/\/antart.com.pl\/en\/wp-json\/wp\/v2\/types\/product"}],"wp:featuredmedia":[{"embeddable":true,"href":"https:\/\/antart.com.pl\/en\/wp-json\/wp\/v2\/media\/3104"}],"wp:attachment":[{"href":"https:\/\/antart.com.pl\/en\/wp-json\/wp\/v2\/media?parent=4452"}],"wp:term":[{"taxonomy":"product_brand","embeddable":true,"href":"https:\/\/antart.com.pl\/en\/wp-json\/wp\/v2\/product_brand?post=4452"},{"taxonomy":"product_cat","embeddable":true,"href":"https:\/\/antart.com.pl\/en\/wp-json\/wp\/v2\/product_cat?post=4452"},{"taxonomy":"product_tag","embeddable":true,"href":"https:\/\/antart.com.pl\/en\/wp-json\/wp\/v2\/product_tag?post=4452"}],"curies":[{"name":"wp","href":"https:\/\/api.w.org\/{rel}","templated":true}]}}