{"id":44541,"date":"2025-09-29T11:01:16","date_gmt":"2025-09-29T09:01:16","guid":{"rendered":"https:\/\/antart.com.pl\/?post_type=product&#038;p=44541"},"modified":"2025-09-29T11:01:17","modified_gmt":"2025-09-29T09:01:17","slug":"breakfast-set-collectors-cup-staffordshire","status":"publish","type":"product","link":"https:\/\/antart.com.pl\/en\/produkt\/zestaw-sniadaniowy-filizanka-kolekcjonerska-staffordshire\/","title":{"rendered":"Staffordshire collector's breakfast cup set"},"content":{"rendered":"<h4 style=\"text-align: center;\"><em><b>A collector's cup in a duo set of 1930s Staffordshire Fine Bone china Crown exquisites, made from high quality white fine porcelain. Leave features a red chinoiserie design depicting flowers, trees and leaves, finished with gilding on the wavy rim.\u00a0<\/b><\/em><\/h4>\n<h4><\/h4>\n<h4><em><b>Dimensions\u00a0<\/b><\/em><\/h4>\n<h4><em><b>Cup\u00a0<\/b><\/em><\/h4>\n<ul>\n<li>\n<h4><em><b>Height: 6cm.\u00a0<\/b><\/em><\/h4>\n<\/li>\n<li>\n<h4><em><b>Top diameter: 6cm.\u00a0<\/b><\/em><\/h4>\n<\/li>\n<li>\n<h4><em><b>Base diameter: 3.5cm.\u00a0<\/b><\/em><\/h4>\n<\/li>\n<li>\n<h4><em><b>Volume: 90ml.\u00a0<\/b><\/em><\/h4>\n<\/li>\n<\/ul>\n<h4><em><b>Spodek\u00a0<\/b><\/em><\/h4>\n<ul>\n<li>\n<h4><em><b>Height: 1.5cm.\u00a0<\/b><\/em><\/h4>\n<\/li>\n<li>\n<h4><em><b>Diameter: 11.5cm.<\/b><\/em><\/h4>\n<\/li>\n<\/ul>\n<h4 style=\"text-align: center;\"><em><b>The photos show the actual state of the object<\/b><\/em><\/h4>\n<h4 style=\"text-align: center;\"><em><b>Additional photos upon request<\/b><\/em><\/h4>\n<h4 style=\"text-align: center;\"><em><b>All our items on display are available in our warehouse.<\/b><\/em><\/h4>\n<h4 style=\"text-align: center;\"><em><b>Can be viewed by appointment.<\/b><\/em><\/h4>\n<h4><\/h4>\n<h4><em><b>No.5652<\/b><\/em><\/h4>","protected":false},"excerpt":{"rendered":"<p>Fili\u017canka kolekcjonerska w zestawie duo wytworni Staffordshire Fine Bone china Crown z lat 30tych XXwieku, wykonana z wysokiej jako\u015bci bia\u0142ej, szlachetnej porcelany. Zostaw charakteryzuje si\u0119 czerwonym wzorem chinoiserie przedstawiaj\u0105cym kwiaty, drzewa i li\u015bcie, wyko\u0144czony z\u0142oceniem na falowanym rancie.\u00a0 Wymiary\u00a0 Fili\u017canka\u00a0 Wysoko\u015b\u0107: 6cm.\u00a0 \u015arednica g\u00f3rna: 6cm.\u00a0 \u015arednica podstawy: 3,5cm.\u00a0 Poj: 90ml.\u00a0 Spodek\u00a0 Wysoko\u015b\u0107: 1,5cm.\u00a0 \u015arednica: 11,5cm. [&hellip;]<\/p>\n","protected":false},"featured_media":44542,"template":"","meta":{"_seopress_robots_primary_cat":"","_seopress_titles_title":"","_seopress_titles_desc":"","_seopress_robots_index":"","site-sidebar-layout":"default","site-content-layout":"","ast-site-content-layout":"default","site-content-style":"default","site-sidebar-style":"default","ast-global-header-display":"","ast-banner-title-visibility":"","ast-main-header-display":"","ast-hfb-above-header-display":"","ast-hfb-below-header-display":"","ast-hfb-mobile-header-display":"","site-post-title":"","ast-breadcrumbs-content":"","ast-featured-img":"","footer-sml-layout":"","ast-disable-related-posts":"","theme-transparent-header-meta":"default","adv-header-id-meta":"","stick-header-meta":"default","header-above-stick-meta":"","header-main-stick-meta":"","header-below-stick-meta":"","astra-migrate-meta-layouts":"set","ast-page-background-enabled":"default","ast-page-background-meta":{"desktop":{"background-color":"var(--ast-global-color-4)","background-image":"","background-repeat":"repeat","background-position":"center center","background-size":"auto","background-attachment":"scroll","background-type":"","background-media":"","overlay-type":"","overlay-color":"","overlay-opacity":"","overlay-gradient":""},"tablet":{"background-color":"","background-image":"","background-repeat":"repeat","background-position":"center center","background-size":"auto","background-attachment":"scroll","background-type":"","background-media":"","overlay-type":"","overlay-color":"","overlay-opacity":"","overlay-gradient":""},"mobile":{"background-color":"","background-image":"","background-repeat":"repeat","background-position":"center center","background-size":"auto","background-attachment":"scroll","background-type":"","background-media":"","overlay-type":"","overlay-color":"","overlay-opacity":"","overlay-gradient":""}},"ast-content-background-meta":{"desktop":{"background-color":"var(--ast-global-color-5)","background-image":"","background-repeat":"repeat","background-position":"center center","background-size":"auto","background-attachment":"scroll","background-type":"","background-media":"","overlay-type":"","overlay-color":"","overlay-opacity":"","overlay-gradient":""},"tablet":{"background-color":"var(--ast-global-color-5)","background-image":"","background-repeat":"repeat","background-position":"center center","background-size":"auto","background-attachment":"scroll","background-type":"","background-media":"","overlay-type":"","overlay-color":"","overlay-opacity":"","overlay-gradient":""},"mobile":{"background-color":"var(--ast-global-color-5)","background-image":"","background-repeat":"repeat","background-position":"center center","background-size":"auto","background-attachment":"scroll","background-type":"","background-media":"","overlay-type":"","overlay-color":"","overlay-opacity":"","overlay-gradient":""}}},"product_brand":[],"product_cat":[51,24],"product_tag":[],"class_list":{"0":"post-44541","1":"product","2":"type-product","3":"status-publish","4":"has-post-thumbnail","6":"product_cat-filizanki-zastawy-sniadaniowe","7":"product_cat-kuchnia","8":"product_shipping_class-wysylka-19zl","9":"desktop-align-left","10":"tablet-align-left","11":"mobile-align-left","12":"ast-product-gallery-layout-vertical-slider","13":"ast-product-tabs-layout-horizontal","14":"ast-qv-on-image","16":"first","17":"instock","18":"sold-individually","19":"shipping-taxable","20":"purchasable","21":"product-type-simple"},"_links":{"self":[{"href":"https:\/\/antart.com.pl\/en\/wp-json\/wp\/v2\/product\/44541","targetHints":{"allow":["GET"]}}],"collection":[{"href":"https:\/\/antart.com.pl\/en\/wp-json\/wp\/v2\/product"}],"about":[{"href":"https:\/\/antart.com.pl\/en\/wp-json\/wp\/v2\/types\/product"}],"wp:featuredmedia":[{"embeddable":true,"href":"https:\/\/antart.com.pl\/en\/wp-json\/wp\/v2\/media\/44542"}],"wp:attachment":[{"href":"https:\/\/antart.com.pl\/en\/wp-json\/wp\/v2\/media?parent=44541"}],"wp:term":[{"taxonomy":"product_brand","embeddable":true,"href":"https:\/\/antart.com.pl\/en\/wp-json\/wp\/v2\/product_brand?post=44541"},{"taxonomy":"product_cat","embeddable":true,"href":"https:\/\/antart.com.pl\/en\/wp-json\/wp\/v2\/product_cat?post=44541"},{"taxonomy":"product_tag","embeddable":true,"href":"https:\/\/antart.com.pl\/en\/wp-json\/wp\/v2\/product_tag?post=44541"}],"curies":[{"name":"wp","href":"https:\/\/api.w.org\/{rel}","templated":true}]}}