{"id":45017,"date":"2025-10-01T14:29:00","date_gmt":"2025-10-01T12:29:00","guid":{"rendered":"https:\/\/antart.com.pl\/?post_type=product&#038;p=45017"},"modified":"2025-10-01T14:29:01","modified_gmt":"2025-10-01T12:29:01","slug":"vintage-brass-leaf-set","status":"publish","type":"product","link":"https:\/\/antart.com.pl\/en\/produkt\/zestaw-mosieznych-lisci-w-stylu-vintage\/","title":{"rendered":"Vintage style brass leaf set"},"content":{"rendered":"<h4 style=\"text-align: center;\"><em><b>A set of decorative brass bowls\/ saucers in the shape of a leaf. The set includes one larger saucer and four smaller ones. They can be used as decorative bowls for trinkets, sweets, nuts, as jewellery holders and also as a decorative piece.<\/b><\/em><\/h4>\n<h4><\/h4>\n<h4><em><b>Dimensions<\/b><\/em><\/h4>\n<h4><em><b>Larger leaf<\/b><\/em><\/h4>\n<ul>\n<li>\n<h4><em><b>Height: 2.5cm.<\/b><\/em><\/h4>\n<\/li>\n<li>\n<h4><em><b>Diameter: 13cm.<\/b><\/em><\/h4>\n<\/li>\n<\/ul>\n<h4><em><b>Smaller leaf<\/b><\/em><\/h4>\n<ul>\n<li>\n<h4><em><b>Height: 1.5cm.<\/b><\/em><\/h4>\n<\/li>\n<li>\n<h4><em><b>Diameter: 8cm.<\/b><\/em><\/h4>\n<\/li>\n<\/ul>\n<h4 style=\"text-align: center;\"><em><b>The photos show the actual state of the object<\/b><\/em><\/h4>\n<h4 style=\"text-align: center;\"><em><b>Additional photos upon request<\/b><\/em><\/h4>\n<h4 style=\"text-align: center;\"><em><b>All our items on display are available in our warehouse.<\/b><\/em><\/h4>\n<h4 style=\"text-align: center;\"><em><b>Can be viewed by appointment.<\/b><\/em><\/h4>\n<h4><\/h4>\n<h4><em><b>No.5686<\/b><\/em><\/h4>","protected":false},"excerpt":{"rendered":"<p>Zestaw dekoracyjnych mosi\u0119\u017cnych miseczek\/ podstawek w kszta\u0142cie li\u015bcia. W zestawie znajduje si\u0119 jedna wi\u0119ksza podstawka i cztery mniejsze. Mog\u0105 s\u0142u\u017cy\u0107 jako ozdobne miseczki na drobiazgi, cukierki, orzechy, jako podstawki na bi\u017cuteri\u0119, a tak\u017ce jako element dekoracyjny. Wymiary Wi\u0119kszy li\u015b\u0107 Wysoko\u015b\u0107: 2,5cm. \u015arednica: 13cm. Mniejszy li\u015b\u0107 Wysoko\u015b\u0107: 1,5cm. \u015arednica: 8cm. Zdj\u0119cia przedstawiaj\u0105 stan faktyczny przedmiotu Dodatkowe [&hellip;]<\/p>\n","protected":false},"featured_media":45018,"template":"","meta":{"_seopress_robots_primary_cat":"","_seopress_titles_title":"","_seopress_titles_desc":"","_seopress_robots_index":"","site-sidebar-layout":"default","site-content-layout":"","ast-site-content-layout":"default","site-content-style":"default","site-sidebar-style":"default","ast-global-header-display":"","ast-banner-title-visibility":"","ast-main-header-display":"","ast-hfb-above-header-display":"","ast-hfb-below-header-display":"","ast-hfb-mobile-header-display":"","site-post-title":"","ast-breadcrumbs-content":"","ast-featured-img":"","footer-sml-layout":"","ast-disable-related-posts":"","theme-transparent-header-meta":"default","adv-header-id-meta":"","stick-header-meta":"default","header-above-stick-meta":"","header-main-stick-meta":"","header-below-stick-meta":"","astra-migrate-meta-layouts":"set","ast-page-background-enabled":"default","ast-page-background-meta":{"desktop":{"background-color":"var(--ast-global-color-4)","background-image":"","background-repeat":"repeat","background-position":"center center","background-size":"auto","background-attachment":"scroll","background-type":"","background-media":"","overlay-type":"","overlay-color":"","overlay-opacity":"","overlay-gradient":""},"tablet":{"background-color":"","background-image":"","background-repeat":"repeat","background-position":"center center","background-size":"auto","background-attachment":"scroll","background-type":"","background-media":"","overlay-type":"","overlay-color":"","overlay-opacity":"","overlay-gradient":""},"mobile":{"background-color":"","background-image":"","background-repeat":"repeat","background-position":"center center","background-size":"auto","background-attachment":"scroll","background-type":"","background-media":"","overlay-type":"","overlay-color":"","overlay-opacity":"","overlay-gradient":""}},"ast-content-background-meta":{"desktop":{"background-color":"var(--ast-global-color-5)","background-image":"","background-repeat":"repeat","background-position":"center center","background-size":"auto","background-attachment":"scroll","background-type":"","background-media":"","overlay-type":"","overlay-color":"","overlay-opacity":"","overlay-gradient":""},"tablet":{"background-color":"var(--ast-global-color-5)","background-image":"","background-repeat":"repeat","background-position":"center center","background-size":"auto","background-attachment":"scroll","background-type":"","background-media":"","overlay-type":"","overlay-color":"","overlay-opacity":"","overlay-gradient":""},"mobile":{"background-color":"var(--ast-global-color-5)","background-image":"","background-repeat":"repeat","background-position":"center center","background-size":"auto","background-attachment":"scroll","background-type":"","background-media":"","overlay-type":"","overlay-color":"","overlay-opacity":"","overlay-gradient":""}}},"product_brand":[],"product_cat":[27,45],"product_tag":[],"class_list":{"0":"post-45017","1":"product","2":"type-product","3":"status-publish","4":"has-post-thumbnail","6":"product_cat-dekoracyjne","7":"product_cat-pozostale-dekoracyjne","8":"product_shipping_class-wysylka-19zl","9":"desktop-align-left","10":"tablet-align-left","11":"mobile-align-left","12":"ast-product-gallery-layout-vertical-slider","13":"ast-product-tabs-layout-horizontal","14":"ast-qv-on-image","16":"first","17":"instock","18":"sold-individually","19":"shipping-taxable","20":"purchasable","21":"product-type-simple"},"_links":{"self":[{"href":"https:\/\/antart.com.pl\/en\/wp-json\/wp\/v2\/product\/45017","targetHints":{"allow":["GET"]}}],"collection":[{"href":"https:\/\/antart.com.pl\/en\/wp-json\/wp\/v2\/product"}],"about":[{"href":"https:\/\/antart.com.pl\/en\/wp-json\/wp\/v2\/types\/product"}],"wp:featuredmedia":[{"embeddable":true,"href":"https:\/\/antart.com.pl\/en\/wp-json\/wp\/v2\/media\/45018"}],"wp:attachment":[{"href":"https:\/\/antart.com.pl\/en\/wp-json\/wp\/v2\/media?parent=45017"}],"wp:term":[{"taxonomy":"product_brand","embeddable":true,"href":"https:\/\/antart.com.pl\/en\/wp-json\/wp\/v2\/product_brand?post=45017"},{"taxonomy":"product_cat","embeddable":true,"href":"https:\/\/antart.com.pl\/en\/wp-json\/wp\/v2\/product_cat?post=45017"},{"taxonomy":"product_tag","embeddable":true,"href":"https:\/\/antart.com.pl\/en\/wp-json\/wp\/v2\/product_tag?post=45017"}],"curies":[{"name":"wp","href":"https:\/\/api.w.org\/{rel}","templated":true}]}}