{"id":45134,"date":"2025-10-02T10:10:16","date_gmt":"2025-10-02T08:10:16","guid":{"rendered":"https:\/\/antart.com.pl\/?post_type=product&#038;p=45134"},"modified":"2026-04-01T20:08:27","modified_gmt":"2026-04-01T18:08:27","slug":"display-cabinet-english-style-germany-80s-90s","status":"publish","type":"product","link":"https:\/\/antart.com.pl\/en\/produkt\/witryna-kredens-w-stylu-angielskim-niemcy-z-lat-80-90-tych\/","title":{"rendered":"Display case, sideboard in English style Germany 1980s\/90s"},"content":{"rendered":"<h4 style=\"text-align: center;\"><em><strong>Display case, sideboard in English style Germany 1980s\/90s<\/strong><\/em><\/h4>\n<h4 style=\"text-align: center;\"><em><strong>English style wooden chest of drawers from the 1980s\/90s.<\/strong><\/em><\/h4>\n<h4 style=\"text-align: center;\"><em><strong>\u00a0Glazed vitrine, partial bottom, illuminated.<\/strong><\/em><\/h4>\n<h4 style=\"text-align: center;\"><em><strong>Showcase covered with mahogany veneer.<\/strong><\/em><\/h4>\n<h4 style=\"text-align: center;\"><em><strong>It has distinctive handles and a wooden finish. A piece of furniture in good condition, suitable for use as a practical cabinet or interior decoration.<\/strong><\/em><\/h4>\n<h4><\/h4>\n<h4><em><strong>Dimensions:<\/strong><\/em><\/h4>\n<ul>\n<li>\n<h4><em><strong>height: 207 cm<\/strong><\/em><\/h4>\n<\/li>\n<li>\n<h4><em><strong>width: 146 cm<\/strong><\/em><\/h4>\n<\/li>\n<li>\n<h4><em><strong>depth: 44.5 cm<\/strong><\/em><\/h4>\n<\/li>\n<\/ul>\n<h4 style=\"text-align: center;\"><\/h4>\n<h4 style=\"text-align: center;\"><em><strong>NOTE!!!<\/strong><\/em><\/h4>\n<h4 style=\"text-align: center;\"><em><strong>For the sake of safe delivery, in some cases we organise bulk or individual shipping.<\/strong><\/em><\/h4>\n<h4 style=\"text-align: center;\"><em><strong>***********************************************<\/strong><\/em><\/h4>\n<h4 style=\"text-align: center;\"><\/h4>\n<h4 style=\"text-align: center;\"><em><strong>The photos show the actual state of the object<\/strong><\/em><\/h4>\n<h4 style=\"text-align: center;\"><em><strong>Additional photos upon request<\/strong><\/em><\/h4>\n<h4 style=\"text-align: center;\"><em><strong>All our items on display are available in our warehouse.<\/strong><\/em><\/h4>\n<h4 style=\"text-align: center;\"><em><strong>Can be viewed by appointment.<\/strong><\/em><\/h4>\n<h4><em><strong>Order no. 10055<\/strong><\/em><\/h4>","protected":false},"excerpt":{"rendered":"<p>Witryna, kredens w stylu angielskim Niemcy z lat 80\/90-tych Drewniana komoda w stylu angielskim z lat 80.\/90. \u00a0Witryna zaszklona, dnu cz\u0119\u015bciowa, pod\u015bwietlana. Witryna pokryta fornirem z mahoniu. Posiada charakterystyczne uchwyty i drewniane wyko\u0144czenie. Mebel w dobrym stanie, nadaje si\u0119 do wykorzystania jako praktyczna szafka lub dekoracja wn\u0119trza. Wymiary: wysoko\u015b\u0107: 207 cm szeroko\u015b\u0107: 146 cm g\u0142\u0119boko\u015b\u0107: [&hellip;]<\/p>\n","protected":false},"featured_media":44838,"template":"","meta":{"_seopress_robots_primary_cat":"","_seopress_titles_title":"","_seopress_titles_desc":"","_seopress_robots_index":"","site-sidebar-layout":"default","site-content-layout":"","ast-site-content-layout":"default","site-content-style":"default","site-sidebar-style":"default","ast-global-header-display":"","ast-banner-title-visibility":"","ast-main-header-display":"","ast-hfb-above-header-display":"","ast-hfb-below-header-display":"","ast-hfb-mobile-header-display":"","site-post-title":"","ast-breadcrumbs-content":"","ast-featured-img":"","footer-sml-layout":"","ast-disable-related-posts":"","theme-transparent-header-meta":"default","adv-header-id-meta":"","stick-header-meta":"default","header-above-stick-meta":"","header-main-stick-meta":"","header-below-stick-meta":"","astra-migrate-meta-layouts":"set","ast-page-background-enabled":"default","ast-page-background-meta":{"desktop":{"background-color":"var(--ast-global-color-4)","background-image":"","background-repeat":"repeat","background-position":"center center","background-size":"auto","background-attachment":"scroll","background-type":"","background-media":"","overlay-type":"","overlay-color":"","overlay-opacity":"","overlay-gradient":""},"tablet":{"background-color":"","background-image":"","background-repeat":"repeat","background-position":"center center","background-size":"auto","background-attachment":"scroll","background-type":"","background-media":"","overlay-type":"","overlay-color":"","overlay-opacity":"","overlay-gradient":""},"mobile":{"background-color":"","background-image":"","background-repeat":"repeat","background-position":"center center","background-size":"auto","background-attachment":"scroll","background-type":"","background-media":"","overlay-type":"","overlay-color":"","overlay-opacity":"","overlay-gradient":""}},"ast-content-background-meta":{"desktop":{"background-color":"var(--ast-global-color-5)","background-image":"","background-repeat":"repeat","background-position":"center center","background-size":"auto","background-attachment":"scroll","background-type":"","background-media":"","overlay-type":"","overlay-color":"","overlay-opacity":"","overlay-gradient":""},"tablet":{"background-color":"var(--ast-global-color-5)","background-image":"","background-repeat":"repeat","background-position":"center center","background-size":"auto","background-attachment":"scroll","background-type":"","background-media":"","overlay-type":"","overlay-color":"","overlay-opacity":"","overlay-gradient":""},"mobile":{"background-color":"var(--ast-global-color-5)","background-image":"","background-repeat":"repeat","background-position":"center center","background-size":"auto","background-attachment":"scroll","background-type":"","background-media":"","overlay-type":"","overlay-color":"","overlay-opacity":"","overlay-gradient":""}}},"product_brand":[],"product_cat":[32,79],"product_tag":[],"class_list":{"0":"post-45134","1":"product","2":"type-product","3":"status-publish","4":"has-post-thumbnail","6":"product_cat-meble","7":"product_cat-serwantki-witryny","8":"product_shipping_class-wysylka-po-uzgodnieniu","9":"desktop-align-left","10":"tablet-align-left","11":"mobile-align-left","12":"ast-product-gallery-layout-vertical-slider","13":"ast-product-tabs-layout-horizontal","14":"ast-qv-on-image","16":"first","17":"instock","18":"sale","19":"sold-individually","20":"shipping-taxable","21":"purchasable","22":"product-type-simple"},"_links":{"self":[{"href":"https:\/\/antart.com.pl\/en\/wp-json\/wp\/v2\/product\/45134","targetHints":{"allow":["GET"]}}],"collection":[{"href":"https:\/\/antart.com.pl\/en\/wp-json\/wp\/v2\/product"}],"about":[{"href":"https:\/\/antart.com.pl\/en\/wp-json\/wp\/v2\/types\/product"}],"wp:featuredmedia":[{"embeddable":true,"href":"https:\/\/antart.com.pl\/en\/wp-json\/wp\/v2\/media\/44838"}],"wp:attachment":[{"href":"https:\/\/antart.com.pl\/en\/wp-json\/wp\/v2\/media?parent=45134"}],"wp:term":[{"taxonomy":"product_brand","embeddable":true,"href":"https:\/\/antart.com.pl\/en\/wp-json\/wp\/v2\/product_brand?post=45134"},{"taxonomy":"product_cat","embeddable":true,"href":"https:\/\/antart.com.pl\/en\/wp-json\/wp\/v2\/product_cat?post=45134"},{"taxonomy":"product_tag","embeddable":true,"href":"https:\/\/antart.com.pl\/en\/wp-json\/wp\/v2\/product_tag?post=45134"}],"curies":[{"name":"wp","href":"https:\/\/api.w.org\/{rel}","templated":true}]}}