{"id":45522,"date":"2025-10-03T13:32:09","date_gmt":"2025-10-03T11:32:09","guid":{"rendered":"https:\/\/antart.com.pl\/?post_type=product&#038;p=45522"},"modified":"2026-04-01T20:08:24","modified_gmt":"2026-04-01T18:08:24","slug":"szafka-slupek-secesyjny-z-lat-20-30-stych-xx-wieku-2","status":"publish","type":"product","link":"https:\/\/antart.com.pl\/en\/produkt\/szafka-slupek-secesyjny-z-lat-20-30-stych-xx-wieku-2\/","title":{"rendered":"Cabinet, Art Nouveau pedestal from the 1920s\/30s"},"content":{"rendered":"<h4 style=\"text-align: center;\"><em><b>Cabinet, Art Nouveau pedestal from the 1920s\/30s<\/b><\/em><\/h4>\n<h4 style=\"text-align: center;\"><em>Szafka wykonana z litego drewna pomalowana na bia\u0142o.\u00a0<\/em><\/h4>\n<h4 style=\"text-align: center;\"><em>Na drzwiach widnieje intarsjowany wz\u00f3r.<\/em><\/h4>\n<h4 style=\"text-align: center;\"><em>Stylowa szafka w stylu art nouveau z lat 20.\/30. XX wieku. Posiada charakterystyczne zdobienia w formie greckiego wzoru. Mebel jest w stanie u\u017cywanym, ale zachowa\u0142 sw\u00f3j unikatowy charakter.<\/em><\/h4>\n<h4 style=\"text-align: center;\"><\/h4>\n<h4><\/h4>\n<h4><em><b>Dimensions:<\/b><\/em><\/h4>\n<ul>\n<li>\n<h4><em>height: 188cm<\/em><\/h4>\n<\/li>\n<li>\n<h4><em>width: 52.5cm<\/em><\/h4>\n<\/li>\n<li>\n<h4><em>depth: 52 cm<\/em><\/h4>\n<\/li>\n<\/ul>\n<h4 style=\"text-align: center;\"><em><b>NOTE!!!<\/b><\/em><\/h4>\n<h4 style=\"text-align: center;\"><em><b>For the sake of safe delivery, in some cases we organise bulk or individual shipping.<\/b><\/em><\/h4>\n<h4 style=\"text-align: center;\"><em><b>*****************************************************************************<\/b><\/em><\/h4>\n<h4 style=\"text-align: center;\"><em><b>The photos show the actual state of the object<\/b><\/em><\/h4>\n<h4 style=\"text-align: center;\"><em><b>Additional photos upon request<\/b><\/em><\/h4>\n<h4 style=\"text-align: center;\"><em><b>All our items on display are available in our warehouse.<\/b><\/em><\/h4>\n<h4 style=\"text-align: center;\"><em><b>Can be viewed by appointment.<\/b><\/em><\/h4>\n<h4><em><b>NR. ART 10201<\/b><\/em><\/h4>","protected":false},"excerpt":{"rendered":"<p>Szafka, s\u0142upek secesyjny z lat 20\/30-stych XX wieku Szafka wykonana z litego drewna pomalowana na bia\u0142o.\u00a0 Na drzwiach widnieje intarsjowany wz\u00f3r. Stylowa szafka w stylu art nouveau z lat 20.\/30. XX wieku. Posiada charakterystyczne zdobienia w formie greckiego wzoru. Mebel jest w stanie u\u017cywanym, ale zachowa\u0142 sw\u00f3j unikatowy charakter. Wymiary: wysoko\u015b\u0107: 188cm szeroko\u015b\u0107: 52,5cm g\u0142\u0119boko\u015b\u0107: [&hellip;]<\/p>\n","protected":false},"featured_media":45523,"template":"","meta":{"_seopress_robots_primary_cat":"","_seopress_titles_title":"","_seopress_titles_desc":"","_seopress_robots_index":"","site-sidebar-layout":"default","site-content-layout":"","ast-site-content-layout":"default","site-content-style":"default","site-sidebar-style":"default","ast-global-header-display":"","ast-banner-title-visibility":"","ast-main-header-display":"","ast-hfb-above-header-display":"","ast-hfb-below-header-display":"","ast-hfb-mobile-header-display":"","site-post-title":"","ast-breadcrumbs-content":"","ast-featured-img":"","footer-sml-layout":"","ast-disable-related-posts":"","theme-transparent-header-meta":"default","adv-header-id-meta":"","stick-header-meta":"default","header-above-stick-meta":"","header-main-stick-meta":"","header-below-stick-meta":"","astra-migrate-meta-layouts":"set","ast-page-background-enabled":"default","ast-page-background-meta":{"desktop":{"background-color":"var(--ast-global-color-4)","background-image":"","background-repeat":"repeat","background-position":"center center","background-size":"auto","background-attachment":"scroll","background-type":"","background-media":"","overlay-type":"","overlay-color":"","overlay-opacity":"","overlay-gradient":""},"tablet":{"background-color":"","background-image":"","background-repeat":"repeat","background-position":"center center","background-size":"auto","background-attachment":"scroll","background-type":"","background-media":"","overlay-type":"","overlay-color":"","overlay-opacity":"","overlay-gradient":""},"mobile":{"background-color":"","background-image":"","background-repeat":"repeat","background-position":"center center","background-size":"auto","background-attachment":"scroll","background-type":"","background-media":"","overlay-type":"","overlay-color":"","overlay-opacity":"","overlay-gradient":""}},"ast-content-background-meta":{"desktop":{"background-color":"var(--ast-global-color-5)","background-image":"","background-repeat":"repeat","background-position":"center center","background-size":"auto","background-attachment":"scroll","background-type":"","background-media":"","overlay-type":"","overlay-color":"","overlay-opacity":"","overlay-gradient":""},"tablet":{"background-color":"var(--ast-global-color-5)","background-image":"","background-repeat":"repeat","background-position":"center center","background-size":"auto","background-attachment":"scroll","background-type":"","background-media":"","overlay-type":"","overlay-color":"","overlay-opacity":"","overlay-gradient":""},"mobile":{"background-color":"var(--ast-global-color-5)","background-image":"","background-repeat":"repeat","background-position":"center center","background-size":"auto","background-attachment":"scroll","background-type":"","background-media":"","overlay-type":"","overlay-color":"","overlay-opacity":"","overlay-gradient":""}}},"product_brand":[],"product_cat":[32,38],"product_tag":[],"class_list":{"0":"post-45522","1":"product","2":"type-product","3":"status-publish","4":"has-post-thumbnail","6":"product_cat-meble","7":"product_cat-szafy-szafki","8":"product_shipping_class-wysylka-po-uzgodnieniu","9":"desktop-align-left","10":"tablet-align-left","11":"mobile-align-left","12":"ast-product-gallery-layout-vertical-slider","13":"ast-product-tabs-layout-horizontal","14":"ast-qv-on-image","16":"first","17":"instock","18":"sale","19":"sold-individually","20":"shipping-taxable","21":"purchasable","22":"product-type-simple"},"_links":{"self":[{"href":"https:\/\/antart.com.pl\/en\/wp-json\/wp\/v2\/product\/45522","targetHints":{"allow":["GET"]}}],"collection":[{"href":"https:\/\/antart.com.pl\/en\/wp-json\/wp\/v2\/product"}],"about":[{"href":"https:\/\/antart.com.pl\/en\/wp-json\/wp\/v2\/types\/product"}],"wp:featuredmedia":[{"embeddable":true,"href":"https:\/\/antart.com.pl\/en\/wp-json\/wp\/v2\/media\/45523"}],"wp:attachment":[{"href":"https:\/\/antart.com.pl\/en\/wp-json\/wp\/v2\/media?parent=45522"}],"wp:term":[{"taxonomy":"product_brand","embeddable":true,"href":"https:\/\/antart.com.pl\/en\/wp-json\/wp\/v2\/product_brand?post=45522"},{"taxonomy":"product_cat","embeddable":true,"href":"https:\/\/antart.com.pl\/en\/wp-json\/wp\/v2\/product_cat?post=45522"},{"taxonomy":"product_tag","embeddable":true,"href":"https:\/\/antart.com.pl\/en\/wp-json\/wp\/v2\/product_tag?post=45522"}],"curies":[{"name":"wp","href":"https:\/\/api.w.org\/{rel}","templated":true}]}}