{"id":45581,"date":"2025-10-03T14:48:26","date_gmt":"2025-10-03T12:48:26","guid":{"rendered":"https:\/\/antart.com.pl\/?post_type=product&#038;p=45581"},"modified":"2025-10-03T14:48:26","modified_gmt":"2025-10-03T12:48:26","slug":"display-cabinet-art-nouveau-1920s-30s-oak","status":"publish","type":"product","link":"https:\/\/antart.com.pl\/en\/produkt\/witryna-kredens-secesyjny-z-lat-20-30-stych-debowy\/","title":{"rendered":"Art Nouveau sideboard from the 1920s\/30s in oak"},"content":{"rendered":"<h4 style=\"text-align: center;\"><em><strong>Art Nouveau sideboard from the 1920s\/30s in oak<\/strong><\/em><\/h4>\n<h4 style=\"text-align: center;\"><em><strong>Sideboard made of solid wood covered with oak veneer.<\/strong><\/em><\/h4>\n<h4 style=\"text-align: center;\"><em><strong>Bevelled glass for a chic and elegant display.<\/strong><\/em><\/h4>\n<h4 style=\"text-align: center;\"><em><strong>In the middle section, a top slides out to serve as a secretary.<\/strong><\/em><\/h4>\n<h4 style=\"text-align: center;\"><em><strong>Brass fittings.<\/strong><\/em><\/h4>\n<h4><em><strong>Dimensions:<\/strong><\/em><\/h4>\n<ul>\n<li>\n<h4><em><strong>height: 201.5 cm<\/strong><\/em><\/h4>\n<\/li>\n<li>\n<h4><em><strong>width: 217 cm<\/strong><\/em><\/h4>\n<\/li>\n<li>\n<h4><em><strong>depth: 65 cm<\/strong><\/em><\/h4>\n<\/li>\n<\/ul>\n<h4><em><strong>Countertop<\/strong><\/em><\/h4>\n<ul>\n<li>\n<h4><em><strong>height to tabletop: 97 cm<\/strong><\/em><\/h4>\n<\/li>\n<li>\n<h4><em><strong>width: 109cm<\/strong><\/em><\/h4>\n<\/li>\n<li>\n<h4><em><strong>depth: 62 cm<\/strong><\/em><\/h4>\n<\/li>\n<\/ul>\n<h4><em><strong>Work top protruding<\/strong><\/em><\/h4>\n<ul>\n<li>\n<h4><em><strong>height to tabletop 92cm<\/strong><\/em><\/h4>\n<\/li>\n<li>\n<h4><em><strong>width: 91 cm<\/strong><\/em><\/h4>\n<\/li>\n<li>\n<h4><em><strong>depth: 45 cm<\/strong><\/em><\/h4>\n<\/li>\n<\/ul>\n<h4 style=\"text-align: center;\"><em><strong>NOTE!!!<\/strong><\/em><\/h4>\n<h4 style=\"text-align: center;\"><em><strong>For the sake of safe delivery, in some cases we organise bulk or individual shipping.<\/strong><\/em><\/h4>\n<h4 style=\"text-align: center;\"><em><strong>***********************************************<\/strong><\/em><\/h4>\n<h4 style=\"text-align: center;\"><em><strong>The photos show the actual state of the object<\/strong><\/em><\/h4>\n<h4 style=\"text-align: center;\"><em><strong>Additional photos upon request<\/strong><\/em><\/h4>\n<h4 style=\"text-align: center;\"><em><strong>All our items on display are available in our warehouse.<\/strong><\/em><\/h4>\n<h4 style=\"text-align: center;\"><em><strong>Can be viewed by appointment.<\/strong><\/em><\/h4>\n<h4><em><strong>Order no. 10198<\/strong><\/em><\/h4>","protected":false},"excerpt":{"rendered":"<p>Witryna, kredens secesyjny z lat 20\/30-stych d\u0119bowy Kredens wykonany z litego drewna pokryty fornirem d\u0119bowym. Szyby fazowane nadaj\u0105ce szyku i elegancji witrynie. W \u015brodkowej cz\u0119\u015bci wysuwa si\u0119 blat s\u0142u\u017c\u0105cy jako sekretarzyk. Okucia mosi\u0119\u017cne. Wymiary: wysoko\u015b\u0107: 201,5 cm szeroko\u015b\u0107: 217 cm g\u0142\u0119boko\u015b\u0107: 65 cm Blat wysoko\u015b\u0107 do blatu: 97 cm szeroko\u015b\u0107: 109cm g\u0142\u0119boko\u015b\u0107: 62 cm Blat [&hellip;]<\/p>\n","protected":false},"featured_media":45583,"template":"","meta":{"_seopress_robots_primary_cat":"","_seopress_titles_title":"","_seopress_titles_desc":"","_seopress_robots_index":"","site-sidebar-layout":"default","site-content-layout":"","ast-site-content-layout":"default","site-content-style":"default","site-sidebar-style":"default","ast-global-header-display":"","ast-banner-title-visibility":"","ast-main-header-display":"","ast-hfb-above-header-display":"","ast-hfb-below-header-display":"","ast-hfb-mobile-header-display":"","site-post-title":"","ast-breadcrumbs-content":"","ast-featured-img":"","footer-sml-layout":"","ast-disable-related-posts":"","theme-transparent-header-meta":"default","adv-header-id-meta":"","stick-header-meta":"default","header-above-stick-meta":"","header-main-stick-meta":"","header-below-stick-meta":"","astra-migrate-meta-layouts":"set","ast-page-background-enabled":"default","ast-page-background-meta":{"desktop":{"background-color":"var(--ast-global-color-4)","background-image":"","background-repeat":"repeat","background-position":"center center","background-size":"auto","background-attachment":"scroll","background-type":"","background-media":"","overlay-type":"","overlay-color":"","overlay-opacity":"","overlay-gradient":""},"tablet":{"background-color":"","background-image":"","background-repeat":"repeat","background-position":"center center","background-size":"auto","background-attachment":"scroll","background-type":"","background-media":"","overlay-type":"","overlay-color":"","overlay-opacity":"","overlay-gradient":""},"mobile":{"background-color":"","background-image":"","background-repeat":"repeat","background-position":"center center","background-size":"auto","background-attachment":"scroll","background-type":"","background-media":"","overlay-type":"","overlay-color":"","overlay-opacity":"","overlay-gradient":""}},"ast-content-background-meta":{"desktop":{"background-color":"var(--ast-global-color-5)","background-image":"","background-repeat":"repeat","background-position":"center center","background-size":"auto","background-attachment":"scroll","background-type":"","background-media":"","overlay-type":"","overlay-color":"","overlay-opacity":"","overlay-gradient":""},"tablet":{"background-color":"var(--ast-global-color-5)","background-image":"","background-repeat":"repeat","background-position":"center center","background-size":"auto","background-attachment":"scroll","background-type":"","background-media":"","overlay-type":"","overlay-color":"","overlay-opacity":"","overlay-gradient":""},"mobile":{"background-color":"var(--ast-global-color-5)","background-image":"","background-repeat":"repeat","background-position":"center center","background-size":"auto","background-attachment":"scroll","background-type":"","background-media":"","overlay-type":"","overlay-color":"","overlay-opacity":"","overlay-gradient":""}}},"product_brand":[],"product_cat":[92,32,79],"product_tag":[],"class_list":{"0":"post-45581","1":"product","2":"type-product","3":"status-publish","4":"has-post-thumbnail","6":"product_cat-biblioteka","7":"product_cat-meble","8":"product_cat-serwantki-witryny","9":"product_shipping_class-wysylka-po-uzgodnieniu","10":"desktop-align-left","11":"tablet-align-left","12":"mobile-align-left","13":"ast-product-gallery-layout-vertical-slider","14":"ast-product-tabs-layout-horizontal","15":"ast-qv-on-image","17":"first","18":"instock","19":"sold-individually","20":"shipping-taxable","21":"purchasable","22":"product-type-simple"},"_links":{"self":[{"href":"https:\/\/antart.com.pl\/en\/wp-json\/wp\/v2\/product\/45581","targetHints":{"allow":["GET"]}}],"collection":[{"href":"https:\/\/antart.com.pl\/en\/wp-json\/wp\/v2\/product"}],"about":[{"href":"https:\/\/antart.com.pl\/en\/wp-json\/wp\/v2\/types\/product"}],"wp:featuredmedia":[{"embeddable":true,"href":"https:\/\/antart.com.pl\/en\/wp-json\/wp\/v2\/media\/45583"}],"wp:attachment":[{"href":"https:\/\/antart.com.pl\/en\/wp-json\/wp\/v2\/media?parent=45581"}],"wp:term":[{"taxonomy":"product_brand","embeddable":true,"href":"https:\/\/antart.com.pl\/en\/wp-json\/wp\/v2\/product_brand?post=45581"},{"taxonomy":"product_cat","embeddable":true,"href":"https:\/\/antart.com.pl\/en\/wp-json\/wp\/v2\/product_cat?post=45581"},{"taxonomy":"product_tag","embeddable":true,"href":"https:\/\/antart.com.pl\/en\/wp-json\/wp\/v2\/product_tag?post=45581"}],"curies":[{"name":"wp","href":"https:\/\/api.w.org\/{rel}","templated":true}]}}