{"id":45610,"date":"2025-10-03T15:07:23","date_gmt":"2025-10-03T13:07:23","guid":{"rendered":"https:\/\/antart.com.pl\/?post_type=product&#038;p=45610"},"modified":"2026-04-01T20:08:22","modified_gmt":"2026-04-01T18:08:22","slug":"early-20th-century-biedermaier-chest-of-drawers-in-mahogany","status":"publish","type":"product","link":"https:\/\/antart.com.pl\/en\/produkt\/szafka-komoda-biedermajer-w-mahoniu-z-poczatku-xx-wieku\/","title":{"rendered":"Cabinet, Biedermajer chest of drawers in mahogany from the early 20th century"},"content":{"rendered":"<h4 style=\"text-align: center;\"><em><strong>Cabinet, Biedermajer chest of drawers in mahogany from the early 20th century<\/strong><\/em><\/h4>\n<h4 style=\"text-align: center;\"><em><strong>A stylish early 20th century Biedermeier style wooden chest of drawers. The piece of furniture made of dark mahogany wood, with two capacious drawers. Brass fittings. It has the rounded edges and legs characteristic of this style. The chest of drawers is in used but well-preserved condition, presenting an elegant and classic look.<\/strong><\/em><\/h4>\n<h4 style=\"text-align: center;\"><em><strong>It has 2 keys.<\/strong><\/em><\/h4>\n<h4><em><strong>Dimensions:<\/strong><\/em><\/h4>\n<ul>\n<li>\n<h4><em><strong>length: 71.5cm<\/strong><\/em><\/h4>\n<\/li>\n<li>\n<h4><em><strong>depth: 44cm<\/strong><\/em><\/h4>\n<\/li>\n<li>\n<h4><em><strong>height: 76cm<\/strong><\/em><\/h4>\n<\/li>\n<\/ul>\n<h4 style=\"text-align: center;\"><em><strong>The photos show the actual state of the object<\/strong><\/em><\/h4>\n<h4 style=\"text-align: center;\"><em><strong>Additional photos upon request<\/strong><\/em><\/h4>\n<h4 style=\"text-align: center;\"><em><strong>All our items on display are available in our warehouse.<\/strong><\/em><\/h4>\n<h4 style=\"text-align: center;\"><em><strong>Can be viewed by appointment.<\/strong><\/em><\/h4>\n<h4><em><strong>NO. ART 10196<\/strong><\/em><\/h4>","protected":false},"excerpt":{"rendered":"<p>Szafka, komoda\u00a0 Biedermajer w mahoniu z pocz\u0105tku XX wieku Stylowy, drewniany kom\u00f3dka w stylu biedermeier z pocz\u0105tku XX wieku. Mebel wykonany z ciemnego, mahoniowego drewna, z dwoma pojemnymi szufladami. Okucia mosi\u0119\u017cne. Posiada charakterystyczne dla tego stylu zaokr\u0105glone kraw\u0119dzie i n\u00f3\u017cki. Kom\u00f3dka jest w stanie u\u017cywanym, ale dobrze zachowana, prezentuj\u0105c si\u0119 elegancko i klasycznie. Posiada 2 [&hellip;]<\/p>\n","protected":false},"featured_media":45612,"template":"","meta":{"_seopress_robots_primary_cat":"","_seopress_titles_title":"","_seopress_titles_desc":"","_seopress_robots_index":"","site-sidebar-layout":"default","site-content-layout":"","ast-site-content-layout":"default","site-content-style":"default","site-sidebar-style":"default","ast-global-header-display":"","ast-banner-title-visibility":"","ast-main-header-display":"","ast-hfb-above-header-display":"","ast-hfb-below-header-display":"","ast-hfb-mobile-header-display":"","site-post-title":"","ast-breadcrumbs-content":"","ast-featured-img":"","footer-sml-layout":"","ast-disable-related-posts":"","theme-transparent-header-meta":"default","adv-header-id-meta":"","stick-header-meta":"default","header-above-stick-meta":"","header-main-stick-meta":"","header-below-stick-meta":"","astra-migrate-meta-layouts":"set","ast-page-background-enabled":"default","ast-page-background-meta":{"desktop":{"background-color":"var(--ast-global-color-4)","background-image":"","background-repeat":"repeat","background-position":"center center","background-size":"auto","background-attachment":"scroll","background-type":"","background-media":"","overlay-type":"","overlay-color":"","overlay-opacity":"","overlay-gradient":""},"tablet":{"background-color":"","background-image":"","background-repeat":"repeat","background-position":"center center","background-size":"auto","background-attachment":"scroll","background-type":"","background-media":"","overlay-type":"","overlay-color":"","overlay-opacity":"","overlay-gradient":""},"mobile":{"background-color":"","background-image":"","background-repeat":"repeat","background-position":"center center","background-size":"auto","background-attachment":"scroll","background-type":"","background-media":"","overlay-type":"","overlay-color":"","overlay-opacity":"","overlay-gradient":""}},"ast-content-background-meta":{"desktop":{"background-color":"var(--ast-global-color-5)","background-image":"","background-repeat":"repeat","background-position":"center center","background-size":"auto","background-attachment":"scroll","background-type":"","background-media":"","overlay-type":"","overlay-color":"","overlay-opacity":"","overlay-gradient":""},"tablet":{"background-color":"var(--ast-global-color-5)","background-image":"","background-repeat":"repeat","background-position":"center center","background-size":"auto","background-attachment":"scroll","background-type":"","background-media":"","overlay-type":"","overlay-color":"","overlay-opacity":"","overlay-gradient":""},"mobile":{"background-color":"var(--ast-global-color-5)","background-image":"","background-repeat":"repeat","background-position":"center center","background-size":"auto","background-attachment":"scroll","background-type":"","background-media":"","overlay-type":"","overlay-color":"","overlay-opacity":"","overlay-gradient":""}}},"product_brand":[],"product_cat":[37,32,38],"product_tag":[],"class_list":{"0":"post-45610","1":"product","2":"type-product","3":"status-publish","4":"has-post-thumbnail","6":"product_cat-komody","7":"product_cat-meble","8":"product_cat-szafy-szafki","9":"product_shipping_class-wysylka-80zl","10":"desktop-align-left","11":"tablet-align-left","12":"mobile-align-left","13":"ast-product-gallery-layout-vertical-slider","14":"ast-product-tabs-layout-horizontal","15":"ast-qv-on-image","17":"first","18":"instock","19":"sale","20":"sold-individually","21":"shipping-taxable","22":"purchasable","23":"product-type-simple"},"_links":{"self":[{"href":"https:\/\/antart.com.pl\/en\/wp-json\/wp\/v2\/product\/45610","targetHints":{"allow":["GET"]}}],"collection":[{"href":"https:\/\/antart.com.pl\/en\/wp-json\/wp\/v2\/product"}],"about":[{"href":"https:\/\/antart.com.pl\/en\/wp-json\/wp\/v2\/types\/product"}],"wp:featuredmedia":[{"embeddable":true,"href":"https:\/\/antart.com.pl\/en\/wp-json\/wp\/v2\/media\/45612"}],"wp:attachment":[{"href":"https:\/\/antart.com.pl\/en\/wp-json\/wp\/v2\/media?parent=45610"}],"wp:term":[{"taxonomy":"product_brand","embeddable":true,"href":"https:\/\/antart.com.pl\/en\/wp-json\/wp\/v2\/product_brand?post=45610"},{"taxonomy":"product_cat","embeddable":true,"href":"https:\/\/antart.com.pl\/en\/wp-json\/wp\/v2\/product_cat?post=45610"},{"taxonomy":"product_tag","embeddable":true,"href":"https:\/\/antart.com.pl\/en\/wp-json\/wp\/v2\/product_tag?post=45610"}],"curies":[{"name":"wp","href":"https:\/\/api.w.org\/{rel}","templated":true}]}}