{"id":45755,"date":"2025-10-04T13:27:16","date_gmt":"2025-10-04T11:27:16","guid":{"rendered":"https:\/\/antart.com.pl\/?post_type=product&#038;p=45755"},"modified":"2026-04-01T20:15:33","modified_gmt":"2026-04-01T18:15:33","slug":"baroque-chair-in-oak-wood-and-genuine-leather","status":"publish","type":"product","link":"https:\/\/antart.com.pl\/en\/produkt\/krzeslo-barokowe-z-drewna-debowego-i-skory-naturalnej\/","title":{"rendered":"Baroque chair in oak wood and natural leather"},"content":{"rendered":"<h4 style=\"text-align: center;\"><em><b>Baroque chair in oak wood and natural leather<\/b><\/em><\/h4>\n<h4 style=\"text-align: center;\"><em>Stylish Baroque-style armchair made of oak wood and upholstered in natural leather. The furniture has ornamentation characteristic of the Baroque period and carved legs. The armchair is in good condition and is suitable for use in the home or office.<\/em><\/h4>\n<h4 style=\"text-align: center;\"><em>Seat covered in brown natural leather on springs. The chairs show signs of time.<\/em><\/h4>\n<h4><em>Dimensions:<\/em><\/h4>\n<ul>\n<li>\n<h4><em>height: 93cm<\/em><\/h4>\n<\/li>\n<li>\n<h4><em>width: 47 cm<\/em><\/h4>\n<\/li>\n<li>\n<h4><em>depth: 40 cm<\/em><\/h4>\n<\/li>\n<li><\/li>\n<\/ul>\n<h4><em>I own 2 pieces.<\/em><\/h4>\n<h4><em>The price is for 1 piece.<\/em><\/h4>\n<h4 style=\"text-align: center;\"><em><b>The photos show the actual state of the object<\/b><\/em><\/h4>\n<h4 style=\"text-align: center;\"><em><b>Additional photos upon request<\/b><\/em><\/h4>\n<h4 style=\"text-align: center;\"><em><b>All our items on display are available in our warehouse.<\/b><\/em><\/h4>\n<h4 style=\"text-align: center;\"><em><b>Can be viewed by appointment.<\/b><\/em><\/h4>\n<h4><em><b>Order no. 10187<\/b><\/em><\/h4>","protected":false},"excerpt":{"rendered":"<p>Krzes\u0142o barokowe z drewna d\u0119bowego i sk\u00f3ry naturalnej Stylowy fotel w stylu barokowym wykonany z d\u0119bowego drewna i obity naturaln\u0105 sk\u00f3r\u0105. Mebel posiada charakterystyczne dla epoki barokowej zdobienia i rze\u017abione nogi. Fotel jest w dobrym stanie, nadaje si\u0119 do u\u017cytku w domu lub biurze. Siedzisko pokryte br\u0105zow\u0105 sk\u00f3r\u0105 naturaln\u0105 na spr\u0119\u017cynach. Krzes\u0142a posiadaj\u0105 oznaki czasu. [&hellip;]<\/p>\n","protected":false},"featured_media":45758,"template":"","meta":{"_seopress_robots_primary_cat":"","_seopress_titles_title":"","_seopress_titles_desc":"","_seopress_robots_index":"","site-sidebar-layout":"default","site-content-layout":"","ast-site-content-layout":"default","site-content-style":"default","site-sidebar-style":"default","ast-global-header-display":"","ast-banner-title-visibility":"","ast-main-header-display":"","ast-hfb-above-header-display":"","ast-hfb-below-header-display":"","ast-hfb-mobile-header-display":"","site-post-title":"","ast-breadcrumbs-content":"","ast-featured-img":"","footer-sml-layout":"","ast-disable-related-posts":"","theme-transparent-header-meta":"default","adv-header-id-meta":"","stick-header-meta":"default","header-above-stick-meta":"","header-main-stick-meta":"","header-below-stick-meta":"","astra-migrate-meta-layouts":"set","ast-page-background-enabled":"default","ast-page-background-meta":{"desktop":{"background-color":"var(--ast-global-color-4)","background-image":"","background-repeat":"repeat","background-position":"center center","background-size":"auto","background-attachment":"scroll","background-type":"","background-media":"","overlay-type":"","overlay-color":"","overlay-opacity":"","overlay-gradient":""},"tablet":{"background-color":"","background-image":"","background-repeat":"repeat","background-position":"center center","background-size":"auto","background-attachment":"scroll","background-type":"","background-media":"","overlay-type":"","overlay-color":"","overlay-opacity":"","overlay-gradient":""},"mobile":{"background-color":"","background-image":"","background-repeat":"repeat","background-position":"center center","background-size":"auto","background-attachment":"scroll","background-type":"","background-media":"","overlay-type":"","overlay-color":"","overlay-opacity":"","overlay-gradient":""}},"ast-content-background-meta":{"desktop":{"background-color":"var(--ast-global-color-5)","background-image":"","background-repeat":"repeat","background-position":"center center","background-size":"auto","background-attachment":"scroll","background-type":"","background-media":"","overlay-type":"","overlay-color":"","overlay-opacity":"","overlay-gradient":""},"tablet":{"background-color":"var(--ast-global-color-5)","background-image":"","background-repeat":"repeat","background-position":"center center","background-size":"auto","background-attachment":"scroll","background-type":"","background-media":"","overlay-type":"","overlay-color":"","overlay-opacity":"","overlay-gradient":""},"mobile":{"background-color":"var(--ast-global-color-5)","background-image":"","background-repeat":"repeat","background-position":"center center","background-size":"auto","background-attachment":"scroll","background-type":"","background-media":"","overlay-type":"","overlay-color":"","overlay-opacity":"","overlay-gradient":""}}},"product_brand":[],"product_cat":[36,32],"product_tag":[],"class_list":{"0":"post-45755","1":"product","2":"type-product","3":"status-publish","4":"has-post-thumbnail","6":"product_cat-krzesla-taborety","7":"product_cat-meble","8":"product_shipping_class-wysylka-70zl","9":"desktop-align-left","10":"tablet-align-left","11":"mobile-align-left","12":"ast-product-gallery-layout-vertical-slider","13":"ast-product-tabs-layout-horizontal","14":"ast-qv-on-image","16":"first","17":"instock","18":"sale","19":"shipping-taxable","20":"purchasable","21":"product-type-simple"},"_links":{"self":[{"href":"https:\/\/antart.com.pl\/en\/wp-json\/wp\/v2\/product\/45755","targetHints":{"allow":["GET"]}}],"collection":[{"href":"https:\/\/antart.com.pl\/en\/wp-json\/wp\/v2\/product"}],"about":[{"href":"https:\/\/antart.com.pl\/en\/wp-json\/wp\/v2\/types\/product"}],"wp:featuredmedia":[{"embeddable":true,"href":"https:\/\/antart.com.pl\/en\/wp-json\/wp\/v2\/media\/45758"}],"wp:attachment":[{"href":"https:\/\/antart.com.pl\/en\/wp-json\/wp\/v2\/media?parent=45755"}],"wp:term":[{"taxonomy":"product_brand","embeddable":true,"href":"https:\/\/antart.com.pl\/en\/wp-json\/wp\/v2\/product_brand?post=45755"},{"taxonomy":"product_cat","embeddable":true,"href":"https:\/\/antart.com.pl\/en\/wp-json\/wp\/v2\/product_cat?post=45755"},{"taxonomy":"product_tag","embeddable":true,"href":"https:\/\/antart.com.pl\/en\/wp-json\/wp\/v2\/product_tag?post=45755"}],"curies":[{"name":"wp","href":"https:\/\/api.w.org\/{rel}","templated":true}]}}