{"id":45920,"date":"2025-10-05T09:50:16","date_gmt":"2025-10-05T07:50:16","guid":{"rendered":"https:\/\/antart.com.pl\/?post_type=product&#038;p=45920"},"modified":"2025-10-05T09:50:17","modified_gmt":"2025-10-05T07:50:17","slug":"set-of-duo-oak-tables","status":"publish","type":"product","link":"https:\/\/antart.com.pl\/en\/produkt\/komplet-stolikow-duo-debowych\/","title":{"rendered":"Set of oak duo tables"},"content":{"rendered":"<h4 style=\"text-align: center;\"><em><strong>Set of duo oak tables.<\/strong><\/em><\/h4>\n<h4 style=\"text-align: center;\"><em><strong>A set of two vintage style wooden coffee tables made of oak.  The tables are in used condition but still look aesthetically pleasing. They can be an interesting decorative element in the living room or any other room.<\/strong><\/em><\/h4>\n<h4><em><strong>Dimensions:<\/strong><\/em><\/h4>\n<h4><em><strong>1 table<\/strong><\/em><\/h4>\n<ul>\n<li>\n<h4><em><strong>length: 50cm<\/strong><\/em><\/h4>\n<\/li>\n<li>\n<h4><em><strong>width:33 cm<\/strong><\/em><\/h4>\n<\/li>\n<li>\n<h4><em><strong>height: 39 cm<\/strong><\/em><\/h4>\n<\/li>\n<\/ul>\n<h4><em><strong>2 table<\/strong><\/em><\/h4>\n<ul>\n<li>\n<h4><em><strong>length: 40 cm<\/strong><\/em><\/h4>\n<\/li>\n<li>\n<h4><em><strong>width: 30 cm<\/strong><\/em><\/h4>\n<\/li>\n<li>\n<h4><em><strong>height: 37 cm<\/strong><\/em><\/h4>\n<\/li>\n<\/ul>\n<h4 style=\"text-align: center;\"><em><strong>NOTE!!!<\/strong><\/em><\/h4>\n<h4 style=\"text-align: center;\"><em><strong>For the sake of safe delivery, in some cases we organise bulk or individual shipping.<\/strong><\/em><\/h4>\n<h4 style=\"text-align: center;\"><em><strong>****************************************<\/strong><\/em><\/h4>\n<h4 style=\"text-align: center;\"><em><strong>The photos show the actual state of the object<\/strong><\/em><\/h4>\n<h4 style=\"text-align: center;\"><em><strong>Additional photos upon request<\/strong><\/em><\/h4>\n<h4 style=\"text-align: center;\"><em><strong>All our items on display are available in our warehouse.<\/strong><\/em><\/h4>\n<h4 style=\"text-align: center;\"><em><strong>Can be viewed by appointment.<\/strong><\/em><\/h4>\n<h4><em><strong>No.10180<\/strong><\/em><\/h4>","protected":false},"excerpt":{"rendered":"<p>Komplet Stolik\u00f3w duo d\u0119bowych. Zestaw dw\u00f3ch drewnianych stolik\u00f3w kawowych w stylu vintage, wykonanych z d\u0119bu.\u00a0 Stoliki s\u0105 w stanie u\u017cywanym, ale nadal prezentuj\u0105 si\u0119 estetycznie. Mog\u0105 stanowi\u0107 ciekawy element dekoracyjny w salonie lub innym pomieszczeniu. Wymiary: 1 stolik d\u0142ugo\u015b\u0107: 50cm szeroko\u015b\u0107:33 cm wysoko\u015b\u0107: 39 cm 2 stolik d\u0142ugo\u015b\u0107: 40 cm szeroko\u015b\u0107: 30 cm wysoko\u015b\u0107: 37 [&hellip;]<\/p>\n","protected":false},"featured_media":45883,"template":"","meta":{"_seopress_robots_primary_cat":"","_seopress_titles_title":"","_seopress_titles_desc":"","_seopress_robots_index":"","site-sidebar-layout":"default","site-content-layout":"","ast-site-content-layout":"default","site-content-style":"default","site-sidebar-style":"default","ast-global-header-display":"","ast-banner-title-visibility":"","ast-main-header-display":"","ast-hfb-above-header-display":"","ast-hfb-below-header-display":"","ast-hfb-mobile-header-display":"","site-post-title":"","ast-breadcrumbs-content":"","ast-featured-img":"","footer-sml-layout":"","ast-disable-related-posts":"","theme-transparent-header-meta":"default","adv-header-id-meta":"","stick-header-meta":"default","header-above-stick-meta":"","header-main-stick-meta":"","header-below-stick-meta":"","astra-migrate-meta-layouts":"set","ast-page-background-enabled":"default","ast-page-background-meta":{"desktop":{"background-color":"var(--ast-global-color-4)","background-image":"","background-repeat":"repeat","background-position":"center center","background-size":"auto","background-attachment":"scroll","background-type":"","background-media":"","overlay-type":"","overlay-color":"","overlay-opacity":"","overlay-gradient":""},"tablet":{"background-color":"","background-image":"","background-repeat":"repeat","background-position":"center center","background-size":"auto","background-attachment":"scroll","background-type":"","background-media":"","overlay-type":"","overlay-color":"","overlay-opacity":"","overlay-gradient":""},"mobile":{"background-color":"","background-image":"","background-repeat":"repeat","background-position":"center center","background-size":"auto","background-attachment":"scroll","background-type":"","background-media":"","overlay-type":"","overlay-color":"","overlay-opacity":"","overlay-gradient":""}},"ast-content-background-meta":{"desktop":{"background-color":"var(--ast-global-color-5)","background-image":"","background-repeat":"repeat","background-position":"center center","background-size":"auto","background-attachment":"scroll","background-type":"","background-media":"","overlay-type":"","overlay-color":"","overlay-opacity":"","overlay-gradient":""},"tablet":{"background-color":"var(--ast-global-color-5)","background-image":"","background-repeat":"repeat","background-position":"center center","background-size":"auto","background-attachment":"scroll","background-type":"","background-media":"","overlay-type":"","overlay-color":"","overlay-opacity":"","overlay-gradient":""},"mobile":{"background-color":"var(--ast-global-color-5)","background-image":"","background-repeat":"repeat","background-position":"center center","background-size":"auto","background-attachment":"scroll","background-type":"","background-media":"","overlay-type":"","overlay-color":"","overlay-opacity":"","overlay-gradient":""}}},"product_brand":[],"product_cat":[32,33],"product_tag":[],"class_list":{"0":"post-45920","1":"product","2":"type-product","3":"status-publish","4":"has-post-thumbnail","6":"product_cat-meble","7":"product_cat-stoly-stoliki","8":"product_shipping_class-wysylka-50zl","9":"desktop-align-left","10":"tablet-align-left","11":"mobile-align-left","12":"ast-product-gallery-layout-vertical-slider","13":"ast-product-tabs-layout-horizontal","14":"ast-qv-on-image","16":"first","17":"instock","18":"sold-individually","19":"shipping-taxable","20":"purchasable","21":"product-type-simple"},"_links":{"self":[{"href":"https:\/\/antart.com.pl\/en\/wp-json\/wp\/v2\/product\/45920","targetHints":{"allow":["GET"]}}],"collection":[{"href":"https:\/\/antart.com.pl\/en\/wp-json\/wp\/v2\/product"}],"about":[{"href":"https:\/\/antart.com.pl\/en\/wp-json\/wp\/v2\/types\/product"}],"wp:featuredmedia":[{"embeddable":true,"href":"https:\/\/antart.com.pl\/en\/wp-json\/wp\/v2\/media\/45883"}],"wp:attachment":[{"href":"https:\/\/antart.com.pl\/en\/wp-json\/wp\/v2\/media?parent=45920"}],"wp:term":[{"taxonomy":"product_brand","embeddable":true,"href":"https:\/\/antart.com.pl\/en\/wp-json\/wp\/v2\/product_brand?post=45920"},{"taxonomy":"product_cat","embeddable":true,"href":"https:\/\/antart.com.pl\/en\/wp-json\/wp\/v2\/product_cat?post=45920"},{"taxonomy":"product_tag","embeddable":true,"href":"https:\/\/antart.com.pl\/en\/wp-json\/wp\/v2\/product_tag?post=45920"}],"curies":[{"name":"wp","href":"https:\/\/api.w.org\/{rel}","templated":true}]}}