{"id":46035,"date":"2025-10-05T11:49:23","date_gmt":"2025-10-05T09:49:23","guid":{"rendered":"https:\/\/antart.com.pl\/?post_type=product&#038;p=46035"},"modified":"2025-10-05T11:49:24","modified_gmt":"2025-10-05T09:49:24","slug":"antique-cabinet-from-the-xixth-century-in-the-style-of-a-country-house-solid-oak-wood","status":"publish","type":"product","link":"https:\/\/antart.com.pl\/en\/produkt\/szafka-antyczna-z-xix-wieku-w-stylu-wiejskiego-dworu-lite-drewno-debowe\/","title":{"rendered":"Antique cabinet from the 19th century in the style of a country house solid oak wood"},"content":{"rendered":"<h4 style=\"text-align: center;\"><em><strong>Antique cabinet from the 19th century in the style of a country house solid oak wood<\/strong><\/em><\/h4>\n<h4 style=\"text-align: center;\"><em><strong>A stylish antique 19th century court style sideboard. Made of solid oak wood, it has two glazed cupboards and two drawers. The whole is in a warm, natural shade of wood. The sideboard will be perfect as an interior decoration in a rustic or classic style.<\/strong><\/em><\/h4>\n<h4><em><strong>Dimensions:<\/strong><\/em><\/h4>\n<ul>\n<li><em><strong>length: 114cm<\/strong><\/em><\/li>\n<li><em><strong>depth: 40cm<\/strong><\/em><\/li>\n<li><em><strong>height: 171.5cm<\/strong><\/em><\/li>\n<\/ul>\n<h4><em><strong>Part of a glazed sideboard<\/strong><\/em><\/h4>\n<ul>\n<li><em><strong>length: 110cm<\/strong><\/em><\/li>\n<li><em><strong>depth: 32cm<\/strong><\/em><\/li>\n<li><em><strong>height: 87.5cm<\/strong><\/em><\/li>\n<\/ul>\n<h4 style=\"text-align: center;\"><em><strong>The photos show the actual state of the object<\/strong><\/em><\/h4>\n<h4 style=\"text-align: center;\"><em><strong>Additional photos upon request<\/strong><\/em><\/h4>\n<h4 style=\"text-align: center;\"><em><strong>All our items on display are available in our warehouse.<\/strong><\/em><\/h4>\n<h4 style=\"text-align: center;\"><em><strong>Can be viewed by appointment.<\/strong><\/em><\/h4>\n<h4><em><strong>NO. ART 10172<\/strong><\/em><\/h4>","protected":false},"excerpt":{"rendered":"<p>Szafka antyczna z XIX wieku w stylu wiejskiego dworu lite drewno d\u0119bowe Stylowy, zabytkowy kredens z XIX wieku w stylu dworskim. Wykonany z litego drewna d\u0119bowego, posiada dwie przeszklone szafki oraz dwie szuflady. Ca\u0142o\u015b\u0107 utrzymana w ciep\u0142ym, naturalnym odcieniu drewna. Kredens doskonale sprawdzi si\u0119 jako dekoracja wn\u0119trza w stylu rustykalnym lub klasycznym. Wymiary: d\u0142ugo\u015b\u0107: 114cm [&hellip;]<\/p>\n","protected":false},"featured_media":45994,"template":"","meta":{"_seopress_robots_primary_cat":"","_seopress_titles_title":"","_seopress_titles_desc":"","_seopress_robots_index":"","site-sidebar-layout":"default","site-content-layout":"","ast-site-content-layout":"default","site-content-style":"default","site-sidebar-style":"default","ast-global-header-display":"","ast-banner-title-visibility":"","ast-main-header-display":"","ast-hfb-above-header-display":"","ast-hfb-below-header-display":"","ast-hfb-mobile-header-display":"","site-post-title":"","ast-breadcrumbs-content":"","ast-featured-img":"","footer-sml-layout":"","ast-disable-related-posts":"","theme-transparent-header-meta":"default","adv-header-id-meta":"","stick-header-meta":"default","header-above-stick-meta":"","header-main-stick-meta":"","header-below-stick-meta":"","astra-migrate-meta-layouts":"set","ast-page-background-enabled":"default","ast-page-background-meta":{"desktop":{"background-color":"var(--ast-global-color-4)","background-image":"","background-repeat":"repeat","background-position":"center center","background-size":"auto","background-attachment":"scroll","background-type":"","background-media":"","overlay-type":"","overlay-color":"","overlay-opacity":"","overlay-gradient":""},"tablet":{"background-color":"","background-image":"","background-repeat":"repeat","background-position":"center center","background-size":"auto","background-attachment":"scroll","background-type":"","background-media":"","overlay-type":"","overlay-color":"","overlay-opacity":"","overlay-gradient":""},"mobile":{"background-color":"","background-image":"","background-repeat":"repeat","background-position":"center center","background-size":"auto","background-attachment":"scroll","background-type":"","background-media":"","overlay-type":"","overlay-color":"","overlay-opacity":"","overlay-gradient":""}},"ast-content-background-meta":{"desktop":{"background-color":"var(--ast-global-color-5)","background-image":"","background-repeat":"repeat","background-position":"center center","background-size":"auto","background-attachment":"scroll","background-type":"","background-media":"","overlay-type":"","overlay-color":"","overlay-opacity":"","overlay-gradient":""},"tablet":{"background-color":"var(--ast-global-color-5)","background-image":"","background-repeat":"repeat","background-position":"center center","background-size":"auto","background-attachment":"scroll","background-type":"","background-media":"","overlay-type":"","overlay-color":"","overlay-opacity":"","overlay-gradient":""},"mobile":{"background-color":"var(--ast-global-color-5)","background-image":"","background-repeat":"repeat","background-position":"center center","background-size":"auto","background-attachment":"scroll","background-type":"","background-media":"","overlay-type":"","overlay-color":"","overlay-opacity":"","overlay-gradient":""}}},"product_brand":[],"product_cat":[32,79],"product_tag":[],"class_list":{"0":"post-46035","1":"product","2":"type-product","3":"status-publish","4":"has-post-thumbnail","6":"product_cat-meble","7":"product_cat-serwantki-witryny","8":"product_shipping_class-wysylka-po-uzgodnieniu","9":"desktop-align-left","10":"tablet-align-left","11":"mobile-align-left","12":"ast-product-gallery-layout-vertical-slider","13":"ast-product-tabs-layout-horizontal","14":"ast-qv-on-image","16":"first","17":"instock","18":"sold-individually","19":"shipping-taxable","20":"purchasable","21":"product-type-simple"},"_links":{"self":[{"href":"https:\/\/antart.com.pl\/en\/wp-json\/wp\/v2\/product\/46035","targetHints":{"allow":["GET"]}}],"collection":[{"href":"https:\/\/antart.com.pl\/en\/wp-json\/wp\/v2\/product"}],"about":[{"href":"https:\/\/antart.com.pl\/en\/wp-json\/wp\/v2\/types\/product"}],"wp:featuredmedia":[{"embeddable":true,"href":"https:\/\/antart.com.pl\/en\/wp-json\/wp\/v2\/media\/45994"}],"wp:attachment":[{"href":"https:\/\/antart.com.pl\/en\/wp-json\/wp\/v2\/media?parent=46035"}],"wp:term":[{"taxonomy":"product_brand","embeddable":true,"href":"https:\/\/antart.com.pl\/en\/wp-json\/wp\/v2\/product_brand?post=46035"},{"taxonomy":"product_cat","embeddable":true,"href":"https:\/\/antart.com.pl\/en\/wp-json\/wp\/v2\/product_cat?post=46035"},{"taxonomy":"product_tag","embeddable":true,"href":"https:\/\/antart.com.pl\/en\/wp-json\/wp\/v2\/product_tag?post=46035"}],"curies":[{"name":"wp","href":"https:\/\/api.w.org\/{rel}","templated":true}]}}