{"id":46372,"date":"2025-10-09T08:53:41","date_gmt":"2025-10-09T06:53:41","guid":{"rendered":"https:\/\/antart.com.pl\/?post_type=product&#038;p=46372"},"modified":"2025-10-09T08:53:42","modified_gmt":"2025-10-09T06:53:42","slug":"bohemia-ruby-wine-glass","status":"publish","type":"product","link":"https:\/\/antart.com.pl\/en\/produkt\/kieliszek-do-wina-bohemia-ruby\/","title":{"rendered":"Bohemia Ruby wine glass"},"content":{"rendered":"<h4 style=\"text-align: center;\"><b>Vintage style wine glass, Egermann Bohemia Ruby, made from Czech art glass, coloured ruby red. The glass features an etched design depicting a castle, trees and a flying bird and decorative patterns on the top rim and base.<\/b><\/h4>\n<h4><\/h4>\n<h4><b>I have 2pcs for sale.<\/b><\/h4>\n<h4><b>Price is for 1pc.<\/b><\/h4>\n<h4><\/h4>\n<h4><b>Dimensions<\/b><\/h4>\n<ul>\n<li>\n<h4><b>Height: 13cm.<\/b><\/h4>\n<\/li>\n<li>\n<h4><b>Top diameter: 6cm.<\/b><\/h4>\n<\/li>\n<li>\n<h4><b>Base diameter: 7cm.<\/b><\/h4>\n<\/li>\n<li>\n<h4><b>Volume: 130ml.<\/b><\/h4>\n<\/li>\n<\/ul>\n<h4 style=\"text-align: center;\"><b>The photos show the actual state of the object<\/b><\/h4>\n<h4 style=\"text-align: center;\"><b>Additional photos upon request<\/b><\/h4>\n<h4 style=\"text-align: center;\"><b>All our items on display are available in our warehouse.<\/b><\/h4>\n<h4 style=\"text-align: center;\"><b>Can be viewed by appointment.<\/b><\/h4>\n<h4><\/h4>\n<h4><b>No. 5751<\/b><\/h4>","protected":false},"excerpt":{"rendered":"<p>Kieliszek do wina w stylu Vintage, Egermann Bohemia Ruby, wykonany z czeskiego szk\u0142a artystycznego, barwiony w kolorze rubionowo-czerwonym. Kieliszek posiada trawiony wz\u00f3r przedstawiaj\u0105cy zamek, drzewa i lataj\u0105cego ptaka oraz wzory dekoracyjne na g\u00f3rnej kraw\u0119dzi i podstawie. Posiadam w sprzeda\u017cy 2szt. Cena dotyczy 1szt. Wymiary Wysoko\u015b\u0107: 13cm. \u015arednica g\u00f3rna: 6cm. \u015arednica podstawy: 7cm. Poj: 130ml. Zdj\u0119cia [&hellip;]<\/p>\n","protected":false},"featured_media":46375,"template":"","meta":{"_seopress_robots_primary_cat":"","_seopress_titles_title":"","_seopress_titles_desc":"","_seopress_robots_index":"","site-sidebar-layout":"default","site-content-layout":"","ast-site-content-layout":"default","site-content-style":"default","site-sidebar-style":"default","ast-global-header-display":"","ast-banner-title-visibility":"","ast-main-header-display":"","ast-hfb-above-header-display":"","ast-hfb-below-header-display":"","ast-hfb-mobile-header-display":"","site-post-title":"","ast-breadcrumbs-content":"","ast-featured-img":"","footer-sml-layout":"","ast-disable-related-posts":"","theme-transparent-header-meta":"default","adv-header-id-meta":"","stick-header-meta":"default","header-above-stick-meta":"","header-main-stick-meta":"","header-below-stick-meta":"","astra-migrate-meta-layouts":"set","ast-page-background-enabled":"default","ast-page-background-meta":{"desktop":{"background-color":"var(--ast-global-color-4)","background-image":"","background-repeat":"repeat","background-position":"center center","background-size":"auto","background-attachment":"scroll","background-type":"","background-media":"","overlay-type":"","overlay-color":"","overlay-opacity":"","overlay-gradient":""},"tablet":{"background-color":"","background-image":"","background-repeat":"repeat","background-position":"center center","background-size":"auto","background-attachment":"scroll","background-type":"","background-media":"","overlay-type":"","overlay-color":"","overlay-opacity":"","overlay-gradient":""},"mobile":{"background-color":"","background-image":"","background-repeat":"repeat","background-position":"center center","background-size":"auto","background-attachment":"scroll","background-type":"","background-media":"","overlay-type":"","overlay-color":"","overlay-opacity":"","overlay-gradient":""}},"ast-content-background-meta":{"desktop":{"background-color":"var(--ast-global-color-5)","background-image":"","background-repeat":"repeat","background-position":"center center","background-size":"auto","background-attachment":"scroll","background-type":"","background-media":"","overlay-type":"","overlay-color":"","overlay-opacity":"","overlay-gradient":""},"tablet":{"background-color":"var(--ast-global-color-5)","background-image":"","background-repeat":"repeat","background-position":"center center","background-size":"auto","background-attachment":"scroll","background-type":"","background-media":"","overlay-type":"","overlay-color":"","overlay-opacity":"","overlay-gradient":""},"mobile":{"background-color":"var(--ast-global-color-5)","background-image":"","background-repeat":"repeat","background-position":"center center","background-size":"auto","background-attachment":"scroll","background-type":"","background-media":"","overlay-type":"","overlay-color":"","overlay-opacity":"","overlay-gradient":""}}},"product_brand":[],"product_cat":[53,24],"product_tag":[],"class_list":{"0":"post-46372","1":"product","2":"type-product","3":"status-publish","4":"has-post-thumbnail","6":"product_cat-kieliszki","7":"product_cat-kuchnia","8":"product_shipping_class-wysylka-19zl","9":"desktop-align-left","10":"tablet-align-left","11":"mobile-align-left","12":"ast-product-gallery-layout-vertical-slider","13":"ast-product-tabs-layout-horizontal","14":"ast-qv-on-image","16":"first","17":"instock","18":"shipping-taxable","19":"purchasable","20":"product-type-simple"},"_links":{"self":[{"href":"https:\/\/antart.com.pl\/en\/wp-json\/wp\/v2\/product\/46372","targetHints":{"allow":["GET"]}}],"collection":[{"href":"https:\/\/antart.com.pl\/en\/wp-json\/wp\/v2\/product"}],"about":[{"href":"https:\/\/antart.com.pl\/en\/wp-json\/wp\/v2\/types\/product"}],"wp:featuredmedia":[{"embeddable":true,"href":"https:\/\/antart.com.pl\/en\/wp-json\/wp\/v2\/media\/46375"}],"wp:attachment":[{"href":"https:\/\/antart.com.pl\/en\/wp-json\/wp\/v2\/media?parent=46372"}],"wp:term":[{"taxonomy":"product_brand","embeddable":true,"href":"https:\/\/antart.com.pl\/en\/wp-json\/wp\/v2\/product_brand?post=46372"},{"taxonomy":"product_cat","embeddable":true,"href":"https:\/\/antart.com.pl\/en\/wp-json\/wp\/v2\/product_cat?post=46372"},{"taxonomy":"product_tag","embeddable":true,"href":"https:\/\/antart.com.pl\/en\/wp-json\/wp\/v2\/product_tag?post=46372"}],"curies":[{"name":"wp","href":"https:\/\/api.w.org\/{rel}","templated":true}]}}