{"id":46715,"date":"2025-10-12T11:25:55","date_gmt":"2025-10-12T09:25:55","guid":{"rendered":"https:\/\/antart.com.pl\/?post_type=product&#038;p=46715"},"modified":"2025-10-12T11:25:56","modified_gmt":"2025-10-12T09:25:56","slug":"english-style-bookcase-from-the-1960s-70s","status":"publish","type":"product","link":"https:\/\/antart.com.pl\/en\/produkt\/witryna-regal-w-stylu-angielskim-z-lat-60-70-tych\/","title":{"rendered":"Showcase, English-style bookcase from the 1960s\/70s"},"content":{"rendered":"<h4 style=\"text-align: center;\">Showcase, English-style bookcase from the 1960s\/70s<\/h4>\n<h4 style=\"text-align: center;\">A stylish 1970s English walnut coloured bookcase. It has capacious cabinets and shelves for convenient storage of books or other items. Its solid construction and elegant design will make it a beautiful decoration for any interior.<\/h4>\n<h4 style=\"text-align: center;\">The bookcase has damage at the base.<\/h4>\n<h4 style=\"text-align: center;\">No key.<\/h4>\n<p>&nbsp;<\/p>\n<h4><b>Dimensions:<\/b><\/h4>\n<ul>\n<li>\n<h4>height: 197 cm<\/h4>\n<\/li>\n<li>\n<h4>width: 90 cm<\/h4>\n<\/li>\n<li>\n<h4>depth: 31 cm<\/h4>\n<\/li>\n<\/ul>\n<h4 style=\"text-align: center;\"><b>NOTE!!!<\/b><\/h4>\n<h4 style=\"text-align: center;\"><b>For the sake of safe delivery, in some cases we organise bulk or individual shipping.<\/b><\/h4>\n<h4 style=\"text-align: center;\"><b>***********************************************<\/b><\/h4>\n<h4 style=\"text-align: center;\"><b>The photos show the actual state of the object<\/b><\/h4>\n<h4 style=\"text-align: center;\"><b>Additional photos upon request<\/b><\/h4>\n<h4 style=\"text-align: center;\"><b>All our items on display are available in our warehouse.<\/b><\/h4>\n<h4 style=\"text-align: center;\"><b>Can be viewed by appointment.<\/b><\/h4>\n<h4><b>Order no. 10060<\/b><\/h4>","protected":false},"excerpt":{"rendered":"<p>Witryna, rega\u0142 w stylu angielskim \u00a0z lat 60\/70-tych Stylowy, angielski rega\u0142 w kolorze orzechowym z lat 70-tych. Posiada pojemne szafki i p\u00f3\u0142ki, kt\u00f3re pozwol\u0105 na wygodne przechowywanie ksi\u0105\u017cek lub innych przedmiot\u00f3w. Solidna konstrukcja i elegancki design sprawi\u0105, \u017ce b\u0119dzie on pi\u0119kn\u0105 ozdob\u0105 ka\u017cdego wn\u0119trza. Rega\u0142 posiada uszkodzenia przy podstawie. Brak kluczyka. &nbsp; Wymiary: wysoko\u015b\u0107: 197 [&hellip;]<\/p>\n","protected":false},"featured_media":46717,"template":"","meta":{"_seopress_robots_primary_cat":"","_seopress_titles_title":"","_seopress_titles_desc":"","_seopress_robots_index":"","site-sidebar-layout":"default","site-content-layout":"","ast-site-content-layout":"default","site-content-style":"default","site-sidebar-style":"default","ast-global-header-display":"","ast-banner-title-visibility":"","ast-main-header-display":"","ast-hfb-above-header-display":"","ast-hfb-below-header-display":"","ast-hfb-mobile-header-display":"","site-post-title":"","ast-breadcrumbs-content":"","ast-featured-img":"","footer-sml-layout":"","ast-disable-related-posts":"","theme-transparent-header-meta":"default","adv-header-id-meta":"","stick-header-meta":"default","header-above-stick-meta":"","header-main-stick-meta":"","header-below-stick-meta":"","astra-migrate-meta-layouts":"set","ast-page-background-enabled":"default","ast-page-background-meta":{"desktop":{"background-color":"var(--ast-global-color-4)","background-image":"","background-repeat":"repeat","background-position":"center center","background-size":"auto","background-attachment":"scroll","background-type":"","background-media":"","overlay-type":"","overlay-color":"","overlay-opacity":"","overlay-gradient":""},"tablet":{"background-color":"","background-image":"","background-repeat":"repeat","background-position":"center center","background-size":"auto","background-attachment":"scroll","background-type":"","background-media":"","overlay-type":"","overlay-color":"","overlay-opacity":"","overlay-gradient":""},"mobile":{"background-color":"","background-image":"","background-repeat":"repeat","background-position":"center center","background-size":"auto","background-attachment":"scroll","background-type":"","background-media":"","overlay-type":"","overlay-color":"","overlay-opacity":"","overlay-gradient":""}},"ast-content-background-meta":{"desktop":{"background-color":"var(--ast-global-color-5)","background-image":"","background-repeat":"repeat","background-position":"center center","background-size":"auto","background-attachment":"scroll","background-type":"","background-media":"","overlay-type":"","overlay-color":"","overlay-opacity":"","overlay-gradient":""},"tablet":{"background-color":"var(--ast-global-color-5)","background-image":"","background-repeat":"repeat","background-position":"center center","background-size":"auto","background-attachment":"scroll","background-type":"","background-media":"","overlay-type":"","overlay-color":"","overlay-opacity":"","overlay-gradient":""},"mobile":{"background-color":"var(--ast-global-color-5)","background-image":"","background-repeat":"repeat","background-position":"center center","background-size":"auto","background-attachment":"scroll","background-type":"","background-media":"","overlay-type":"","overlay-color":"","overlay-opacity":"","overlay-gradient":""}}},"product_brand":[],"product_cat":[92,32,102],"product_tag":[],"class_list":{"0":"post-46715","1":"product","2":"type-product","3":"status-publish","4":"has-post-thumbnail","6":"product_cat-biblioteka","7":"product_cat-meble","8":"product_cat-regaly","9":"product_shipping_class-wysylka-po-uzgodnieniu","10":"desktop-align-left","11":"tablet-align-left","12":"mobile-align-left","13":"ast-product-gallery-layout-vertical-slider","14":"ast-product-tabs-layout-horizontal","15":"ast-qv-on-image","17":"first","18":"instock","19":"sold-individually","20":"shipping-taxable","21":"purchasable","22":"product-type-simple"},"_links":{"self":[{"href":"https:\/\/antart.com.pl\/en\/wp-json\/wp\/v2\/product\/46715","targetHints":{"allow":["GET"]}}],"collection":[{"href":"https:\/\/antart.com.pl\/en\/wp-json\/wp\/v2\/product"}],"about":[{"href":"https:\/\/antart.com.pl\/en\/wp-json\/wp\/v2\/types\/product"}],"wp:featuredmedia":[{"embeddable":true,"href":"https:\/\/antart.com.pl\/en\/wp-json\/wp\/v2\/media\/46717"}],"wp:attachment":[{"href":"https:\/\/antart.com.pl\/en\/wp-json\/wp\/v2\/media?parent=46715"}],"wp:term":[{"taxonomy":"product_brand","embeddable":true,"href":"https:\/\/antart.com.pl\/en\/wp-json\/wp\/v2\/product_brand?post=46715"},{"taxonomy":"product_cat","embeddable":true,"href":"https:\/\/antart.com.pl\/en\/wp-json\/wp\/v2\/product_cat?post=46715"},{"taxonomy":"product_tag","embeddable":true,"href":"https:\/\/antart.com.pl\/en\/wp-json\/wp\/v2\/product_tag?post=46715"}],"curies":[{"name":"wp","href":"https:\/\/api.w.org\/{rel}","templated":true}]}}