{"id":46754,"date":"2025-10-12T11:54:40","date_gmt":"2025-10-12T09:54:40","guid":{"rendered":"https:\/\/antart.com.pl\/?post_type=product&#038;p=46754"},"modified":"2025-10-12T11:54:41","modified_gmt":"2025-10-12T09:54:41","slug":"xixth-century-china-wooden-chest-of-drawers","status":"publish","type":"product","link":"https:\/\/antart.com.pl\/en\/produkt\/witryna-komoda-drewniana-chinska-z-xix-wieku\/","title":{"rendered":"Display case, 19th century Chinese wooden chest of drawers"},"content":{"rendered":"<h4 style=\"text-align: center;\"><strong><em>Display case, 19th century Chinese wooden chest of drawers<\/em><\/strong><\/h4>\n<h4 style=\"text-align: center;\"><strong><em>A stylish 19th century Chinese wooden sideboard with drawers. It has a distinctive dark wooden construction with visible signs of use. It makes an interesting interior design element with an oriental character.<\/em><\/strong><\/h4>\n<h4 style=\"text-align: center;\"><strong><em>Showcase made of solid exotic wood.<\/em><\/strong><\/h4>\n<h4 style=\"text-align: center;\"><strong><em>Brass fittings.<\/em><\/strong><\/h4>\n<h4><\/h4>\n<h4><\/h4>\n<h4><strong><em>Dimensions:<\/em><\/strong><\/h4>\n<ul>\n<li>\n<h4><strong><em>height: 176 cm<\/em><\/strong><\/h4>\n<\/li>\n<li>\n<h4><strong><em>width: 107 cm<\/em><\/strong><\/h4>\n<\/li>\n<li>\n<h4><strong><em>depth: 46 cm<\/em><\/strong><\/h4>\n<\/li>\n<\/ul>\n<h4><strong><em>3 x drawers<\/em><\/strong><\/h4>\n<ul>\n<li>\n<h4><strong><em>height: 9 cm<\/em><\/strong><\/h4>\n<\/li>\n<li>\n<h4><strong><em>width: 25.5 cm<\/em><\/strong><\/h4>\n<\/li>\n<li>\n<h4><strong><em>depth: 30.5 cm<\/em><\/strong><\/h4>\n<\/li>\n<\/ul>\n<h4><strong><em>2x drawers<\/em><\/strong><\/h4>\n<ul>\n<li>\n<h4><strong><em>height: 7 cm<\/em><\/strong><\/h4>\n<\/li>\n<li>\n<h4><strong><em>width: 38 cm<\/em><\/strong><\/h4>\n<\/li>\n<li>\n<h4><strong><em>depth: 29.5 cm<\/em><\/strong><\/h4>\n<\/li>\n<\/ul>\n<h4 style=\"text-align: center;\"><strong><em>NOTE!!!<\/em><\/strong><\/h4>\n<h4 style=\"text-align: center;\"><strong><em>For the sake of safe delivery, in some cases we organise bulk or individual shipping.<\/em><\/strong><\/h4>\n<h4 style=\"text-align: center;\"><strong><em>***********************************************<\/em><\/strong><\/h4>\n<h4 style=\"text-align: center;\"><strong><em>The photos show the actual state of the object<\/em><\/strong><\/h4>\n<h4 style=\"text-align: center;\"><strong><em>Additional photos upon request<\/em><\/strong><\/h4>\n<h4 style=\"text-align: center;\"><strong><em>All our items on display are available in our warehouse.<\/em><\/strong><\/h4>\n<h4 style=\"text-align: center;\"><strong><em>Can be viewed by appointment.<\/em><\/strong><\/h4>\n<h4><strong><em>Order no. 10062<\/em><\/strong><\/h4>","protected":false},"excerpt":{"rendered":"<p>Witryna, komoda drewniana chi\u0144ska z XIX wieku Stylowy, chi\u0144ski drewniany kredens z szufladami z XIX wieku. Posiada charakterystyczn\u0105, ciemn\u0105, drewnian\u0105 konstrukcj\u0119 z widocznymi \u015bladami u\u017cytkowania. Stanowi ciekawy element wystroju wn\u0119trza o orientalnym charakterze. Witryna wykonana z masywnego drewna egzotycznego. Okucia mosi\u0119\u017cne. Wymiary: wysoko\u015b\u0107: 176 cm szeroko\u015b\u0107: 107 cm g\u0142\u0119boko\u015b\u0107: 46 cm 3 x szuflady wysoko\u015b\u0107: [&hellip;]<\/p>\n","protected":false},"featured_media":46755,"template":"","meta":{"_seopress_robots_primary_cat":"","_seopress_titles_title":"","_seopress_titles_desc":"","_seopress_robots_index":"","site-sidebar-layout":"default","site-content-layout":"","ast-site-content-layout":"default","site-content-style":"default","site-sidebar-style":"default","ast-global-header-display":"","ast-banner-title-visibility":"","ast-main-header-display":"","ast-hfb-above-header-display":"","ast-hfb-below-header-display":"","ast-hfb-mobile-header-display":"","site-post-title":"","ast-breadcrumbs-content":"","ast-featured-img":"","footer-sml-layout":"","ast-disable-related-posts":"","theme-transparent-header-meta":"default","adv-header-id-meta":"","stick-header-meta":"default","header-above-stick-meta":"","header-main-stick-meta":"","header-below-stick-meta":"","astra-migrate-meta-layouts":"set","ast-page-background-enabled":"default","ast-page-background-meta":{"desktop":{"background-color":"var(--ast-global-color-4)","background-image":"","background-repeat":"repeat","background-position":"center center","background-size":"auto","background-attachment":"scroll","background-type":"","background-media":"","overlay-type":"","overlay-color":"","overlay-opacity":"","overlay-gradient":""},"tablet":{"background-color":"","background-image":"","background-repeat":"repeat","background-position":"center center","background-size":"auto","background-attachment":"scroll","background-type":"","background-media":"","overlay-type":"","overlay-color":"","overlay-opacity":"","overlay-gradient":""},"mobile":{"background-color":"","background-image":"","background-repeat":"repeat","background-position":"center center","background-size":"auto","background-attachment":"scroll","background-type":"","background-media":"","overlay-type":"","overlay-color":"","overlay-opacity":"","overlay-gradient":""}},"ast-content-background-meta":{"desktop":{"background-color":"var(--ast-global-color-5)","background-image":"","background-repeat":"repeat","background-position":"center center","background-size":"auto","background-attachment":"scroll","background-type":"","background-media":"","overlay-type":"","overlay-color":"","overlay-opacity":"","overlay-gradient":""},"tablet":{"background-color":"var(--ast-global-color-5)","background-image":"","background-repeat":"repeat","background-position":"center center","background-size":"auto","background-attachment":"scroll","background-type":"","background-media":"","overlay-type":"","overlay-color":"","overlay-opacity":"","overlay-gradient":""},"mobile":{"background-color":"var(--ast-global-color-5)","background-image":"","background-repeat":"repeat","background-position":"center center","background-size":"auto","background-attachment":"scroll","background-type":"","background-media":"","overlay-type":"","overlay-color":"","overlay-opacity":"","overlay-gradient":""}}},"product_brand":[],"product_cat":[37,32,102,79],"product_tag":[],"class_list":{"0":"post-46754","1":"product","2":"type-product","3":"status-publish","4":"has-post-thumbnail","6":"product_cat-komody","7":"product_cat-meble","8":"product_cat-regaly","9":"product_cat-serwantki-witryny","10":"product_shipping_class-wysylka-po-uzgodnieniu","11":"desktop-align-left","12":"tablet-align-left","13":"mobile-align-left","14":"ast-product-gallery-layout-vertical-slider","15":"ast-product-tabs-layout-horizontal","16":"ast-qv-on-image","18":"first","19":"instock","20":"sold-individually","21":"shipping-taxable","22":"purchasable","23":"product-type-simple"},"_links":{"self":[{"href":"https:\/\/antart.com.pl\/en\/wp-json\/wp\/v2\/product\/46754","targetHints":{"allow":["GET"]}}],"collection":[{"href":"https:\/\/antart.com.pl\/en\/wp-json\/wp\/v2\/product"}],"about":[{"href":"https:\/\/antart.com.pl\/en\/wp-json\/wp\/v2\/types\/product"}],"wp:featuredmedia":[{"embeddable":true,"href":"https:\/\/antart.com.pl\/en\/wp-json\/wp\/v2\/media\/46755"}],"wp:attachment":[{"href":"https:\/\/antart.com.pl\/en\/wp-json\/wp\/v2\/media?parent=46754"}],"wp:term":[{"taxonomy":"product_brand","embeddable":true,"href":"https:\/\/antart.com.pl\/en\/wp-json\/wp\/v2\/product_brand?post=46754"},{"taxonomy":"product_cat","embeddable":true,"href":"https:\/\/antart.com.pl\/en\/wp-json\/wp\/v2\/product_cat?post=46754"},{"taxonomy":"product_tag","embeddable":true,"href":"https:\/\/antart.com.pl\/en\/wp-json\/wp\/v2\/product_tag?post=46754"}],"curies":[{"name":"wp","href":"https:\/\/api.w.org\/{rel}","templated":true}]}}