{"id":46793,"date":"2025-10-12T12:45:24","date_gmt":"2025-10-12T10:45:24","guid":{"rendered":"https:\/\/antart.com.pl\/?post_type=product&#038;p=46793"},"modified":"2025-10-12T12:45:25","modified_gmt":"2025-10-12T10:45:25","slug":"duncan-display-cabinet-xl-in-1980s-teak-2","status":"publish","type":"product","link":"https:\/\/antart.com.pl\/en\/produkt\/witryna-dunska-gablota-podswietlana-xl-z-teku-z-lat-80-tych-2\/","title":{"rendered":"Showcase, Danish XL illuminated display case in teak from the 1980s"},"content":{"rendered":"<h4 style=\"text-align: center;\"><em><strong>Showcase, Danish XL illuminated display case in teak from the 1980s<\/strong><\/em><\/h4>\n<h4 style=\"text-align: center;\"><em><strong>A stylish 1980s Danish-style wooden illuminated display cabinet. Made of warm, natural teak wood. Perfect as decoration or for displaying items.<\/strong><\/em><\/h4>\n<h4 style=\"text-align: center;\"><em><strong>Glazing made of bevelled glass.<\/strong><\/em><\/h4>\n<h4><em><strong>Dimensions:<\/strong><\/em><\/h4>\n<ul>\n<li>\n<h4><em><strong>height: 198 cm<\/strong><\/em><\/h4>\n<\/li>\n<li>\n<h4><em><strong>width: 100 cm<\/strong><\/em><\/h4>\n<\/li>\n<li>\n<h4><em><strong>depth: 50 cm<\/strong><\/em><\/h4>\n<\/li>\n<li>\n<h4><em><strong>depth of shelves: 35cm<\/strong><\/em><\/h4>\n<\/li>\n<\/ul>\n<h4 style=\"text-align: center;\"><em><strong>NOTE!!!<\/strong><\/em><\/h4>\n<h4 style=\"text-align: center;\"><em><strong>For the sake of safe delivery, in some cases we organise bulk or individual shipping.<\/strong><\/em><\/h4>\n<h4 style=\"text-align: center;\"><em><strong>*************************************************************<\/strong><\/em><\/h4>\n<h4 style=\"text-align: center;\"><em><strong>The photos show the actual state of the object<\/strong><\/em><\/h4>\n<h4 style=\"text-align: center;\"><em><strong>Additional photos upon request<\/strong><\/em><\/h4>\n<h4 style=\"text-align: center;\"><em><strong>All our items on display are available in our warehouse.<\/strong><\/em><\/h4>\n<h4 style=\"text-align: center;\"><em><strong>Can be viewed by appointment.<\/strong><\/em><\/h4>\n<h4><em><strong>Order no. 10064<\/strong><\/em><\/h4>","protected":false},"excerpt":{"rendered":"<p>Witryna, du\u0144ska gablota pod\u015bwietlana XL z teku \u00a0z lat 80-tych Stylowy, drewniany, pod\u015bwietlany szafka wystawowa w stylu du\u0144skim z lat 80-tych. Wykonana z ciep\u0142ego, naturalnego drewna tekowego. Doskona\u0142a jako dekoracja lub do ekspozycji przedmiot\u00f3w. Szyby wykonane ze szk\u0142a fazowanego. Wymiary: wysoko\u015b\u0107: 198 cm szeroko\u015b\u0107: 100 cm g\u0142\u0119boko\u015b\u0107: 50 cm g\u0142\u0119boko\u015b\u0107 p\u00f3\u0142ek: 35cm UWAGA!! Ze wzgl\u0119du [&hellip;]<\/p>\n","protected":false},"featured_media":46795,"template":"","meta":{"_seopress_robots_primary_cat":"","_seopress_titles_title":"","_seopress_titles_desc":"","_seopress_robots_index":"","site-sidebar-layout":"default","site-content-layout":"","ast-site-content-layout":"default","site-content-style":"default","site-sidebar-style":"default","ast-global-header-display":"","ast-banner-title-visibility":"","ast-main-header-display":"","ast-hfb-above-header-display":"","ast-hfb-below-header-display":"","ast-hfb-mobile-header-display":"","site-post-title":"","ast-breadcrumbs-content":"","ast-featured-img":"","footer-sml-layout":"","ast-disable-related-posts":"","theme-transparent-header-meta":"default","adv-header-id-meta":"","stick-header-meta":"default","header-above-stick-meta":"","header-main-stick-meta":"","header-below-stick-meta":"","astra-migrate-meta-layouts":"set","ast-page-background-enabled":"default","ast-page-background-meta":{"desktop":{"background-color":"var(--ast-global-color-4)","background-image":"","background-repeat":"repeat","background-position":"center center","background-size":"auto","background-attachment":"scroll","background-type":"","background-media":"","overlay-type":"","overlay-color":"","overlay-opacity":"","overlay-gradient":""},"tablet":{"background-color":"","background-image":"","background-repeat":"repeat","background-position":"center center","background-size":"auto","background-attachment":"scroll","background-type":"","background-media":"","overlay-type":"","overlay-color":"","overlay-opacity":"","overlay-gradient":""},"mobile":{"background-color":"","background-image":"","background-repeat":"repeat","background-position":"center center","background-size":"auto","background-attachment":"scroll","background-type":"","background-media":"","overlay-type":"","overlay-color":"","overlay-opacity":"","overlay-gradient":""}},"ast-content-background-meta":{"desktop":{"background-color":"var(--ast-global-color-5)","background-image":"","background-repeat":"repeat","background-position":"center center","background-size":"auto","background-attachment":"scroll","background-type":"","background-media":"","overlay-type":"","overlay-color":"","overlay-opacity":"","overlay-gradient":""},"tablet":{"background-color":"var(--ast-global-color-5)","background-image":"","background-repeat":"repeat","background-position":"center center","background-size":"auto","background-attachment":"scroll","background-type":"","background-media":"","overlay-type":"","overlay-color":"","overlay-opacity":"","overlay-gradient":""},"mobile":{"background-color":"var(--ast-global-color-5)","background-image":"","background-repeat":"repeat","background-position":"center center","background-size":"auto","background-attachment":"scroll","background-type":"","background-media":"","overlay-type":"","overlay-color":"","overlay-opacity":"","overlay-gradient":""}}},"product_brand":[],"product_cat":[92,37,32,102],"product_tag":[],"class_list":{"0":"post-46793","1":"product","2":"type-product","3":"status-publish","4":"has-post-thumbnail","6":"product_cat-biblioteka","7":"product_cat-komody","8":"product_cat-meble","9":"product_cat-regaly","10":"product_shipping_class-wysylka-po-uzgodnieniu","11":"desktop-align-left","12":"tablet-align-left","13":"mobile-align-left","14":"ast-product-gallery-layout-vertical-slider","15":"ast-product-tabs-layout-horizontal","16":"ast-qv-on-image","18":"first","19":"instock","20":"sold-individually","21":"shipping-taxable","22":"purchasable","23":"product-type-simple"},"_links":{"self":[{"href":"https:\/\/antart.com.pl\/en\/wp-json\/wp\/v2\/product\/46793","targetHints":{"allow":["GET"]}}],"collection":[{"href":"https:\/\/antart.com.pl\/en\/wp-json\/wp\/v2\/product"}],"about":[{"href":"https:\/\/antart.com.pl\/en\/wp-json\/wp\/v2\/types\/product"}],"wp:featuredmedia":[{"embeddable":true,"href":"https:\/\/antart.com.pl\/en\/wp-json\/wp\/v2\/media\/46795"}],"wp:attachment":[{"href":"https:\/\/antart.com.pl\/en\/wp-json\/wp\/v2\/media?parent=46793"}],"wp:term":[{"taxonomy":"product_brand","embeddable":true,"href":"https:\/\/antart.com.pl\/en\/wp-json\/wp\/v2\/product_brand?post=46793"},{"taxonomy":"product_cat","embeddable":true,"href":"https:\/\/antart.com.pl\/en\/wp-json\/wp\/v2\/product_cat?post=46793"},{"taxonomy":"product_tag","embeddable":true,"href":"https:\/\/antart.com.pl\/en\/wp-json\/wp\/v2\/product_tag?post=46793"}],"curies":[{"name":"wp","href":"https:\/\/api.w.org\/{rel}","templated":true}]}}